{"id":3690,"date":"2026-04-09T17:57:07","date_gmt":"2026-04-09T10:57:07","guid":{"rendered":"https:\/\/anphatvn.com.vn\/san-pham\/dau-noi-nhanh-sang-a-one-touch-fitting-gpc0602\/"},"modified":"2026-04-10T06:32:45","modified_gmt":"2026-04-09T23:32:45","slug":"dau-noi-nhanh-sang-a-one-touch-fitting-gpc0602","status":"publish","type":"product","link":"https:\/\/anphatvn.com.vn\/en\/product\/dau-noi-nhanh-sang-a-one-touch-fitting-gpc0602\/","title":{"rendered":"\u0110\u1ea7u N\u1ed1i Nhanh Sang-A One Touch Fitting GPC0602"},"content":{"rendered":"<p>T\u00ean s\u1ea3n ph\u1ea9m: \u0110\u1ea7u N\u1ed1i Nhanh Sang-A GPC0602 One Touch Fitting<\/p>\n<p>* \u0110\u1eb7c \u0111i\u1ec3m:<br \/>\n&#8211; \u0110\u1ea7u n\u1ed1i nhanh Sang A \u0111\u01b0\u1ee3c thi\u1ebft k\u1ebf \u0111\u1ec3 thu\u1eadn ti\u1ec7n cho vi\u1ec7c l\u1eafp \u0111\u1eb7t h\u1ec7 th\u1ed1ng \u1ed1ng kh\u00ed n\u00e9n. V\u1edbi k\u1ebft c\u1ea5u \u0111\u1ea7u b\u00f3p h\u00ecnh elip l\u00e0 m\u1ed9t s\u00e1ng t\u1ea1o m\u1edbi r\u1ea5t thu\u1eadn ti\u1ec7n cho nh\u1eefng kh\u00f4ng gian h\u1eb9p.<br \/>\n&#8211; Ki\u1ec3u \u0111\u1ea7u b\u00f3p h\u00ecnh elip c\u00f2n gi\u00fap cho vi\u1ec7c th\u00e1o l\u1eafp \u1ed1ng r\u1ea5t d\u1ec5 d\u00e0ng m\u00e0 kh\u00f4ng ph\u1ee5 thu\u1ed9c nhi\u1ec1u v\u00e0o \u00e1p su\u1ea5t.<br \/>\n&#8211; Ch\u1ea5t li\u1ec7u \u0111\u1ed3ng m\u1ea1 niken r\u1ea5t b\u1ec1n v\u1edbi \u0111i\u1ec1u ki\u1ec7n kh\u00ed h\u1eadu kh\u1eafc nghi\u1ec7t t\u1ea1i Vi\u1ec7t Nam.<br \/>\n&#8211; S\u00e1ng t\u1ea1o m\u1edbi: \u0111\u1ea7u ren ph\u1ee7 l\u1edbp keo l\u00e0m k\u00edn n\u00ean ti\u1ebft ki\u1ec7m th\u1eddi gian m\u00e0 v\u1eabn \u0111\u1ea1t hi\u1ec7u qu\u1ea3 cao.<\/p>\n<p>* K\u00edch th\u01b0\u1edbc:<br \/>\n&#8211; Lo\u1ea1i n\u1ed1i th\u1eb3ng<br \/>\n&#8211; \u0110\u01b0\u1eddng k\u00ednh: 6mm<br \/>\n&#8211; Ren 13<\/p>\n<p>* Cam k\u1ebft c\u1ee7a ch\u00fang t\u00f4i<br \/>\n&#8211; Cam k\u1ebft b\u00e1n h\u00e0ng ch\u00ednh h\u00e3ng UY T\u00cdN &#8211; CH\u1ea4T L\u01af\u1ee2NG<br \/>\n&#8211; S\u1ea3n ph\u1ea9m \u0111\u1ec1u gi\u1ed1ng h\u00ecnh v\u00e0 l\u00e0 \u1ea3nh th\u1eadt do shop t\u1ef1 ch\u1ee5p<br \/>\n&#8211; H\u00e0ng \u0111\u01b0\u1ee3c \u0111\u00f3ng g\u00f3i c\u1ea9n th\u1eadn, ch\u1eafc ch\u1eafn.<br \/>\n&#8211; Shop nh\u1eadn \u0111\u1ed5i tr\u1ea3 khi ph\u00e1t hi\u1ec7n l\u1ed7i do nh\u00e0 s\u1ea3n xu\u1ea5t k\u00e8m video quay l\u1ea1i qu\u00e1 tr\u00ecnh khui h\u00e0ng. (L\u01b0u \u00fd)<\/p>\n<p>* L\u01b0u \u00fd: Kh\u00e1ch h\u00e0ng vui l\u00f2ng xem k\u1ef9 ph\u00e2n lo\u1ea1i tr\u01b0\u1edbc khi \u0111\u1eb7t h\u00e0ng.<\/p>","protected":false},"excerpt":{"rendered":"<p>T\u00ean s\u1ea3n ph\u1ea9m: \u0110\u1ea7u N\u1ed1i Nhanh Sang-A GPC0602 One Touch Fitting * \u0110\u1eb7c \u0111i\u1ec3m: &#8211; \u0110\u1ea7u n\u1ed1i nhanh Sang A \u0111\u01b0\u1ee3c thi\u1ebft k\u1ebf \u0111\u1ec3 thu\u1eadn ti\u1ec7n cho vi\u1ec7c l\u1eafp \u0111\u1eb7t h\u1ec7 th\u1ed1ng \u1ed1ng kh\u00ed n\u00e9n. V\u1edbi k\u1ebft c\u1ea5u \u0111\u1ea7u b\u00f3p h\u00ecnh elip l\u00e0 m\u1ed9t s\u00e1ng t\u1ea1o m\u1edbi r\u1ea5t thu\u1eadn ti\u1ec7n cho nh\u1eefng kh\u00f4ng gian h\u1eb9p. [&hellip;]<\/p>","protected":false},"featured_media":3719,"comment_status":"open","ping_status":"closed","template":"","meta":[],"product_brand":[151],"product_cat":[96,98],"product_tag":[],"class_list":{"0":"post-3690","1":"product","2":"type-product","3":"status-publish","4":"has-post-thumbnail","6":"product_brand-sang-a","7":"product_cat-vat-tu-tieu-hao","8":"product_cat-van-cut-khi-nen","10":"first","11":"instock","12":"taxable","13":"shipping-taxable","14":"purchasable","15":"product-type-simple"},"acf":[],"ct_brands":[{"id":151,"name":"SANG-A","slug":"sang-a"}],"yoast_head":"<!-- This site is optimized with the Yoast SEO Premium plugin v25.6 (Yoast SEO v25.6) - https:\/\/yoast.com\/wordpress\/plugins\/seo\/ -->\n<title>\u0110\u1ea7u N\u1ed1i Nhanh Sang-A One Touch Fitting GPC0602 - An Ph\u00e1t<\/title>\n<meta name=\"robots\" content=\"index, follow, max-snippet:-1, max-image-preview:large, max-video-preview:-1\" \/>\n<link rel=\"canonical\" href=\"https:\/\/anphatvn.com.vn\/en\/product\/dau-noi-nhanh-sang-a-one-touch-fitting-gpc0602\/\" \/>\n<meta property=\"og:locale\" content=\"en_US\" \/>\n<meta property=\"og:type\" content=\"article\" \/>\n<meta property=\"og:title\" content=\"\u0110\u1ea7u N\u1ed1i Nhanh Sang-A One Touch Fitting GPC0602\" \/>\n<meta property=\"og:description\" content=\"T\u00ean s\u1ea3n ph\u1ea9m: \u0110\u1ea7u N\u1ed1i Nhanh Sang-A GPC0602 One Touch Fitting * \u0110\u1eb7c \u0111i\u1ec3m: &#8211; \u0110\u1ea7u n\u1ed1i nhanh Sang A \u0111\u01b0\u1ee3c thi\u1ebft k\u1ebf \u0111\u1ec3 thu\u1eadn ti\u1ec7n cho vi\u1ec7c l\u1eafp \u0111\u1eb7t h\u1ec7 th\u1ed1ng \u1ed1ng kh\u00ed n\u00e9n. V\u1edbi k\u1ebft c\u1ea5u \u0111\u1ea7u b\u00f3p h\u00ecnh elip l\u00e0 m\u1ed9t s\u00e1ng t\u1ea1o m\u1edbi r\u1ea5t thu\u1eadn ti\u1ec7n cho nh\u1eefng kh\u00f4ng gian h\u1eb9p. [&hellip;]\" \/>\n<meta property=\"og:url\" content=\"https:\/\/anphatvn.com.vn\/en\/product\/dau-noi-nhanh-sang-a-one-touch-fitting-gpc0602\/\" \/>\n<meta property=\"og:site_name\" content=\"An Ph\u00e1t\" \/>\n<meta property=\"article:modified_time\" content=\"2026-04-09T23:32:45+00:00\" \/>\n<meta property=\"og:image\" content=\"https:\/\/anphatvn.com.vn\/wp-content\/uploads\/2026\/04\/60843-sanga-gpc.jpg\" \/>\n\t<meta property=\"og:image:width\" content=\"1000\" \/>\n\t<meta property=\"og:image:height\" content=\"1000\" \/>\n\t<meta property=\"og:image:type\" content=\"image\/jpeg\" \/>\n<meta name=\"twitter:card\" content=\"summary_large_image\" \/>\n<meta name=\"twitter:label1\" content=\"Est. reading time\" \/>\n\t<meta name=\"twitter:data1\" content=\"2 minutes\" \/>\n<script type=\"application\/ld+json\" class=\"yoast-schema-graph\">{\"@context\":\"https:\/\/schema.org\",\"@graph\":[{\"@type\":\"WebPage\",\"@id\":\"https:\/\/anphatvn.com.vn\/san-pham\/dau-noi-nhanh-sang-a-one-touch-fitting-gpc0602\/\",\"url\":\"https:\/\/anphatvn.com.vn\/san-pham\/dau-noi-nhanh-sang-a-one-touch-fitting-gpc0602\/\",\"name\":\"\u0110\u1ea7u N\u1ed1i Nhanh Sang-A One Touch Fitting GPC0602 - An Ph\u00e1t\",\"isPartOf\":{\"@id\":\"https:\/\/anphatvn.com.vn\/#website\"},\"primaryImageOfPage\":{\"@id\":\"https:\/\/anphatvn.com.vn\/san-pham\/dau-noi-nhanh-sang-a-one-touch-fitting-gpc0602\/#primaryimage\"},\"image\":{\"@id\":\"https:\/\/anphatvn.com.vn\/san-pham\/dau-noi-nhanh-sang-a-one-touch-fitting-gpc0602\/#primaryimage\"},\"thumbnailUrl\":\"https:\/\/anphatvn.com.vn\/wp-content\/uploads\/2026\/04\/60843-sanga-gpc.jpg\",\"datePublished\":\"2026-04-09T10:57:07+00:00\",\"dateModified\":\"2026-04-09T23:32:45+00:00\",\"breadcrumb\":{\"@id\":\"https:\/\/anphatvn.com.vn\/san-pham\/dau-noi-nhanh-sang-a-one-touch-fitting-gpc0602\/#breadcrumb\"},\"inLanguage\":\"en-US\",\"potentialAction\":[{\"@type\":\"ReadAction\",\"target\":[\"https:\/\/anphatvn.com.vn\/san-pham\/dau-noi-nhanh-sang-a-one-touch-fitting-gpc0602\/\"]}]},{\"@type\":\"ImageObject\",\"inLanguage\":\"en-US\",\"@id\":\"https:\/\/anphatvn.com.vn\/san-pham\/dau-noi-nhanh-sang-a-one-touch-fitting-gpc0602\/#primaryimage\",\"url\":\"https:\/\/anphatvn.com.vn\/wp-content\/uploads\/2026\/04\/60843-sanga-gpc.jpg\",\"contentUrl\":\"https:\/\/anphatvn.com.vn\/wp-content\/uploads\/2026\/04\/60843-sanga-gpc.jpg\",\"width\":1000,\"height\":1000,\"caption\":\"GPC0801\"},{\"@type\":\"BreadcrumbList\",\"@id\":\"https:\/\/anphatvn.com.vn\/san-pham\/dau-noi-nhanh-sang-a-one-touch-fitting-gpc0602\/#breadcrumb\",\"itemListElement\":[{\"@type\":\"ListItem\",\"position\":1,\"name\":\"Trang ch\u1ee7\",\"item\":\"https:\/\/anphatvn.com.vn\/\"},{\"@type\":\"ListItem\",\"position\":2,\"name\":\"S\u1ea3n ph\u1ea9m\",\"item\":\"https:\/\/anphatvn.com.vn\/san-pham\/\"},{\"@type\":\"ListItem\",\"position\":3,\"name\":\"\u0110\u1ea7u N\u1ed1i Nhanh Sang-A One Touch Fitting GPC0602\"}]},{\"@type\":\"WebSite\",\"@id\":\"https:\/\/anphatvn.com.vn\/#website\",\"url\":\"https:\/\/anphatvn.com.vn\/\",\"name\":\"An Ph\u00e1t\",\"description\":\"\",\"publisher\":{\"@id\":\"https:\/\/anphatvn.com.vn\/#organization\"},\"potentialAction\":[{\"@type\":\"SearchAction\",\"target\":{\"@type\":\"EntryPoint\",\"urlTemplate\":\"https:\/\/anphatvn.com.vn\/?s={search_term_string}\"},\"query-input\":{\"@type\":\"PropertyValueSpecification\",\"valueRequired\":true,\"valueName\":\"search_term_string\"}}],\"inLanguage\":\"en-US\"},{\"@type\":\"Organization\",\"@id\":\"https:\/\/anphatvn.com.vn\/#organization\",\"name\":\"An Ph\u00e1t\",\"url\":\"https:\/\/anphatvn.com.vn\/\",\"logo\":{\"@type\":\"ImageObject\",\"inLanguage\":\"en-US\",\"@id\":\"https:\/\/anphatvn.com.vn\/#\/schema\/logo\/image\/\",\"url\":\"https:\/\/anphatvn.com.vn\/wp-content\/uploads\/2025\/12\/an-phat-logo.png\",\"contentUrl\":\"https:\/\/anphatvn.com.vn\/wp-content\/uploads\/2025\/12\/an-phat-logo.png\",\"width\":74,\"height\":68,\"caption\":\"An Ph\u00e1t\"},\"image\":{\"@id\":\"https:\/\/anphatvn.com.vn\/#\/schema\/logo\/image\/\"}}]}<\/script>\n<!-- \/ Yoast SEO Premium plugin. -->","yoast_head_json":{"title":"\u0110\u1ea7u N\u1ed1i Nhanh Sang-A One Touch Fitting GPC0602 - An Ph\u00e1t","robots":{"index":"index","follow":"follow","max-snippet":"max-snippet:-1","max-image-preview":"max-image-preview:large","max-video-preview":"max-video-preview:-1"},"canonical":"https:\/\/anphatvn.com.vn\/en\/product\/dau-noi-nhanh-sang-a-one-touch-fitting-gpc0602\/","og_locale":"en_US","og_type":"article","og_title":"\u0110\u1ea7u N\u1ed1i Nhanh Sang-A One Touch Fitting GPC0602","og_description":"T\u00ean s\u1ea3n ph\u1ea9m: \u0110\u1ea7u N\u1ed1i Nhanh Sang-A GPC0602 One Touch Fitting * \u0110\u1eb7c \u0111i\u1ec3m: &#8211; \u0110\u1ea7u n\u1ed1i nhanh Sang A \u0111\u01b0\u1ee3c thi\u1ebft k\u1ebf \u0111\u1ec3 thu\u1eadn ti\u1ec7n cho vi\u1ec7c l\u1eafp \u0111\u1eb7t h\u1ec7 th\u1ed1ng \u1ed1ng kh\u00ed n\u00e9n. V\u1edbi k\u1ebft c\u1ea5u \u0111\u1ea7u b\u00f3p h\u00ecnh elip l\u00e0 m\u1ed9t s\u00e1ng t\u1ea1o m\u1edbi r\u1ea5t thu\u1eadn ti\u1ec7n cho nh\u1eefng kh\u00f4ng gian h\u1eb9p. [&hellip;]","og_url":"https:\/\/anphatvn.com.vn\/en\/product\/dau-noi-nhanh-sang-a-one-touch-fitting-gpc0602\/","og_site_name":"An Ph\u00e1t","article_modified_time":"2026-04-09T23:32:45+00:00","og_image":[{"width":1000,"height":1000,"url":"https:\/\/anphatvn.com.vn\/wp-content\/uploads\/2026\/04\/60843-sanga-gpc.jpg","type":"image\/jpeg"}],"twitter_card":"summary_large_image","twitter_misc":{"Est. reading time":"2 minutes"},"schema":{"@context":"https:\/\/schema.org","@graph":[{"@type":"WebPage","@id":"https:\/\/anphatvn.com.vn\/san-pham\/dau-noi-nhanh-sang-a-one-touch-fitting-gpc0602\/","url":"https:\/\/anphatvn.com.vn\/san-pham\/dau-noi-nhanh-sang-a-one-touch-fitting-gpc0602\/","name":"\u0110\u1ea7u N\u1ed1i Nhanh Sang-A One Touch Fitting GPC0602 - An Ph\u00e1t","isPartOf":{"@id":"https:\/\/anphatvn.com.vn\/#website"},"primaryImageOfPage":{"@id":"https:\/\/anphatvn.com.vn\/san-pham\/dau-noi-nhanh-sang-a-one-touch-fitting-gpc0602\/#primaryimage"},"image":{"@id":"https:\/\/anphatvn.com.vn\/san-pham\/dau-noi-nhanh-sang-a-one-touch-fitting-gpc0602\/#primaryimage"},"thumbnailUrl":"https:\/\/anphatvn.com.vn\/wp-content\/uploads\/2026\/04\/60843-sanga-gpc.jpg","datePublished":"2026-04-09T10:57:07+00:00","dateModified":"2026-04-09T23:32:45+00:00","breadcrumb":{"@id":"https:\/\/anphatvn.com.vn\/san-pham\/dau-noi-nhanh-sang-a-one-touch-fitting-gpc0602\/#breadcrumb"},"inLanguage":"en-US","potentialAction":[{"@type":"ReadAction","target":["https:\/\/anphatvn.com.vn\/san-pham\/dau-noi-nhanh-sang-a-one-touch-fitting-gpc0602\/"]}]},{"@type":"ImageObject","inLanguage":"en-US","@id":"https:\/\/anphatvn.com.vn\/san-pham\/dau-noi-nhanh-sang-a-one-touch-fitting-gpc0602\/#primaryimage","url":"https:\/\/anphatvn.com.vn\/wp-content\/uploads\/2026\/04\/60843-sanga-gpc.jpg","contentUrl":"https:\/\/anphatvn.com.vn\/wp-content\/uploads\/2026\/04\/60843-sanga-gpc.jpg","width":1000,"height":1000,"caption":"GPC0801"},{"@type":"BreadcrumbList","@id":"https:\/\/anphatvn.com.vn\/san-pham\/dau-noi-nhanh-sang-a-one-touch-fitting-gpc0602\/#breadcrumb","itemListElement":[{"@type":"ListItem","position":1,"name":"Trang ch\u1ee7","item":"https:\/\/anphatvn.com.vn\/"},{"@type":"ListItem","position":2,"name":"S\u1ea3n ph\u1ea9m","item":"https:\/\/anphatvn.com.vn\/san-pham\/"},{"@type":"ListItem","position":3,"name":"\u0110\u1ea7u N\u1ed1i Nhanh Sang-A One Touch Fitting GPC0602"}]},{"@type":"WebSite","@id":"https:\/\/anphatvn.com.vn\/#website","url":"https:\/\/anphatvn.com.vn\/","name":"An Ph\u00e1t","description":"","publisher":{"@id":"https:\/\/anphatvn.com.vn\/#organization"},"potentialAction":[{"@type":"SearchAction","target":{"@type":"EntryPoint","urlTemplate":"https:\/\/anphatvn.com.vn\/?s={search_term_string}"},"query-input":{"@type":"PropertyValueSpecification","valueRequired":true,"valueName":"search_term_string"}}],"inLanguage":"en-US"},{"@type":"Organization","@id":"https:\/\/anphatvn.com.vn\/#organization","name":"An Ph\u00e1t","url":"https:\/\/anphatvn.com.vn\/","logo":{"@type":"ImageObject","inLanguage":"en-US","@id":"https:\/\/anphatvn.com.vn\/#\/schema\/logo\/image\/","url":"https:\/\/anphatvn.com.vn\/wp-content\/uploads\/2025\/12\/an-phat-logo.png","contentUrl":"https:\/\/anphatvn.com.vn\/wp-content\/uploads\/2025\/12\/an-phat-logo.png","width":74,"height":68,"caption":"An Ph\u00e1t"},"image":{"@id":"https:\/\/anphatvn.com.vn\/#\/schema\/logo\/image\/"}}]}},"_links":{"self":[{"href":"https:\/\/anphatvn.com.vn\/en\/wp-json\/wp\/v2\/product\/3690","targetHints":{"allow":["GET"]}}],"collection":[{"href":"https:\/\/anphatvn.com.vn\/en\/wp-json\/wp\/v2\/product"}],"about":[{"href":"https:\/\/anphatvn.com.vn\/en\/wp-json\/wp\/v2\/types\/product"}],"replies":[{"embeddable":true,"href":"https:\/\/anphatvn.com.vn\/en\/wp-json\/wp\/v2\/comments?post=3690"}],"wp:featuredmedia":[{"embeddable":true,"href":"https:\/\/anphatvn.com.vn\/en\/wp-json\/wp\/v2\/media\/3719"}],"wp:attachment":[{"href":"https:\/\/anphatvn.com.vn\/en\/wp-json\/wp\/v2\/media?parent=3690"}],"wp:term":[{"taxonomy":"product_brand","embeddable":true,"href":"https:\/\/anphatvn.com.vn\/en\/wp-json\/wp\/v2\/product_brand?post=3690"},{"taxonomy":"product_cat","embeddable":true,"href":"https:\/\/anphatvn.com.vn\/en\/wp-json\/wp\/v2\/product_cat?post=3690"},{"taxonomy":"product_tag","embeddable":true,"href":"https:\/\/anphatvn.com.vn\/en\/wp-json\/wp\/v2\/product_tag?post=3690"}],"curies":[{"name":"wp","href":"https:\/\/api.w.org\/{rel}","templated":true}]}}