{"id":3667,"date":"2026-04-09T17:56:43","date_gmt":"2026-04-09T10:56:43","guid":{"rendered":"https:\/\/anphatvn.com.vn\/san-pham\/dau-noi-nhanh-khi-nen-nitto-20pm-bang-thep-khong-gi\/"},"modified":"2026-04-10T08:38:26","modified_gmt":"2026-04-10T01:38:26","slug":"dau-noi-nhanh-khi-nen-nitto-20pm-bang-thep-khong-gi","status":"publish","type":"product","link":"https:\/\/anphatvn.com.vn\/en\/product\/dau-noi-nhanh-khi-nen-nitto-20pm-bang-thep-khong-gi\/","title":{"rendered":"\u0110\u1ea7u N\u1ed1i Nhanh Kh\u00ed N\u00e9n NITTO 20PM B\u1eb1ng Th\u00e9p Kh\u00f4ng G\u1ec9"},"content":{"rendered":"<p>T\u00ean s\u1ea3n ph\u1ea9m: \u0110\u1ea7u N\u1ed1i Nhanh \u1ed0ng D\u1eabn Kh\u00ed N\u00e9n NITTO 20PM B\u1eb1ng Th\u00e9p Kh\u00f4ng G\u1ec9<\/p>\n<p>* M\u00f4 t\u1ea3 s\u1ea3n ph\u1ea9m: .<br \/>\n&#8211; Nguy\u00ean li\u1ec7u ch\u1ebf t\u1ea1o cao c\u1ea5p, kh\u00f4ng b\u1ecb bi\u1ebfn d\u1ea1ng, tr\u00f3c l\u1edbp m\u1ea1 khi va \u0111\u1eadp<br \/>\n&#8211; S\u1ea3n xu\u1ea5t theo ti\u00eau chu\u1ea9n Nh\u1eadt B\u1ea3n.<br \/>\n&#8211; \u0110\u1ed9 b\u1ec1n cao, s\u1eed d\u1ee5ng \u1ed5n \u0111\u1ecbnh v\u1edbi kh\u1ea3 n\u0103ng \u0111\u00f3ng m\u1edf tr\u00ean 100,000 l\u1ea7n kh\u00f4ng g\u00e2y r\u00f2 r\u1ec9.<br \/>\n&#8211; C\u00e1c b\u1ed9 ph\u1eadn quan tr\u1ecdng \u0111\u01b0\u1ee3c x\u1eed l\u00fd nhi\u1ec7t \u0111\u1ec3 t\u0103ng \u0111\u1ed9 b\u1ec1n v\u00e0 kh\u1ea3 n\u0103ng ch\u1ed1ng m\u00e0i m\u00f2n.<br \/>\n&#8211; C\u00f3 nhi\u1ec1u lo\u1ea1i v\u1eadt li\u1ec7u ch\u1ebf t\u1ea1o, k\u00edch c\u1ee1 v\u00e0 h\u00ecnh d\u1ea1ng kh\u00e1c nhau \u0111\u1ec3 \u0111\u00e1p \u1ee9ng c\u00e1c nhu c\u1ea7u s\u1eed d\u1ee5ng kh\u00e1c nhau<br \/>\n&#8211; Thao t\u00e1c \u0111\u01a1n gi\u1ea3n, d\u1ec5 d\u00e0ng th\u00e1o l\u1eafp<br \/>\n&#8211; 20PM: \u0110\u1ea7u \u0111\u1ef1c ren ngo\u00e0i<br \/>\n&#8211; D\u00f9ng cho d\u00e2y phi 8<\/p>\n<p>* Cam k\u1ebft c\u1ee7a ch\u00fang t\u00f4i<br \/>\n&#8211; Cam k\u1ebft b\u00e1n h\u00e0ng ch\u00ednh h\u00e3ng UY T\u00cdN &#8211; CH\u1ea4T L\u01af\u1ee2NG<br \/>\n&#8211; S\u1ea3n ph\u1ea9m \u0111\u1ec1u gi\u1ed1ng h\u00ecnh v\u00e0 l\u00e0 \u1ea3nh th\u1eadt do shop t\u1ef1 ch\u1ee5p<br \/>\n&#8211; H\u00e0ng \u0111\u01b0\u1ee3c \u0111\u00f3ng g\u00f3i c\u1ea9n th\u1eadn, ch\u1eafc ch\u1eafn.<br \/>\n&#8211; Shop nh\u1eadn \u0111\u1ed5i tr\u1ea3 khi ph\u00e1t hi\u1ec7n l\u1ed7i do nh\u00e0 s\u1ea3n xu\u1ea5t k\u00e8m video quay l\u1ea1i qu\u00e1 tr\u00ecnh khui h\u00e0ng. (L\u01b0u \u00fd)<\/p>\n<p>* L\u01b0u \u00fd: Kh\u00e1ch h\u00e0ng vui l\u00f2ng xem k\u1ef9 ph\u00e2n lo\u1ea1i tr\u01b0\u1edbc khi \u0111\u1eb7t h\u00e0ng.<\/p>","protected":false},"excerpt":{"rendered":"<p>T\u00ean s\u1ea3n ph\u1ea9m: \u0110\u1ea7u N\u1ed1i Nhanh \u1ed0ng D\u1eabn Kh\u00ed N\u00e9n NITTO 20PM B\u1eb1ng Th\u00e9p Kh\u00f4ng G\u1ec9 * M\u00f4 t\u1ea3 s\u1ea3n ph\u1ea9m: . &#8211; Nguy\u00ean li\u1ec7u ch\u1ebf t\u1ea1o cao c\u1ea5p, kh\u00f4ng b\u1ecb bi\u1ebfn d\u1ea1ng, tr\u00f3c l\u1edbp m\u1ea1 khi va \u0111\u1eadp &#8211; S\u1ea3n xu\u1ea5t theo ti\u00eau chu\u1ea9n Nh\u1eadt B\u1ea3n. &#8211; \u0110\u1ed9 b\u1ec1n cao, s\u1eed d\u1ee5ng \u1ed5n \u0111\u1ecbnh [&hellip;]<\/p>","protected":false},"featured_media":3772,"comment_status":"open","ping_status":"closed","template":"","meta":[],"product_brand":[150],"product_cat":[96,98],"product_tag":[],"class_list":{"0":"post-3667","1":"product","2":"type-product","3":"status-publish","4":"has-post-thumbnail","6":"product_brand-nitto","7":"product_cat-vat-tu-tieu-hao","8":"product_cat-van-cut-khi-nen","10":"first","11":"instock","12":"taxable","13":"shipping-taxable","14":"purchasable","15":"product-type-simple"},"acf":[],"ct_brands":[{"id":150,"name":"NITTO","slug":"nitto"}],"yoast_head":"<!-- This site is optimized with the Yoast SEO Premium plugin v25.6 (Yoast SEO v25.6) - https:\/\/yoast.com\/wordpress\/plugins\/seo\/ -->\n<title>\u0110\u1ea7u N\u1ed1i Nhanh Kh\u00ed N\u00e9n NITTO 20PM B\u1eb1ng Th\u00e9p Kh\u00f4ng G\u1ec9 - An Ph\u00e1t<\/title>\n<meta name=\"robots\" content=\"index, follow, max-snippet:-1, max-image-preview:large, max-video-preview:-1\" \/>\n<link rel=\"canonical\" href=\"https:\/\/anphatvn.com.vn\/en\/product\/dau-noi-nhanh-khi-nen-nitto-20pm-bang-thep-khong-gi\/\" \/>\n<meta property=\"og:locale\" content=\"en_US\" \/>\n<meta property=\"og:type\" content=\"article\" \/>\n<meta property=\"og:title\" content=\"\u0110\u1ea7u N\u1ed1i Nhanh Kh\u00ed N\u00e9n NITTO 20PM B\u1eb1ng Th\u00e9p Kh\u00f4ng G\u1ec9\" \/>\n<meta property=\"og:description\" content=\"T\u00ean s\u1ea3n ph\u1ea9m: \u0110\u1ea7u N\u1ed1i Nhanh \u1ed0ng D\u1eabn Kh\u00ed N\u00e9n NITTO 20PM B\u1eb1ng Th\u00e9p Kh\u00f4ng G\u1ec9 * M\u00f4 t\u1ea3 s\u1ea3n ph\u1ea9m: . &#8211; Nguy\u00ean li\u1ec7u ch\u1ebf t\u1ea1o cao c\u1ea5p, kh\u00f4ng b\u1ecb bi\u1ebfn d\u1ea1ng, tr\u00f3c l\u1edbp m\u1ea1 khi va \u0111\u1eadp &#8211; S\u1ea3n xu\u1ea5t theo ti\u00eau chu\u1ea9n Nh\u1eadt B\u1ea3n. &#8211; \u0110\u1ed9 b\u1ec1n cao, s\u1eed d\u1ee5ng \u1ed5n \u0111\u1ecbnh [&hellip;]\" \/>\n<meta property=\"og:url\" content=\"https:\/\/anphatvn.com.vn\/en\/product\/dau-noi-nhanh-khi-nen-nitto-20pm-bang-thep-khong-gi\/\" \/>\n<meta property=\"og:site_name\" content=\"An Ph\u00e1t\" \/>\n<meta property=\"article:modified_time\" content=\"2026-04-10T01:38:26+00:00\" \/>\n<meta property=\"og:image\" content=\"https:\/\/anphatvn.com.vn\/wp-content\/uploads\/2026\/04\/SP14265-NITTO-20PM-3.jpg\" \/>\n\t<meta property=\"og:image:width\" content=\"1200\" \/>\n\t<meta property=\"og:image:height\" content=\"1200\" \/>\n\t<meta property=\"og:image:type\" content=\"image\/jpeg\" \/>\n<meta name=\"twitter:card\" content=\"summary_large_image\" \/>\n<meta name=\"twitter:label1\" content=\"Est. reading time\" \/>\n\t<meta name=\"twitter:data1\" content=\"2 minutes\" \/>\n<script type=\"application\/ld+json\" class=\"yoast-schema-graph\">{\"@context\":\"https:\/\/schema.org\",\"@graph\":[{\"@type\":\"WebPage\",\"@id\":\"https:\/\/anphatvn.com.vn\/san-pham\/dau-noi-nhanh-khi-nen-nitto-20pm-bang-thep-khong-gi\/\",\"url\":\"https:\/\/anphatvn.com.vn\/san-pham\/dau-noi-nhanh-khi-nen-nitto-20pm-bang-thep-khong-gi\/\",\"name\":\"\u0110\u1ea7u N\u1ed1i Nhanh Kh\u00ed N\u00e9n NITTO 20PM B\u1eb1ng Th\u00e9p Kh\u00f4ng G\u1ec9 - An Ph\u00e1t\",\"isPartOf\":{\"@id\":\"https:\/\/anphatvn.com.vn\/#website\"},\"primaryImageOfPage\":{\"@id\":\"https:\/\/anphatvn.com.vn\/san-pham\/dau-noi-nhanh-khi-nen-nitto-20pm-bang-thep-khong-gi\/#primaryimage\"},\"image\":{\"@id\":\"https:\/\/anphatvn.com.vn\/san-pham\/dau-noi-nhanh-khi-nen-nitto-20pm-bang-thep-khong-gi\/#primaryimage\"},\"thumbnailUrl\":\"https:\/\/anphatvn.com.vn\/wp-content\/uploads\/2026\/04\/SP14265-NITTO-20PM-3.jpg\",\"datePublished\":\"2026-04-09T10:56:43+00:00\",\"dateModified\":\"2026-04-10T01:38:26+00:00\",\"breadcrumb\":{\"@id\":\"https:\/\/anphatvn.com.vn\/san-pham\/dau-noi-nhanh-khi-nen-nitto-20pm-bang-thep-khong-gi\/#breadcrumb\"},\"inLanguage\":\"en-US\",\"potentialAction\":[{\"@type\":\"ReadAction\",\"target\":[\"https:\/\/anphatvn.com.vn\/san-pham\/dau-noi-nhanh-khi-nen-nitto-20pm-bang-thep-khong-gi\/\"]}]},{\"@type\":\"ImageObject\",\"inLanguage\":\"en-US\",\"@id\":\"https:\/\/anphatvn.com.vn\/san-pham\/dau-noi-nhanh-khi-nen-nitto-20pm-bang-thep-khong-gi\/#primaryimage\",\"url\":\"https:\/\/anphatvn.com.vn\/wp-content\/uploads\/2026\/04\/SP14265-NITTO-20PM-3.jpg\",\"contentUrl\":\"https:\/\/anphatvn.com.vn\/wp-content\/uploads\/2026\/04\/SP14265-NITTO-20PM-3.jpg\",\"width\":1200,\"height\":1200,\"caption\":\"20PM\"},{\"@type\":\"BreadcrumbList\",\"@id\":\"https:\/\/anphatvn.com.vn\/san-pham\/dau-noi-nhanh-khi-nen-nitto-20pm-bang-thep-khong-gi\/#breadcrumb\",\"itemListElement\":[{\"@type\":\"ListItem\",\"position\":1,\"name\":\"Trang ch\u1ee7\",\"item\":\"https:\/\/anphatvn.com.vn\/\"},{\"@type\":\"ListItem\",\"position\":2,\"name\":\"S\u1ea3n ph\u1ea9m\",\"item\":\"https:\/\/anphatvn.com.vn\/san-pham\/\"},{\"@type\":\"ListItem\",\"position\":3,\"name\":\"\u0110\u1ea7u N\u1ed1i Nhanh Kh\u00ed N\u00e9n NITTO 20PM B\u1eb1ng Th\u00e9p Kh\u00f4ng G\u1ec9\"}]},{\"@type\":\"WebSite\",\"@id\":\"https:\/\/anphatvn.com.vn\/#website\",\"url\":\"https:\/\/anphatvn.com.vn\/\",\"name\":\"An Ph\u00e1t\",\"description\":\"\",\"publisher\":{\"@id\":\"https:\/\/anphatvn.com.vn\/#organization\"},\"potentialAction\":[{\"@type\":\"SearchAction\",\"target\":{\"@type\":\"EntryPoint\",\"urlTemplate\":\"https:\/\/anphatvn.com.vn\/?s={search_term_string}\"},\"query-input\":{\"@type\":\"PropertyValueSpecification\",\"valueRequired\":true,\"valueName\":\"search_term_string\"}}],\"inLanguage\":\"en-US\"},{\"@type\":\"Organization\",\"@id\":\"https:\/\/anphatvn.com.vn\/#organization\",\"name\":\"An Ph\u00e1t\",\"url\":\"https:\/\/anphatvn.com.vn\/\",\"logo\":{\"@type\":\"ImageObject\",\"inLanguage\":\"en-US\",\"@id\":\"https:\/\/anphatvn.com.vn\/#\/schema\/logo\/image\/\",\"url\":\"https:\/\/anphatvn.com.vn\/wp-content\/uploads\/2025\/12\/an-phat-logo.png\",\"contentUrl\":\"https:\/\/anphatvn.com.vn\/wp-content\/uploads\/2025\/12\/an-phat-logo.png\",\"width\":74,\"height\":68,\"caption\":\"An Ph\u00e1t\"},\"image\":{\"@id\":\"https:\/\/anphatvn.com.vn\/#\/schema\/logo\/image\/\"}}]}<\/script>\n<!-- \/ Yoast SEO Premium plugin. -->","yoast_head_json":{"title":"\u0110\u1ea7u N\u1ed1i Nhanh Kh\u00ed N\u00e9n NITTO 20PM B\u1eb1ng Th\u00e9p Kh\u00f4ng G\u1ec9 - An Ph\u00e1t","robots":{"index":"index","follow":"follow","max-snippet":"max-snippet:-1","max-image-preview":"max-image-preview:large","max-video-preview":"max-video-preview:-1"},"canonical":"https:\/\/anphatvn.com.vn\/en\/product\/dau-noi-nhanh-khi-nen-nitto-20pm-bang-thep-khong-gi\/","og_locale":"en_US","og_type":"article","og_title":"\u0110\u1ea7u N\u1ed1i Nhanh Kh\u00ed N\u00e9n NITTO 20PM B\u1eb1ng Th\u00e9p Kh\u00f4ng G\u1ec9","og_description":"T\u00ean s\u1ea3n ph\u1ea9m: \u0110\u1ea7u N\u1ed1i Nhanh \u1ed0ng D\u1eabn Kh\u00ed N\u00e9n NITTO 20PM B\u1eb1ng Th\u00e9p Kh\u00f4ng G\u1ec9 * M\u00f4 t\u1ea3 s\u1ea3n ph\u1ea9m: . &#8211; Nguy\u00ean li\u1ec7u ch\u1ebf t\u1ea1o cao c\u1ea5p, kh\u00f4ng b\u1ecb bi\u1ebfn d\u1ea1ng, tr\u00f3c l\u1edbp m\u1ea1 khi va \u0111\u1eadp &#8211; S\u1ea3n xu\u1ea5t theo ti\u00eau chu\u1ea9n Nh\u1eadt B\u1ea3n. &#8211; \u0110\u1ed9 b\u1ec1n cao, s\u1eed d\u1ee5ng \u1ed5n \u0111\u1ecbnh [&hellip;]","og_url":"https:\/\/anphatvn.com.vn\/en\/product\/dau-noi-nhanh-khi-nen-nitto-20pm-bang-thep-khong-gi\/","og_site_name":"An Ph\u00e1t","article_modified_time":"2026-04-10T01:38:26+00:00","og_image":[{"width":1200,"height":1200,"url":"https:\/\/anphatvn.com.vn\/wp-content\/uploads\/2026\/04\/SP14265-NITTO-20PM-3.jpg","type":"image\/jpeg"}],"twitter_card":"summary_large_image","twitter_misc":{"Est. reading time":"2 minutes"},"schema":{"@context":"https:\/\/schema.org","@graph":[{"@type":"WebPage","@id":"https:\/\/anphatvn.com.vn\/san-pham\/dau-noi-nhanh-khi-nen-nitto-20pm-bang-thep-khong-gi\/","url":"https:\/\/anphatvn.com.vn\/san-pham\/dau-noi-nhanh-khi-nen-nitto-20pm-bang-thep-khong-gi\/","name":"\u0110\u1ea7u N\u1ed1i Nhanh Kh\u00ed N\u00e9n NITTO 20PM B\u1eb1ng Th\u00e9p Kh\u00f4ng G\u1ec9 - An Ph\u00e1t","isPartOf":{"@id":"https:\/\/anphatvn.com.vn\/#website"},"primaryImageOfPage":{"@id":"https:\/\/anphatvn.com.vn\/san-pham\/dau-noi-nhanh-khi-nen-nitto-20pm-bang-thep-khong-gi\/#primaryimage"},"image":{"@id":"https:\/\/anphatvn.com.vn\/san-pham\/dau-noi-nhanh-khi-nen-nitto-20pm-bang-thep-khong-gi\/#primaryimage"},"thumbnailUrl":"https:\/\/anphatvn.com.vn\/wp-content\/uploads\/2026\/04\/SP14265-NITTO-20PM-3.jpg","datePublished":"2026-04-09T10:56:43+00:00","dateModified":"2026-04-10T01:38:26+00:00","breadcrumb":{"@id":"https:\/\/anphatvn.com.vn\/san-pham\/dau-noi-nhanh-khi-nen-nitto-20pm-bang-thep-khong-gi\/#breadcrumb"},"inLanguage":"en-US","potentialAction":[{"@type":"ReadAction","target":["https:\/\/anphatvn.com.vn\/san-pham\/dau-noi-nhanh-khi-nen-nitto-20pm-bang-thep-khong-gi\/"]}]},{"@type":"ImageObject","inLanguage":"en-US","@id":"https:\/\/anphatvn.com.vn\/san-pham\/dau-noi-nhanh-khi-nen-nitto-20pm-bang-thep-khong-gi\/#primaryimage","url":"https:\/\/anphatvn.com.vn\/wp-content\/uploads\/2026\/04\/SP14265-NITTO-20PM-3.jpg","contentUrl":"https:\/\/anphatvn.com.vn\/wp-content\/uploads\/2026\/04\/SP14265-NITTO-20PM-3.jpg","width":1200,"height":1200,"caption":"20PM"},{"@type":"BreadcrumbList","@id":"https:\/\/anphatvn.com.vn\/san-pham\/dau-noi-nhanh-khi-nen-nitto-20pm-bang-thep-khong-gi\/#breadcrumb","itemListElement":[{"@type":"ListItem","position":1,"name":"Trang ch\u1ee7","item":"https:\/\/anphatvn.com.vn\/"},{"@type":"ListItem","position":2,"name":"S\u1ea3n ph\u1ea9m","item":"https:\/\/anphatvn.com.vn\/san-pham\/"},{"@type":"ListItem","position":3,"name":"\u0110\u1ea7u N\u1ed1i Nhanh Kh\u00ed N\u00e9n NITTO 20PM B\u1eb1ng Th\u00e9p Kh\u00f4ng G\u1ec9"}]},{"@type":"WebSite","@id":"https:\/\/anphatvn.com.vn\/#website","url":"https:\/\/anphatvn.com.vn\/","name":"An Ph\u00e1t","description":"","publisher":{"@id":"https:\/\/anphatvn.com.vn\/#organization"},"potentialAction":[{"@type":"SearchAction","target":{"@type":"EntryPoint","urlTemplate":"https:\/\/anphatvn.com.vn\/?s={search_term_string}"},"query-input":{"@type":"PropertyValueSpecification","valueRequired":true,"valueName":"search_term_string"}}],"inLanguage":"en-US"},{"@type":"Organization","@id":"https:\/\/anphatvn.com.vn\/#organization","name":"An Ph\u00e1t","url":"https:\/\/anphatvn.com.vn\/","logo":{"@type":"ImageObject","inLanguage":"en-US","@id":"https:\/\/anphatvn.com.vn\/#\/schema\/logo\/image\/","url":"https:\/\/anphatvn.com.vn\/wp-content\/uploads\/2025\/12\/an-phat-logo.png","contentUrl":"https:\/\/anphatvn.com.vn\/wp-content\/uploads\/2025\/12\/an-phat-logo.png","width":74,"height":68,"caption":"An Ph\u00e1t"},"image":{"@id":"https:\/\/anphatvn.com.vn\/#\/schema\/logo\/image\/"}}]}},"_links":{"self":[{"href":"https:\/\/anphatvn.com.vn\/en\/wp-json\/wp\/v2\/product\/3667","targetHints":{"allow":["GET"]}}],"collection":[{"href":"https:\/\/anphatvn.com.vn\/en\/wp-json\/wp\/v2\/product"}],"about":[{"href":"https:\/\/anphatvn.com.vn\/en\/wp-json\/wp\/v2\/types\/product"}],"replies":[{"embeddable":true,"href":"https:\/\/anphatvn.com.vn\/en\/wp-json\/wp\/v2\/comments?post=3667"}],"wp:featuredmedia":[{"embeddable":true,"href":"https:\/\/anphatvn.com.vn\/en\/wp-json\/wp\/v2\/media\/3772"}],"wp:attachment":[{"href":"https:\/\/anphatvn.com.vn\/en\/wp-json\/wp\/v2\/media?parent=3667"}],"wp:term":[{"taxonomy":"product_brand","embeddable":true,"href":"https:\/\/anphatvn.com.vn\/en\/wp-json\/wp\/v2\/product_brand?post=3667"},{"taxonomy":"product_cat","embeddable":true,"href":"https:\/\/anphatvn.com.vn\/en\/wp-json\/wp\/v2\/product_cat?post=3667"},{"taxonomy":"product_tag","embeddable":true,"href":"https:\/\/anphatvn.com.vn\/en\/wp-json\/wp\/v2\/product_tag?post=3667"}],"curies":[{"name":"wp","href":"https:\/\/api.w.org\/{rel}","templated":true}]}}