{"id":3653,"date":"2026-04-09T17:56:27","date_gmt":"2026-04-09T10:56:27","guid":{"rendered":"https:\/\/anphatvn.com.vn\/san-pham\/con-lan-mieng-va-dct42-5-38mmx5mm\/"},"modified":"2026-04-13T09:13:26","modified_gmt":"2026-04-13T02:13:26","slug":"con-lan-mieng-va-dct42-5-38mmx5mm","status":"publish","type":"product","link":"https:\/\/anphatvn.com.vn\/en\/product\/con-lan-mieng-va-dct42-5-38mmx5mm\/","title":{"rendered":"Con L\u0103n Mi\u1ebfng V\u00e1 DCT42-5 38mmx5mm"},"content":{"rendered":"<p>*** \u0110\u1eb7c \u0111i\u1ec3m<br \/>\n&#8211; K\u00edch th\u01b0\u1edbc con l\u0103n mi\u1ebfng v\u00e1 nh\u1ecf g\u1ecdn v\u00e0 tr\u1ecdng l\u01b0\u1ee3ng nh\u1eb9, d\u1ec5 d\u00e0ng mang theo.<br \/>\n&#8211; S\u1eed d\u1ee5ng \u0111\u1ec3 \u0111\u1ea3m b\u1ea3o mi\u1ebfng v\u00e1 d\u00ednh ch\u1eb7t l\u00ean s\u0103m hay l\u1ed1p xe.<br \/>\n&#8211; D\u1ee5ng c\u1ee5 c\u01a1 b\u1ea3n kh\u00f4ng th\u1ec3 thi\u1ebfu trong c\u00e1c ti\u1ec7m v\u00e1 l\u1ed1p xe m\u00e1y v\u00e0 \u00f4 t\u00f4.<br \/>\n*** Th\u00f4ng s\u1ed1 k\u1ef9 thu\u1eadt<br \/>\n&#8211; C\u00e1n tay c\u1ea7m b\u1eb1ng nh\u1ef1a (ho\u1eb7c g\u1ed7), con l\u0103n b\u1eb1ng th\u00e9p h\u1ee3p kim.<br \/>\n&#8211; \u0110\u1ed9 d\u00e0i: 185mm<br \/>\n&#8211; C\u00e2n n\u1eb7ng: 120g<br \/>\n&#8211; \u0110\u01b0\u1eddng k\u00ednh con l\u0103n: 38mm<br \/>\n&#8211; \u0110\u1ed9 d\u00e0y con l\u0103n: 5mm<br \/>\n&#8211; Chuy\u00ean d\u1ee5ng l\u0103n mi\u1ebfng v\u00e1 s\u0103m l\u1ed1p sau khi v\u00e1.<br \/>\n*** L\u01b0u \u00fd:<\/p>\n<p>1. Do ch\u00eanh l\u1ec7ch \u00e1nh s\u00e1ng v\u00e0 m\u00e0n h\u00ecnh, m\u00e0u s\u1eafc c\u1ee7a v\u1eadt ph\u1ea9m c\u00f3 th\u1ec3 h\u01a1i kh\u00e1c so v\u1edbi h\u00ecnh \u1ea3nh.<\/p>\n<p>2. Vui l\u00f2ng cho ph\u00e9p \u0111\u1ed9 l\u1ec7ch nh\u1eb9 cho d\u1eef li\u1ec7u \u0111o v\u00e0 \u0111\u1ea3m b\u1ea3o b\u1ea1n kh\u00f4ng phi\u1ec1n tr\u01b0\u1edbc khi \u0111\u1eb7t h\u00e0ng.<\/p>","protected":false},"excerpt":{"rendered":"<p>*** \u0110\u1eb7c \u0111i\u1ec3m &#8211; K\u00edch th\u01b0\u1edbc con l\u0103n mi\u1ebfng v\u00e1 nh\u1ecf g\u1ecdn v\u00e0 tr\u1ecdng l\u01b0\u1ee3ng nh\u1eb9, d\u1ec5 d\u00e0ng mang theo. &#8211; S\u1eed d\u1ee5ng \u0111\u1ec3 \u0111\u1ea3m b\u1ea3o mi\u1ebfng v\u00e1 d\u00ednh ch\u1eb7t l\u00ean s\u0103m hay l\u1ed1p xe. &#8211; D\u1ee5ng c\u1ee5 c\u01a1 b\u1ea3n kh\u00f4ng th\u1ec3 thi\u1ebfu trong c\u00e1c ti\u1ec7m v\u00e1 l\u1ed1p xe m\u00e1y v\u00e0 \u00f4 t\u00f4. *** Th\u00f4ng [&hellip;]<\/p>","protected":false},"featured_media":3972,"comment_status":"open","ping_status":"closed","template":"","meta":[],"product_brand":[149],"product_cat":[155],"product_tag":[],"class_list":{"0":"post-3653","1":"product","2":"type-product","3":"status-publish","4":"has-post-thumbnail","6":"product_brand-ouyadc","7":"product_cat-van-cut-khi-nen-2","9":"first","10":"instock","11":"taxable","12":"shipping-taxable","13":"purchasable","14":"product-type-simple"},"acf":[],"ct_brands":[{"id":149,"name":"OUYADC","slug":"ouyadc"}],"yoast_head":"<!-- This site is optimized with the Yoast SEO Premium plugin v25.6 (Yoast SEO v25.6) - https:\/\/yoast.com\/wordpress\/plugins\/seo\/ -->\n<title>Con L\u0103n Mi\u1ebfng V\u00e1 DCT42-5 38mmx5mm - An Ph\u00e1t<\/title>\n<meta name=\"robots\" content=\"index, follow, max-snippet:-1, max-image-preview:large, max-video-preview:-1\" \/>\n<link rel=\"canonical\" href=\"https:\/\/anphatvn.com.vn\/en\/product\/con-lan-mieng-va-dct42-5-38mmx5mm\/\" \/>\n<meta property=\"og:locale\" content=\"en_US\" \/>\n<meta property=\"og:type\" content=\"article\" \/>\n<meta property=\"og:title\" content=\"Con L\u0103n Mi\u1ebfng V\u00e1 DCT42-5 38mmx5mm\" \/>\n<meta property=\"og:description\" content=\"*** \u0110\u1eb7c \u0111i\u1ec3m &#8211; K\u00edch th\u01b0\u1edbc con l\u0103n mi\u1ebfng v\u00e1 nh\u1ecf g\u1ecdn v\u00e0 tr\u1ecdng l\u01b0\u1ee3ng nh\u1eb9, d\u1ec5 d\u00e0ng mang theo. &#8211; S\u1eed d\u1ee5ng \u0111\u1ec3 \u0111\u1ea3m b\u1ea3o mi\u1ebfng v\u00e1 d\u00ednh ch\u1eb7t l\u00ean s\u0103m hay l\u1ed1p xe. &#8211; D\u1ee5ng c\u1ee5 c\u01a1 b\u1ea3n kh\u00f4ng th\u1ec3 thi\u1ebfu trong c\u00e1c ti\u1ec7m v\u00e1 l\u1ed1p xe m\u00e1y v\u00e0 \u00f4 t\u00f4. *** Th\u00f4ng [&hellip;]\" \/>\n<meta property=\"og:url\" content=\"https:\/\/anphatvn.com.vn\/en\/product\/con-lan-mieng-va-dct42-5-38mmx5mm\/\" \/>\n<meta property=\"og:site_name\" content=\"An Ph\u00e1t\" \/>\n<meta property=\"article:modified_time\" content=\"2026-04-13T02:13:26+00:00\" \/>\n<meta property=\"og:image\" content=\"https:\/\/anphatvn.com.vn\/wp-content\/uploads\/2026\/04\/Con-lan-mieng-va-1.jpg\" \/>\n\t<meta property=\"og:image:width\" content=\"1200\" \/>\n\t<meta property=\"og:image:height\" content=\"1200\" \/>\n\t<meta property=\"og:image:type\" content=\"image\/jpeg\" \/>\n<meta name=\"twitter:card\" content=\"summary_large_image\" \/>\n<meta name=\"twitter:label1\" content=\"Est. reading time\" \/>\n\t<meta name=\"twitter:data1\" content=\"1 minute\" \/>\n<script type=\"application\/ld+json\" class=\"yoast-schema-graph\">{\"@context\":\"https:\/\/schema.org\",\"@graph\":[{\"@type\":\"WebPage\",\"@id\":\"https:\/\/anphatvn.com.vn\/san-pham\/con-lan-mieng-va-dct42-5-38mmx5mm\/\",\"url\":\"https:\/\/anphatvn.com.vn\/san-pham\/con-lan-mieng-va-dct42-5-38mmx5mm\/\",\"name\":\"Con L\u0103n Mi\u1ebfng V\u00e1 DCT42-5 38mmx5mm - An Ph\u00e1t\",\"isPartOf\":{\"@id\":\"https:\/\/anphatvn.com.vn\/#website\"},\"primaryImageOfPage\":{\"@id\":\"https:\/\/anphatvn.com.vn\/san-pham\/con-lan-mieng-va-dct42-5-38mmx5mm\/#primaryimage\"},\"image\":{\"@id\":\"https:\/\/anphatvn.com.vn\/san-pham\/con-lan-mieng-va-dct42-5-38mmx5mm\/#primaryimage\"},\"thumbnailUrl\":\"https:\/\/anphatvn.com.vn\/wp-content\/uploads\/2026\/04\/Con-lan-mieng-va-1.jpg\",\"datePublished\":\"2026-04-09T10:56:27+00:00\",\"dateModified\":\"2026-04-13T02:13:26+00:00\",\"breadcrumb\":{\"@id\":\"https:\/\/anphatvn.com.vn\/san-pham\/con-lan-mieng-va-dct42-5-38mmx5mm\/#breadcrumb\"},\"inLanguage\":\"en-US\",\"potentialAction\":[{\"@type\":\"ReadAction\",\"target\":[\"https:\/\/anphatvn.com.vn\/san-pham\/con-lan-mieng-va-dct42-5-38mmx5mm\/\"]}]},{\"@type\":\"ImageObject\",\"inLanguage\":\"en-US\",\"@id\":\"https:\/\/anphatvn.com.vn\/san-pham\/con-lan-mieng-va-dct42-5-38mmx5mm\/#primaryimage\",\"url\":\"https:\/\/anphatvn.com.vn\/wp-content\/uploads\/2026\/04\/Con-lan-mieng-va-1.jpg\",\"contentUrl\":\"https:\/\/anphatvn.com.vn\/wp-content\/uploads\/2026\/04\/Con-lan-mieng-va-1.jpg\",\"width\":1200,\"height\":1200},{\"@type\":\"BreadcrumbList\",\"@id\":\"https:\/\/anphatvn.com.vn\/san-pham\/con-lan-mieng-va-dct42-5-38mmx5mm\/#breadcrumb\",\"itemListElement\":[{\"@type\":\"ListItem\",\"position\":1,\"name\":\"Trang ch\u1ee7\",\"item\":\"https:\/\/anphatvn.com.vn\/\"},{\"@type\":\"ListItem\",\"position\":2,\"name\":\"S\u1ea3n ph\u1ea9m\",\"item\":\"https:\/\/anphatvn.com.vn\/san-pham\/\"},{\"@type\":\"ListItem\",\"position\":3,\"name\":\"Con L\u0103n Mi\u1ebfng V\u00e1 DCT42-5 38mmx5mm\"}]},{\"@type\":\"WebSite\",\"@id\":\"https:\/\/anphatvn.com.vn\/#website\",\"url\":\"https:\/\/anphatvn.com.vn\/\",\"name\":\"An Ph\u00e1t\",\"description\":\"\",\"publisher\":{\"@id\":\"https:\/\/anphatvn.com.vn\/#organization\"},\"potentialAction\":[{\"@type\":\"SearchAction\",\"target\":{\"@type\":\"EntryPoint\",\"urlTemplate\":\"https:\/\/anphatvn.com.vn\/?s={search_term_string}\"},\"query-input\":{\"@type\":\"PropertyValueSpecification\",\"valueRequired\":true,\"valueName\":\"search_term_string\"}}],\"inLanguage\":\"en-US\"},{\"@type\":\"Organization\",\"@id\":\"https:\/\/anphatvn.com.vn\/#organization\",\"name\":\"An Ph\u00e1t\",\"url\":\"https:\/\/anphatvn.com.vn\/\",\"logo\":{\"@type\":\"ImageObject\",\"inLanguage\":\"en-US\",\"@id\":\"https:\/\/anphatvn.com.vn\/#\/schema\/logo\/image\/\",\"url\":\"https:\/\/anphatvn.com.vn\/wp-content\/uploads\/2025\/12\/an-phat-logo.png\",\"contentUrl\":\"https:\/\/anphatvn.com.vn\/wp-content\/uploads\/2025\/12\/an-phat-logo.png\",\"width\":74,\"height\":68,\"caption\":\"An Ph\u00e1t\"},\"image\":{\"@id\":\"https:\/\/anphatvn.com.vn\/#\/schema\/logo\/image\/\"}}]}<\/script>\n<!-- \/ Yoast SEO Premium plugin. -->","yoast_head_json":{"title":"Con L\u0103n Mi\u1ebfng V\u00e1 DCT42-5 38mmx5mm - An Ph\u00e1t","robots":{"index":"index","follow":"follow","max-snippet":"max-snippet:-1","max-image-preview":"max-image-preview:large","max-video-preview":"max-video-preview:-1"},"canonical":"https:\/\/anphatvn.com.vn\/en\/product\/con-lan-mieng-va-dct42-5-38mmx5mm\/","og_locale":"en_US","og_type":"article","og_title":"Con L\u0103n Mi\u1ebfng V\u00e1 DCT42-5 38mmx5mm","og_description":"*** \u0110\u1eb7c \u0111i\u1ec3m &#8211; K\u00edch th\u01b0\u1edbc con l\u0103n mi\u1ebfng v\u00e1 nh\u1ecf g\u1ecdn v\u00e0 tr\u1ecdng l\u01b0\u1ee3ng nh\u1eb9, d\u1ec5 d\u00e0ng mang theo. &#8211; S\u1eed d\u1ee5ng \u0111\u1ec3 \u0111\u1ea3m b\u1ea3o mi\u1ebfng v\u00e1 d\u00ednh ch\u1eb7t l\u00ean s\u0103m hay l\u1ed1p xe. &#8211; D\u1ee5ng c\u1ee5 c\u01a1 b\u1ea3n kh\u00f4ng th\u1ec3 thi\u1ebfu trong c\u00e1c ti\u1ec7m v\u00e1 l\u1ed1p xe m\u00e1y v\u00e0 \u00f4 t\u00f4. *** Th\u00f4ng [&hellip;]","og_url":"https:\/\/anphatvn.com.vn\/en\/product\/con-lan-mieng-va-dct42-5-38mmx5mm\/","og_site_name":"An Ph\u00e1t","article_modified_time":"2026-04-13T02:13:26+00:00","og_image":[{"width":1200,"height":1200,"url":"https:\/\/anphatvn.com.vn\/wp-content\/uploads\/2026\/04\/Con-lan-mieng-va-1.jpg","type":"image\/jpeg"}],"twitter_card":"summary_large_image","twitter_misc":{"Est. reading time":"1 minute"},"schema":{"@context":"https:\/\/schema.org","@graph":[{"@type":"WebPage","@id":"https:\/\/anphatvn.com.vn\/san-pham\/con-lan-mieng-va-dct42-5-38mmx5mm\/","url":"https:\/\/anphatvn.com.vn\/san-pham\/con-lan-mieng-va-dct42-5-38mmx5mm\/","name":"Con L\u0103n Mi\u1ebfng V\u00e1 DCT42-5 38mmx5mm - An Ph\u00e1t","isPartOf":{"@id":"https:\/\/anphatvn.com.vn\/#website"},"primaryImageOfPage":{"@id":"https:\/\/anphatvn.com.vn\/san-pham\/con-lan-mieng-va-dct42-5-38mmx5mm\/#primaryimage"},"image":{"@id":"https:\/\/anphatvn.com.vn\/san-pham\/con-lan-mieng-va-dct42-5-38mmx5mm\/#primaryimage"},"thumbnailUrl":"https:\/\/anphatvn.com.vn\/wp-content\/uploads\/2026\/04\/Con-lan-mieng-va-1.jpg","datePublished":"2026-04-09T10:56:27+00:00","dateModified":"2026-04-13T02:13:26+00:00","breadcrumb":{"@id":"https:\/\/anphatvn.com.vn\/san-pham\/con-lan-mieng-va-dct42-5-38mmx5mm\/#breadcrumb"},"inLanguage":"en-US","potentialAction":[{"@type":"ReadAction","target":["https:\/\/anphatvn.com.vn\/san-pham\/con-lan-mieng-va-dct42-5-38mmx5mm\/"]}]},{"@type":"ImageObject","inLanguage":"en-US","@id":"https:\/\/anphatvn.com.vn\/san-pham\/con-lan-mieng-va-dct42-5-38mmx5mm\/#primaryimage","url":"https:\/\/anphatvn.com.vn\/wp-content\/uploads\/2026\/04\/Con-lan-mieng-va-1.jpg","contentUrl":"https:\/\/anphatvn.com.vn\/wp-content\/uploads\/2026\/04\/Con-lan-mieng-va-1.jpg","width":1200,"height":1200},{"@type":"BreadcrumbList","@id":"https:\/\/anphatvn.com.vn\/san-pham\/con-lan-mieng-va-dct42-5-38mmx5mm\/#breadcrumb","itemListElement":[{"@type":"ListItem","position":1,"name":"Trang ch\u1ee7","item":"https:\/\/anphatvn.com.vn\/"},{"@type":"ListItem","position":2,"name":"S\u1ea3n ph\u1ea9m","item":"https:\/\/anphatvn.com.vn\/san-pham\/"},{"@type":"ListItem","position":3,"name":"Con L\u0103n Mi\u1ebfng V\u00e1 DCT42-5 38mmx5mm"}]},{"@type":"WebSite","@id":"https:\/\/anphatvn.com.vn\/#website","url":"https:\/\/anphatvn.com.vn\/","name":"An Ph\u00e1t","description":"","publisher":{"@id":"https:\/\/anphatvn.com.vn\/#organization"},"potentialAction":[{"@type":"SearchAction","target":{"@type":"EntryPoint","urlTemplate":"https:\/\/anphatvn.com.vn\/?s={search_term_string}"},"query-input":{"@type":"PropertyValueSpecification","valueRequired":true,"valueName":"search_term_string"}}],"inLanguage":"en-US"},{"@type":"Organization","@id":"https:\/\/anphatvn.com.vn\/#organization","name":"An Ph\u00e1t","url":"https:\/\/anphatvn.com.vn\/","logo":{"@type":"ImageObject","inLanguage":"en-US","@id":"https:\/\/anphatvn.com.vn\/#\/schema\/logo\/image\/","url":"https:\/\/anphatvn.com.vn\/wp-content\/uploads\/2025\/12\/an-phat-logo.png","contentUrl":"https:\/\/anphatvn.com.vn\/wp-content\/uploads\/2025\/12\/an-phat-logo.png","width":74,"height":68,"caption":"An Ph\u00e1t"},"image":{"@id":"https:\/\/anphatvn.com.vn\/#\/schema\/logo\/image\/"}}]}},"_links":{"self":[{"href":"https:\/\/anphatvn.com.vn\/en\/wp-json\/wp\/v2\/product\/3653","targetHints":{"allow":["GET"]}}],"collection":[{"href":"https:\/\/anphatvn.com.vn\/en\/wp-json\/wp\/v2\/product"}],"about":[{"href":"https:\/\/anphatvn.com.vn\/en\/wp-json\/wp\/v2\/types\/product"}],"replies":[{"embeddable":true,"href":"https:\/\/anphatvn.com.vn\/en\/wp-json\/wp\/v2\/comments?post=3653"}],"wp:featuredmedia":[{"embeddable":true,"href":"https:\/\/anphatvn.com.vn\/en\/wp-json\/wp\/v2\/media\/3972"}],"wp:attachment":[{"href":"https:\/\/anphatvn.com.vn\/en\/wp-json\/wp\/v2\/media?parent=3653"}],"wp:term":[{"taxonomy":"product_brand","embeddable":true,"href":"https:\/\/anphatvn.com.vn\/en\/wp-json\/wp\/v2\/product_brand?post=3653"},{"taxonomy":"product_cat","embeddable":true,"href":"https:\/\/anphatvn.com.vn\/en\/wp-json\/wp\/v2\/product_cat?post=3653"},{"taxonomy":"product_tag","embeddable":true,"href":"https:\/\/anphatvn.com.vn\/en\/wp-json\/wp\/v2\/product_tag?post=3653"}],"curies":[{"name":"wp","href":"https:\/\/api.w.org\/{rel}","templated":true}]}}