{"id":3651,"date":"2026-04-09T17:56:25","date_gmt":"2026-04-09T10:56:25","guid":{"rendered":"https:\/\/anphatvn.com.vn\/san-pham\/bo-dung-cu-va-lop-khan-cap-maruni-etsk-02-7-mon\/"},"modified":"2026-04-13T09:09:36","modified_gmt":"2026-04-13T02:09:36","slug":"bo-dung-cu-va-lop-khan-cap-maruni-etsk-02-7-mon","status":"publish","type":"product","link":"https:\/\/anphatvn.com.vn\/en\/product\/bo-dung-cu-va-lop-khan-cap-maruni-etsk-02-7-mon\/","title":{"rendered":"B\u1ed9 D\u1ee5ng C\u1ee5 V\u00e1 L\u1ed1p Kh\u1ea9n C\u1ea5p Maruni ETSK-02 7 M\u00f3n"},"content":{"rendered":"<p>T\u00ean s\u1ea3n ph\u1ea9m: B\u1ed9 D\u1ee5ng C\u1ee5 V\u00e1 L\u1ed1p Kh\u1ea9n C\u1ea5p Maruni ETSK-02 7 M\u00f3n<\/p>\n<p>* \u0110\u1eb7c \u0111i\u1ec3m:<br \/>\n&#8211; D\u00f9ng \u0111\u1ec3 x\u1eed l\u00fd nhanh c\u00e1c l\u1ed7 th\u1ee7ng do \u0111inh tr\u00ean l\u1ed1p xe du l\u1ecbch<br \/>\n&#8211; H\u1ed7 tr\u1ee3 v\u00e1 kh\u1ea9n c\u1ea5p d\u1ec5 d\u00e0ng trong t\u00ecnh hu\u1ed1ng c\u1ea7n \u0111i ngay, thao t\u00e1c \u0111\u01a1n gi\u1ea3n ai c\u0169ng d\u00f9ng \u0111\u01b0\u1ee3c.<br \/>\n&#8211; \u0110\u00e2y l\u00e0 gi\u1ea3i ph\u00e1p v\u00e1 t\u1ea1m th\u1eddi, sau khi s\u1eed d\u1ee5ng n\u00ean \u0111em xe \u0111\u1ebfn ti\u1ec7m l\u1ed1p \u0111\u1ec3 ki\u1ec3m tra v\u00e0 v\u00e1 ho\u00e0n ch\u1ec9nh.<br \/>\n&#8211; Gi\u00fap xe kh\u00f4ng c\u1ea7n mang l\u1ed1p d\u1ef1 ph\u00f2ng, t\u1ed1i \u01b0u kh\u00f4ng gian v\u00e0 ti\u1ebft ki\u1ec7m nhi\u00ean li\u1ec7u h\u01a1n.<br \/>\n&#8211; M\u00e1y n\u00e9n kh\u00ed \u0111i k\u00e8m s\u1eed d\u1ee5ng ti\u1ec7n l\u1ee3i b\u1eb1ng c\u00e1ch c\u1eafm v\u00e0o t\u1ea9u thu\u1ed1c DC12V, d\u00f9ng \u0111\u01b0\u1ee3c m\u1ecdi l\u00fac m\u1ecdi n\u01a1i.<\/p>\n<p>* Th\u00f4ng s\u1ed1:<br \/>\n&#8211; Model: ETSK-02<br \/>\n&#8211; Dung d\u1ecbch v\u00e1 kh\u1ea9n c\u1ea5p: 500ml<br \/>\n&#8211; Th\u00e0nh ph\u1ea7n dung d\u1ecbch: Propylene Glycol, s\u1ee3i t\u1ed5ng h\u1ee3p v\u00e0 c\u00e1c th\u00e0nh ph\u1ea7n kh\u00e1c<br \/>\n&#8211; M\u00e1y n\u00e9n kh\u00ed: DC12V<br \/>\n&#8211; \u00c1p su\u1ea5t t\u1ed1i \u0111a: 450kPa<br \/>\n&#8211; K\u00edch th\u01b0\u1edbc m\u00e1y: 148(W) x 65(H) x 126(D) mm<br \/>\n&#8211; Tr\u1ecdng l\u01b0\u1ee3ng: 640g<br \/>\n&#8211; D\u00e2y \u0111i\u1ec7n: 3m<br \/>\n&#8211; \u1ed0ng h\u01a1i: 520mm<br \/>\n&#8211; C\u1ea7u ch\u00ec: 10A<\/p>\n<p>\u0110\u00f3ng g\u00f3i:<br \/>\n&#8211; 01 chai dung d\u1ecbch v\u00e1 kh\u1ea9n c\u1ea5p 500ml<br \/>\n&#8211; 01 m\u00e1y n\u00e9n kh\u00ed<br \/>\n&#8211; Ph\u1ee5 ki\u1ec7n k\u00e8m theo: \u0111\u1ea7u b\u01a1m xe \u0111\u1ea1p, \u0111\u1ea7u b\u01a1m b\u00f3ng, d\u1ee5ng c\u1ee5 th\u00e1o l\u00f5i van, l\u00f5i van, s\u00e1ch h\u01b0\u1edbng d\u1eabn<\/p>\n<p>* Cam k\u1ebft c\u1ee7a ch\u00fang t\u00f4i<br \/>\n&#8211; Cam k\u1ebft b\u00e1n h\u00e0ng ch\u00ednh h\u00e3ng UY T\u00cdN &#8211; CH\u1ea4T L\u01af\u1ee2NG<br \/>\n&#8211; S\u1ea3n ph\u1ea9m \u0111\u1ec1u gi\u1ed1ng h\u00ecnh v\u00e0 l\u00e0 \u1ea3nh th\u1eadt do shop t\u1ef1 ch\u1ee5p<br \/>\n&#8211; H\u00e0ng \u0111\u01b0\u1ee3c \u0111\u00f3ng g\u00f3i c\u1ea9n th\u1eadn, ch\u1eafc ch\u1eafn.<br \/>\n&#8211; Shop nh\u1eadn \u0111\u1ed5i tr\u1ea3 khi ph\u00e1t hi\u1ec7n l\u1ed7i do nh\u00e0 s\u1ea3n xu\u1ea5t k\u00e8m video quay l\u1ea1i qu\u00e1 tr\u00ecnh khui h\u00e0ng. (L\u01b0u \u00fd)<\/p>\n<p>* L\u01b0u \u00fd: Kh\u00e1ch h\u00e0ng vui l\u00f2ng xem k\u1ef9 ph\u00e2n lo\u1ea1i tr\u01b0\u1edbc khi \u0111\u1eb7t h\u00e0ng.<\/p>","protected":false},"excerpt":{"rendered":"<p>T\u00ean s\u1ea3n ph\u1ea9m: B\u1ed9 D\u1ee5ng C\u1ee5 V\u00e1 L\u1ed1p Kh\u1ea9n C\u1ea5p Maruni ETSK-02 7 M\u00f3n * \u0110\u1eb7c \u0111i\u1ec3m: &#8211; D\u00f9ng \u0111\u1ec3 x\u1eed l\u00fd nhanh c\u00e1c l\u1ed7 th\u1ee7ng do \u0111inh tr\u00ean l\u1ed1p xe du l\u1ecbch &#8211; H\u1ed7 tr\u1ee3 v\u00e1 kh\u1ea9n c\u1ea5p d\u1ec5 d\u00e0ng trong t\u00ecnh hu\u1ed1ng c\u1ea7n \u0111i ngay, thao t\u00e1c \u0111\u01a1n gi\u1ea3n ai c\u0169ng d\u00f9ng \u0111\u01b0\u1ee3c. [&hellip;]<\/p>","protected":false},"featured_media":3966,"comment_status":"open","ping_status":"closed","template":"","meta":[],"product_brand":[125],"product_cat":[96,97],"product_tag":[],"class_list":{"0":"post-3651","1":"product","2":"type-product","3":"status-publish","4":"has-post-thumbnail","6":"product_brand-maruni","7":"product_cat-vat-tu-tieu-hao","8":"product_cat-mieng-va","10":"first","11":"instock","12":"taxable","13":"shipping-taxable","14":"purchasable","15":"product-type-simple"},"acf":[],"ct_brands":[{"id":125,"name":"Maruni","slug":"maruni"}],"yoast_head":"<!-- This site is optimized with the Yoast SEO Premium plugin v25.6 (Yoast SEO v25.6) - https:\/\/yoast.com\/wordpress\/plugins\/seo\/ -->\n<title>B\u1ed9 D\u1ee5ng C\u1ee5 V\u00e1 L\u1ed1p Kh\u1ea9n C\u1ea5p Maruni ETSK-02 7 M\u00f3n - An Ph\u00e1t<\/title>\n<meta name=\"robots\" content=\"index, follow, max-snippet:-1, max-image-preview:large, max-video-preview:-1\" \/>\n<link rel=\"canonical\" href=\"https:\/\/anphatvn.com.vn\/en\/product\/bo-dung-cu-va-lop-khan-cap-maruni-etsk-02-7-mon\/\" \/>\n<meta property=\"og:locale\" content=\"en_US\" \/>\n<meta property=\"og:type\" content=\"article\" \/>\n<meta property=\"og:title\" content=\"B\u1ed9 D\u1ee5ng C\u1ee5 V\u00e1 L\u1ed1p Kh\u1ea9n C\u1ea5p Maruni ETSK-02 7 M\u00f3n\" \/>\n<meta property=\"og:description\" content=\"T\u00ean s\u1ea3n ph\u1ea9m: B\u1ed9 D\u1ee5ng C\u1ee5 V\u00e1 L\u1ed1p Kh\u1ea9n C\u1ea5p Maruni ETSK-02 7 M\u00f3n * \u0110\u1eb7c \u0111i\u1ec3m: &#8211; D\u00f9ng \u0111\u1ec3 x\u1eed l\u00fd nhanh c\u00e1c l\u1ed7 th\u1ee7ng do \u0111inh tr\u00ean l\u1ed1p xe du l\u1ecbch &#8211; H\u1ed7 tr\u1ee3 v\u00e1 kh\u1ea9n c\u1ea5p d\u1ec5 d\u00e0ng trong t\u00ecnh hu\u1ed1ng c\u1ea7n \u0111i ngay, thao t\u00e1c \u0111\u01a1n gi\u1ea3n ai c\u0169ng d\u00f9ng \u0111\u01b0\u1ee3c. [&hellip;]\" \/>\n<meta property=\"og:url\" content=\"https:\/\/anphatvn.com.vn\/en\/product\/bo-dung-cu-va-lop-khan-cap-maruni-etsk-02-7-mon\/\" \/>\n<meta property=\"og:site_name\" content=\"An Ph\u00e1t\" \/>\n<meta property=\"article:modified_time\" content=\"2026-04-13T02:09:36+00:00\" \/>\n<meta property=\"og:image\" content=\"https:\/\/anphatvn.com.vn\/wp-content\/uploads\/2026\/04\/SP33553-Maruni-ETSK-02.jpg\" \/>\n\t<meta property=\"og:image:width\" content=\"1200\" \/>\n\t<meta property=\"og:image:height\" content=\"1200\" \/>\n\t<meta property=\"og:image:type\" content=\"image\/jpeg\" \/>\n<meta name=\"twitter:card\" content=\"summary_large_image\" \/>\n<meta name=\"twitter:label1\" content=\"Est. reading time\" \/>\n\t<meta name=\"twitter:data1\" content=\"2 minutes\" \/>\n<script type=\"application\/ld+json\" class=\"yoast-schema-graph\">{\"@context\":\"https:\/\/schema.org\",\"@graph\":[{\"@type\":\"WebPage\",\"@id\":\"https:\/\/anphatvn.com.vn\/san-pham\/bo-dung-cu-va-lop-khan-cap-maruni-etsk-02-7-mon\/\",\"url\":\"https:\/\/anphatvn.com.vn\/san-pham\/bo-dung-cu-va-lop-khan-cap-maruni-etsk-02-7-mon\/\",\"name\":\"B\u1ed9 D\u1ee5ng C\u1ee5 V\u00e1 L\u1ed1p Kh\u1ea9n C\u1ea5p Maruni ETSK-02 7 M\u00f3n - An Ph\u00e1t\",\"isPartOf\":{\"@id\":\"https:\/\/anphatvn.com.vn\/#website\"},\"primaryImageOfPage\":{\"@id\":\"https:\/\/anphatvn.com.vn\/san-pham\/bo-dung-cu-va-lop-khan-cap-maruni-etsk-02-7-mon\/#primaryimage\"},\"image\":{\"@id\":\"https:\/\/anphatvn.com.vn\/san-pham\/bo-dung-cu-va-lop-khan-cap-maruni-etsk-02-7-mon\/#primaryimage\"},\"thumbnailUrl\":\"https:\/\/anphatvn.com.vn\/wp-content\/uploads\/2026\/04\/SP33553-Maruni-ETSK-02.jpg\",\"datePublished\":\"2026-04-09T10:56:25+00:00\",\"dateModified\":\"2026-04-13T02:09:36+00:00\",\"breadcrumb\":{\"@id\":\"https:\/\/anphatvn.com.vn\/san-pham\/bo-dung-cu-va-lop-khan-cap-maruni-etsk-02-7-mon\/#breadcrumb\"},\"inLanguage\":\"en-US\",\"potentialAction\":[{\"@type\":\"ReadAction\",\"target\":[\"https:\/\/anphatvn.com.vn\/san-pham\/bo-dung-cu-va-lop-khan-cap-maruni-etsk-02-7-mon\/\"]}]},{\"@type\":\"ImageObject\",\"inLanguage\":\"en-US\",\"@id\":\"https:\/\/anphatvn.com.vn\/san-pham\/bo-dung-cu-va-lop-khan-cap-maruni-etsk-02-7-mon\/#primaryimage\",\"url\":\"https:\/\/anphatvn.com.vn\/wp-content\/uploads\/2026\/04\/SP33553-Maruni-ETSK-02.jpg\",\"contentUrl\":\"https:\/\/anphatvn.com.vn\/wp-content\/uploads\/2026\/04\/SP33553-Maruni-ETSK-02.jpg\",\"width\":1200,\"height\":1200},{\"@type\":\"BreadcrumbList\",\"@id\":\"https:\/\/anphatvn.com.vn\/san-pham\/bo-dung-cu-va-lop-khan-cap-maruni-etsk-02-7-mon\/#breadcrumb\",\"itemListElement\":[{\"@type\":\"ListItem\",\"position\":1,\"name\":\"Trang ch\u1ee7\",\"item\":\"https:\/\/anphatvn.com.vn\/\"},{\"@type\":\"ListItem\",\"position\":2,\"name\":\"S\u1ea3n ph\u1ea9m\",\"item\":\"https:\/\/anphatvn.com.vn\/san-pham\/\"},{\"@type\":\"ListItem\",\"position\":3,\"name\":\"B\u1ed9 D\u1ee5ng C\u1ee5 V\u00e1 L\u1ed1p Kh\u1ea9n C\u1ea5p Maruni ETSK-02 7 M\u00f3n\"}]},{\"@type\":\"WebSite\",\"@id\":\"https:\/\/anphatvn.com.vn\/#website\",\"url\":\"https:\/\/anphatvn.com.vn\/\",\"name\":\"An Ph\u00e1t\",\"description\":\"\",\"publisher\":{\"@id\":\"https:\/\/anphatvn.com.vn\/#organization\"},\"potentialAction\":[{\"@type\":\"SearchAction\",\"target\":{\"@type\":\"EntryPoint\",\"urlTemplate\":\"https:\/\/anphatvn.com.vn\/?s={search_term_string}\"},\"query-input\":{\"@type\":\"PropertyValueSpecification\",\"valueRequired\":true,\"valueName\":\"search_term_string\"}}],\"inLanguage\":\"en-US\"},{\"@type\":\"Organization\",\"@id\":\"https:\/\/anphatvn.com.vn\/#organization\",\"name\":\"An Ph\u00e1t\",\"url\":\"https:\/\/anphatvn.com.vn\/\",\"logo\":{\"@type\":\"ImageObject\",\"inLanguage\":\"en-US\",\"@id\":\"https:\/\/anphatvn.com.vn\/#\/schema\/logo\/image\/\",\"url\":\"https:\/\/anphatvn.com.vn\/wp-content\/uploads\/2025\/12\/an-phat-logo.png\",\"contentUrl\":\"https:\/\/anphatvn.com.vn\/wp-content\/uploads\/2025\/12\/an-phat-logo.png\",\"width\":74,\"height\":68,\"caption\":\"An Ph\u00e1t\"},\"image\":{\"@id\":\"https:\/\/anphatvn.com.vn\/#\/schema\/logo\/image\/\"}}]}<\/script>\n<!-- \/ Yoast SEO Premium plugin. -->","yoast_head_json":{"title":"B\u1ed9 D\u1ee5ng C\u1ee5 V\u00e1 L\u1ed1p Kh\u1ea9n C\u1ea5p Maruni ETSK-02 7 M\u00f3n - An Ph\u00e1t","robots":{"index":"index","follow":"follow","max-snippet":"max-snippet:-1","max-image-preview":"max-image-preview:large","max-video-preview":"max-video-preview:-1"},"canonical":"https:\/\/anphatvn.com.vn\/en\/product\/bo-dung-cu-va-lop-khan-cap-maruni-etsk-02-7-mon\/","og_locale":"en_US","og_type":"article","og_title":"B\u1ed9 D\u1ee5ng C\u1ee5 V\u00e1 L\u1ed1p Kh\u1ea9n C\u1ea5p Maruni ETSK-02 7 M\u00f3n","og_description":"T\u00ean s\u1ea3n ph\u1ea9m: B\u1ed9 D\u1ee5ng C\u1ee5 V\u00e1 L\u1ed1p Kh\u1ea9n C\u1ea5p Maruni ETSK-02 7 M\u00f3n * \u0110\u1eb7c \u0111i\u1ec3m: &#8211; D\u00f9ng \u0111\u1ec3 x\u1eed l\u00fd nhanh c\u00e1c l\u1ed7 th\u1ee7ng do \u0111inh tr\u00ean l\u1ed1p xe du l\u1ecbch &#8211; H\u1ed7 tr\u1ee3 v\u00e1 kh\u1ea9n c\u1ea5p d\u1ec5 d\u00e0ng trong t\u00ecnh hu\u1ed1ng c\u1ea7n \u0111i ngay, thao t\u00e1c \u0111\u01a1n gi\u1ea3n ai c\u0169ng d\u00f9ng \u0111\u01b0\u1ee3c. [&hellip;]","og_url":"https:\/\/anphatvn.com.vn\/en\/product\/bo-dung-cu-va-lop-khan-cap-maruni-etsk-02-7-mon\/","og_site_name":"An Ph\u00e1t","article_modified_time":"2026-04-13T02:09:36+00:00","og_image":[{"width":1200,"height":1200,"url":"https:\/\/anphatvn.com.vn\/wp-content\/uploads\/2026\/04\/SP33553-Maruni-ETSK-02.jpg","type":"image\/jpeg"}],"twitter_card":"summary_large_image","twitter_misc":{"Est. reading time":"2 minutes"},"schema":{"@context":"https:\/\/schema.org","@graph":[{"@type":"WebPage","@id":"https:\/\/anphatvn.com.vn\/san-pham\/bo-dung-cu-va-lop-khan-cap-maruni-etsk-02-7-mon\/","url":"https:\/\/anphatvn.com.vn\/san-pham\/bo-dung-cu-va-lop-khan-cap-maruni-etsk-02-7-mon\/","name":"B\u1ed9 D\u1ee5ng C\u1ee5 V\u00e1 L\u1ed1p Kh\u1ea9n C\u1ea5p Maruni ETSK-02 7 M\u00f3n - An Ph\u00e1t","isPartOf":{"@id":"https:\/\/anphatvn.com.vn\/#website"},"primaryImageOfPage":{"@id":"https:\/\/anphatvn.com.vn\/san-pham\/bo-dung-cu-va-lop-khan-cap-maruni-etsk-02-7-mon\/#primaryimage"},"image":{"@id":"https:\/\/anphatvn.com.vn\/san-pham\/bo-dung-cu-va-lop-khan-cap-maruni-etsk-02-7-mon\/#primaryimage"},"thumbnailUrl":"https:\/\/anphatvn.com.vn\/wp-content\/uploads\/2026\/04\/SP33553-Maruni-ETSK-02.jpg","datePublished":"2026-04-09T10:56:25+00:00","dateModified":"2026-04-13T02:09:36+00:00","breadcrumb":{"@id":"https:\/\/anphatvn.com.vn\/san-pham\/bo-dung-cu-va-lop-khan-cap-maruni-etsk-02-7-mon\/#breadcrumb"},"inLanguage":"en-US","potentialAction":[{"@type":"ReadAction","target":["https:\/\/anphatvn.com.vn\/san-pham\/bo-dung-cu-va-lop-khan-cap-maruni-etsk-02-7-mon\/"]}]},{"@type":"ImageObject","inLanguage":"en-US","@id":"https:\/\/anphatvn.com.vn\/san-pham\/bo-dung-cu-va-lop-khan-cap-maruni-etsk-02-7-mon\/#primaryimage","url":"https:\/\/anphatvn.com.vn\/wp-content\/uploads\/2026\/04\/SP33553-Maruni-ETSK-02.jpg","contentUrl":"https:\/\/anphatvn.com.vn\/wp-content\/uploads\/2026\/04\/SP33553-Maruni-ETSK-02.jpg","width":1200,"height":1200},{"@type":"BreadcrumbList","@id":"https:\/\/anphatvn.com.vn\/san-pham\/bo-dung-cu-va-lop-khan-cap-maruni-etsk-02-7-mon\/#breadcrumb","itemListElement":[{"@type":"ListItem","position":1,"name":"Trang ch\u1ee7","item":"https:\/\/anphatvn.com.vn\/"},{"@type":"ListItem","position":2,"name":"S\u1ea3n ph\u1ea9m","item":"https:\/\/anphatvn.com.vn\/san-pham\/"},{"@type":"ListItem","position":3,"name":"B\u1ed9 D\u1ee5ng C\u1ee5 V\u00e1 L\u1ed1p Kh\u1ea9n C\u1ea5p Maruni ETSK-02 7 M\u00f3n"}]},{"@type":"WebSite","@id":"https:\/\/anphatvn.com.vn\/#website","url":"https:\/\/anphatvn.com.vn\/","name":"An Ph\u00e1t","description":"","publisher":{"@id":"https:\/\/anphatvn.com.vn\/#organization"},"potentialAction":[{"@type":"SearchAction","target":{"@type":"EntryPoint","urlTemplate":"https:\/\/anphatvn.com.vn\/?s={search_term_string}"},"query-input":{"@type":"PropertyValueSpecification","valueRequired":true,"valueName":"search_term_string"}}],"inLanguage":"en-US"},{"@type":"Organization","@id":"https:\/\/anphatvn.com.vn\/#organization","name":"An Ph\u00e1t","url":"https:\/\/anphatvn.com.vn\/","logo":{"@type":"ImageObject","inLanguage":"en-US","@id":"https:\/\/anphatvn.com.vn\/#\/schema\/logo\/image\/","url":"https:\/\/anphatvn.com.vn\/wp-content\/uploads\/2025\/12\/an-phat-logo.png","contentUrl":"https:\/\/anphatvn.com.vn\/wp-content\/uploads\/2025\/12\/an-phat-logo.png","width":74,"height":68,"caption":"An Ph\u00e1t"},"image":{"@id":"https:\/\/anphatvn.com.vn\/#\/schema\/logo\/image\/"}}]}},"_links":{"self":[{"href":"https:\/\/anphatvn.com.vn\/en\/wp-json\/wp\/v2\/product\/3651","targetHints":{"allow":["GET"]}}],"collection":[{"href":"https:\/\/anphatvn.com.vn\/en\/wp-json\/wp\/v2\/product"}],"about":[{"href":"https:\/\/anphatvn.com.vn\/en\/wp-json\/wp\/v2\/types\/product"}],"replies":[{"embeddable":true,"href":"https:\/\/anphatvn.com.vn\/en\/wp-json\/wp\/v2\/comments?post=3651"}],"wp:featuredmedia":[{"embeddable":true,"href":"https:\/\/anphatvn.com.vn\/en\/wp-json\/wp\/v2\/media\/3966"}],"wp:attachment":[{"href":"https:\/\/anphatvn.com.vn\/en\/wp-json\/wp\/v2\/media?parent=3651"}],"wp:term":[{"taxonomy":"product_brand","embeddable":true,"href":"https:\/\/anphatvn.com.vn\/en\/wp-json\/wp\/v2\/product_brand?post=3651"},{"taxonomy":"product_cat","embeddable":true,"href":"https:\/\/anphatvn.com.vn\/en\/wp-json\/wp\/v2\/product_cat?post=3651"},{"taxonomy":"product_tag","embeddable":true,"href":"https:\/\/anphatvn.com.vn\/en\/wp-json\/wp\/v2\/product_tag?post=3651"}],"curies":[{"name":"wp","href":"https:\/\/api.w.org\/{rel}","templated":true}]}}