{"id":3649,"date":"2026-04-09T17:56:23","date_gmt":"2026-04-09T10:56:23","guid":{"rendered":"https:\/\/anphatvn.com.vn\/san-pham\/sap-boi-tron-mep-lop-maruni-bwe-40-hop-4kg\/"},"modified":"2026-04-13T09:01:31","modified_gmt":"2026-04-13T02:01:31","slug":"sap-boi-tron-mep-lop-maruni-bwe-40-hop-4kg","status":"publish","type":"product","link":"https:\/\/anphatvn.com.vn\/en\/product\/sap-boi-tron-mep-lop-maruni-bwe-40-hop-4kg\/","title":{"rendered":"S\u00e1p B\u00f4i Tr\u01a1n M\u00e9p L\u1ed1p Maruni BWE-40 H\u1ed9p 4kg"},"content":{"rendered":"<p>T\u00ean s\u1ea3n ph\u1ea9m: S\u00e1p B\u00f4i Tr\u01a1n M\u00e9p L\u1ed1p Maruni BWE-40 H\u1ed9p 4kg<\/p>\n<p>* \u0110\u1eb7c \u0111i\u1ec3m:<br \/>\n&#8211; S\u00e1p\/Kem b\u00f4i l\u1ed1p l\u00e0 ch\u1ea5t d\u00f9ng \u0111\u1ec3 b\u00f4i tr\u01a1n m\u00e9p l\u1ed1p trong qu\u00e1 tr\u00ecnh s\u1eed d\u1ee5ng m\u00e1y th\u00e1o l\u1eafp l\u1ed1p ho\u1eb7c khi s\u1eed d\u1ee5ng c\u00e1c c\u00f4ng c\u1ee5 th\u1ee7 c\u00f4ng.<br \/>\n&#8211; Gi\u00fap b\u1ea3o v\u1ec7 l\u1ed1p, la r\u0103ng v\u00e0 h\u1ea1n ch\u1ebf oxi h\u00f3a c\u00e1c chi ti\u1ebft c\u1ee7a m\u00e1y ra v\u00e0o l\u1ed1p.<br \/>\n&#8211; Kh\u00f4ng b\u1eaft ch\u00e1y.<\/p>\n<p>* \u0110\u00f3ng g\u00f3i:<br \/>\nH\u1ed9p 4kg<\/p>\n<p>* Cam k\u1ebft c\u1ee7a ch\u00fang t\u00f4i<br \/>\n&#8211; Cam k\u1ebft b\u00e1n h\u00e0ng ch\u00ednh h\u00e3ng UY T\u00cdN &#8211; CH\u1ea4T L\u01af\u1ee2NG<br \/>\n&#8211; S\u1ea3n ph\u1ea9m \u0111\u1ec1u gi\u1ed1ng h\u00ecnh v\u00e0 l\u00e0 \u1ea3nh th\u1eadt do shop t\u1ef1 ch\u1ee5p<br \/>\n&#8211; H\u00e0ng \u0111\u01b0\u1ee3c \u0111\u00f3ng g\u00f3i c\u1ea9n th\u1eadn, ch\u1eafc ch\u1eafn.<br \/>\n&#8211; Shop nh\u1eadn \u0111\u1ed5i tr\u1ea3 khi ph\u00e1t hi\u1ec7n l\u1ed7i do nh\u00e0 s\u1ea3n xu\u1ea5t k\u00e8m video quay l\u1ea1i qu\u00e1 tr\u00ecnh khui h\u00e0ng. (L\u01b0u \u00fd)<\/p>\n<p>* L\u01b0u \u00fd: Kh\u00e1ch h\u00e0ng vui l\u00f2ng xem k\u1ef9 ph\u00e2n lo\u1ea1i tr\u01b0\u1edbc khi \u0111\u1eb7t h\u00e0ng.<\/p>","protected":false},"excerpt":{"rendered":"<p>T\u00ean s\u1ea3n ph\u1ea9m: S\u00e1p B\u00f4i Tr\u01a1n M\u00e9p L\u1ed1p Maruni BWE-40 H\u1ed9p 4kg * \u0110\u1eb7c \u0111i\u1ec3m: &#8211; S\u00e1p\/Kem b\u00f4i l\u1ed1p l\u00e0 ch\u1ea5t d\u00f9ng \u0111\u1ec3 b\u00f4i tr\u01a1n m\u00e9p l\u1ed1p trong qu\u00e1 tr\u00ecnh s\u1eed d\u1ee5ng m\u00e1y th\u00e1o l\u1eafp l\u1ed1p ho\u1eb7c khi s\u1eed d\u1ee5ng c\u00e1c c\u00f4ng c\u1ee5 th\u1ee7 c\u00f4ng. &#8211; Gi\u00fap b\u1ea3o v\u1ec7 l\u1ed1p, la r\u0103ng v\u00e0 h\u1ea1n ch\u1ebf [&hellip;]<\/p>","protected":false},"featured_media":3956,"comment_status":"open","ping_status":"closed","template":"","meta":[],"product_brand":[125],"product_cat":[96,158],"product_tag":[],"class_list":{"0":"post-3649","1":"product","2":"type-product","3":"status-publish","4":"has-post-thumbnail","6":"product_brand-maruni","7":"product_cat-vat-tu-tieu-hao","8":"product_cat-keo-va","10":"first","11":"instock","12":"taxable","13":"shipping-taxable","14":"purchasable","15":"product-type-simple"},"acf":[],"ct_brands":[{"id":125,"name":"Maruni","slug":"maruni"}],"yoast_head":"<!-- This site is optimized with the Yoast SEO Premium plugin v25.6 (Yoast SEO v25.6) - https:\/\/yoast.com\/wordpress\/plugins\/seo\/ -->\n<title>S\u00e1p B\u00f4i Tr\u01a1n M\u00e9p L\u1ed1p Maruni BWE-40 H\u1ed9p 4kg - An Ph\u00e1t<\/title>\n<meta name=\"robots\" content=\"index, follow, max-snippet:-1, max-image-preview:large, max-video-preview:-1\" \/>\n<link rel=\"canonical\" href=\"https:\/\/anphatvn.com.vn\/en\/product\/sap-boi-tron-mep-lop-maruni-bwe-40-hop-4kg\/\" \/>\n<meta property=\"og:locale\" content=\"en_US\" \/>\n<meta property=\"og:type\" content=\"article\" \/>\n<meta property=\"og:title\" content=\"S\u00e1p B\u00f4i Tr\u01a1n M\u00e9p L\u1ed1p Maruni BWE-40 H\u1ed9p 4kg\" \/>\n<meta property=\"og:description\" content=\"T\u00ean s\u1ea3n ph\u1ea9m: S\u00e1p B\u00f4i Tr\u01a1n M\u00e9p L\u1ed1p Maruni BWE-40 H\u1ed9p 4kg * \u0110\u1eb7c \u0111i\u1ec3m: &#8211; S\u00e1p\/Kem b\u00f4i l\u1ed1p l\u00e0 ch\u1ea5t d\u00f9ng \u0111\u1ec3 b\u00f4i tr\u01a1n m\u00e9p l\u1ed1p trong qu\u00e1 tr\u00ecnh s\u1eed d\u1ee5ng m\u00e1y th\u00e1o l\u1eafp l\u1ed1p ho\u1eb7c khi s\u1eed d\u1ee5ng c\u00e1c c\u00f4ng c\u1ee5 th\u1ee7 c\u00f4ng. &#8211; Gi\u00fap b\u1ea3o v\u1ec7 l\u1ed1p, la r\u0103ng v\u00e0 h\u1ea1n ch\u1ebf [&hellip;]\" \/>\n<meta property=\"og:url\" content=\"https:\/\/anphatvn.com.vn\/en\/product\/sap-boi-tron-mep-lop-maruni-bwe-40-hop-4kg\/\" \/>\n<meta property=\"og:site_name\" content=\"An Ph\u00e1t\" \/>\n<meta property=\"article:modified_time\" content=\"2026-04-13T02:01:31+00:00\" \/>\n<meta property=\"og:image\" content=\"https:\/\/anphatvn.com.vn\/wp-content\/uploads\/2026\/04\/SP7892-SP7893-Maruni-BWE-1.jpg\" \/>\n\t<meta property=\"og:image:width\" content=\"1200\" \/>\n\t<meta property=\"og:image:height\" content=\"1200\" \/>\n\t<meta property=\"og:image:type\" content=\"image\/jpeg\" \/>\n<meta name=\"twitter:card\" content=\"summary_large_image\" \/>\n<meta name=\"twitter:label1\" content=\"Est. reading time\" \/>\n\t<meta name=\"twitter:data1\" content=\"1 minute\" \/>\n<script type=\"application\/ld+json\" class=\"yoast-schema-graph\">{\"@context\":\"https:\/\/schema.org\",\"@graph\":[{\"@type\":\"WebPage\",\"@id\":\"https:\/\/anphatvn.com.vn\/san-pham\/sap-boi-tron-mep-lop-maruni-bwe-40-hop-4kg\/\",\"url\":\"https:\/\/anphatvn.com.vn\/san-pham\/sap-boi-tron-mep-lop-maruni-bwe-40-hop-4kg\/\",\"name\":\"S\u00e1p B\u00f4i Tr\u01a1n M\u00e9p L\u1ed1p Maruni BWE-40 H\u1ed9p 4kg - An Ph\u00e1t\",\"isPartOf\":{\"@id\":\"https:\/\/anphatvn.com.vn\/#website\"},\"primaryImageOfPage\":{\"@id\":\"https:\/\/anphatvn.com.vn\/san-pham\/sap-boi-tron-mep-lop-maruni-bwe-40-hop-4kg\/#primaryimage\"},\"image\":{\"@id\":\"https:\/\/anphatvn.com.vn\/san-pham\/sap-boi-tron-mep-lop-maruni-bwe-40-hop-4kg\/#primaryimage\"},\"thumbnailUrl\":\"https:\/\/anphatvn.com.vn\/wp-content\/uploads\/2026\/04\/SP7892-SP7893-Maruni-BWE-1.jpg\",\"datePublished\":\"2026-04-09T10:56:23+00:00\",\"dateModified\":\"2026-04-13T02:01:31+00:00\",\"breadcrumb\":{\"@id\":\"https:\/\/anphatvn.com.vn\/san-pham\/sap-boi-tron-mep-lop-maruni-bwe-40-hop-4kg\/#breadcrumb\"},\"inLanguage\":\"en-US\",\"potentialAction\":[{\"@type\":\"ReadAction\",\"target\":[\"https:\/\/anphatvn.com.vn\/san-pham\/sap-boi-tron-mep-lop-maruni-bwe-40-hop-4kg\/\"]}]},{\"@type\":\"ImageObject\",\"inLanguage\":\"en-US\",\"@id\":\"https:\/\/anphatvn.com.vn\/san-pham\/sap-boi-tron-mep-lop-maruni-bwe-40-hop-4kg\/#primaryimage\",\"url\":\"https:\/\/anphatvn.com.vn\/wp-content\/uploads\/2026\/04\/SP7892-SP7893-Maruni-BWE-1.jpg\",\"contentUrl\":\"https:\/\/anphatvn.com.vn\/wp-content\/uploads\/2026\/04\/SP7892-SP7893-Maruni-BWE-1.jpg\",\"width\":1200,\"height\":1200},{\"@type\":\"BreadcrumbList\",\"@id\":\"https:\/\/anphatvn.com.vn\/san-pham\/sap-boi-tron-mep-lop-maruni-bwe-40-hop-4kg\/#breadcrumb\",\"itemListElement\":[{\"@type\":\"ListItem\",\"position\":1,\"name\":\"Trang ch\u1ee7\",\"item\":\"https:\/\/anphatvn.com.vn\/\"},{\"@type\":\"ListItem\",\"position\":2,\"name\":\"S\u1ea3n ph\u1ea9m\",\"item\":\"https:\/\/anphatvn.com.vn\/san-pham\/\"},{\"@type\":\"ListItem\",\"position\":3,\"name\":\"S\u00e1p B\u00f4i Tr\u01a1n M\u00e9p L\u1ed1p Maruni BWE-40 H\u1ed9p 4kg\"}]},{\"@type\":\"WebSite\",\"@id\":\"https:\/\/anphatvn.com.vn\/#website\",\"url\":\"https:\/\/anphatvn.com.vn\/\",\"name\":\"An Ph\u00e1t\",\"description\":\"\",\"publisher\":{\"@id\":\"https:\/\/anphatvn.com.vn\/#organization\"},\"potentialAction\":[{\"@type\":\"SearchAction\",\"target\":{\"@type\":\"EntryPoint\",\"urlTemplate\":\"https:\/\/anphatvn.com.vn\/?s={search_term_string}\"},\"query-input\":{\"@type\":\"PropertyValueSpecification\",\"valueRequired\":true,\"valueName\":\"search_term_string\"}}],\"inLanguage\":\"en-US\"},{\"@type\":\"Organization\",\"@id\":\"https:\/\/anphatvn.com.vn\/#organization\",\"name\":\"An Ph\u00e1t\",\"url\":\"https:\/\/anphatvn.com.vn\/\",\"logo\":{\"@type\":\"ImageObject\",\"inLanguage\":\"en-US\",\"@id\":\"https:\/\/anphatvn.com.vn\/#\/schema\/logo\/image\/\",\"url\":\"https:\/\/anphatvn.com.vn\/wp-content\/uploads\/2025\/12\/an-phat-logo.png\",\"contentUrl\":\"https:\/\/anphatvn.com.vn\/wp-content\/uploads\/2025\/12\/an-phat-logo.png\",\"width\":74,\"height\":68,\"caption\":\"An Ph\u00e1t\"},\"image\":{\"@id\":\"https:\/\/anphatvn.com.vn\/#\/schema\/logo\/image\/\"}}]}<\/script>\n<!-- \/ Yoast SEO Premium plugin. -->","yoast_head_json":{"title":"S\u00e1p B\u00f4i Tr\u01a1n M\u00e9p L\u1ed1p Maruni BWE-40 H\u1ed9p 4kg - An Ph\u00e1t","robots":{"index":"index","follow":"follow","max-snippet":"max-snippet:-1","max-image-preview":"max-image-preview:large","max-video-preview":"max-video-preview:-1"},"canonical":"https:\/\/anphatvn.com.vn\/en\/product\/sap-boi-tron-mep-lop-maruni-bwe-40-hop-4kg\/","og_locale":"en_US","og_type":"article","og_title":"S\u00e1p B\u00f4i Tr\u01a1n M\u00e9p L\u1ed1p Maruni BWE-40 H\u1ed9p 4kg","og_description":"T\u00ean s\u1ea3n ph\u1ea9m: S\u00e1p B\u00f4i Tr\u01a1n M\u00e9p L\u1ed1p Maruni BWE-40 H\u1ed9p 4kg * \u0110\u1eb7c \u0111i\u1ec3m: &#8211; S\u00e1p\/Kem b\u00f4i l\u1ed1p l\u00e0 ch\u1ea5t d\u00f9ng \u0111\u1ec3 b\u00f4i tr\u01a1n m\u00e9p l\u1ed1p trong qu\u00e1 tr\u00ecnh s\u1eed d\u1ee5ng m\u00e1y th\u00e1o l\u1eafp l\u1ed1p ho\u1eb7c khi s\u1eed d\u1ee5ng c\u00e1c c\u00f4ng c\u1ee5 th\u1ee7 c\u00f4ng. &#8211; Gi\u00fap b\u1ea3o v\u1ec7 l\u1ed1p, la r\u0103ng v\u00e0 h\u1ea1n ch\u1ebf [&hellip;]","og_url":"https:\/\/anphatvn.com.vn\/en\/product\/sap-boi-tron-mep-lop-maruni-bwe-40-hop-4kg\/","og_site_name":"An Ph\u00e1t","article_modified_time":"2026-04-13T02:01:31+00:00","og_image":[{"width":1200,"height":1200,"url":"https:\/\/anphatvn.com.vn\/wp-content\/uploads\/2026\/04\/SP7892-SP7893-Maruni-BWE-1.jpg","type":"image\/jpeg"}],"twitter_card":"summary_large_image","twitter_misc":{"Est. reading time":"1 minute"},"schema":{"@context":"https:\/\/schema.org","@graph":[{"@type":"WebPage","@id":"https:\/\/anphatvn.com.vn\/san-pham\/sap-boi-tron-mep-lop-maruni-bwe-40-hop-4kg\/","url":"https:\/\/anphatvn.com.vn\/san-pham\/sap-boi-tron-mep-lop-maruni-bwe-40-hop-4kg\/","name":"S\u00e1p B\u00f4i Tr\u01a1n M\u00e9p L\u1ed1p Maruni BWE-40 H\u1ed9p 4kg - An Ph\u00e1t","isPartOf":{"@id":"https:\/\/anphatvn.com.vn\/#website"},"primaryImageOfPage":{"@id":"https:\/\/anphatvn.com.vn\/san-pham\/sap-boi-tron-mep-lop-maruni-bwe-40-hop-4kg\/#primaryimage"},"image":{"@id":"https:\/\/anphatvn.com.vn\/san-pham\/sap-boi-tron-mep-lop-maruni-bwe-40-hop-4kg\/#primaryimage"},"thumbnailUrl":"https:\/\/anphatvn.com.vn\/wp-content\/uploads\/2026\/04\/SP7892-SP7893-Maruni-BWE-1.jpg","datePublished":"2026-04-09T10:56:23+00:00","dateModified":"2026-04-13T02:01:31+00:00","breadcrumb":{"@id":"https:\/\/anphatvn.com.vn\/san-pham\/sap-boi-tron-mep-lop-maruni-bwe-40-hop-4kg\/#breadcrumb"},"inLanguage":"en-US","potentialAction":[{"@type":"ReadAction","target":["https:\/\/anphatvn.com.vn\/san-pham\/sap-boi-tron-mep-lop-maruni-bwe-40-hop-4kg\/"]}]},{"@type":"ImageObject","inLanguage":"en-US","@id":"https:\/\/anphatvn.com.vn\/san-pham\/sap-boi-tron-mep-lop-maruni-bwe-40-hop-4kg\/#primaryimage","url":"https:\/\/anphatvn.com.vn\/wp-content\/uploads\/2026\/04\/SP7892-SP7893-Maruni-BWE-1.jpg","contentUrl":"https:\/\/anphatvn.com.vn\/wp-content\/uploads\/2026\/04\/SP7892-SP7893-Maruni-BWE-1.jpg","width":1200,"height":1200},{"@type":"BreadcrumbList","@id":"https:\/\/anphatvn.com.vn\/san-pham\/sap-boi-tron-mep-lop-maruni-bwe-40-hop-4kg\/#breadcrumb","itemListElement":[{"@type":"ListItem","position":1,"name":"Trang ch\u1ee7","item":"https:\/\/anphatvn.com.vn\/"},{"@type":"ListItem","position":2,"name":"S\u1ea3n ph\u1ea9m","item":"https:\/\/anphatvn.com.vn\/san-pham\/"},{"@type":"ListItem","position":3,"name":"S\u00e1p B\u00f4i Tr\u01a1n M\u00e9p L\u1ed1p Maruni BWE-40 H\u1ed9p 4kg"}]},{"@type":"WebSite","@id":"https:\/\/anphatvn.com.vn\/#website","url":"https:\/\/anphatvn.com.vn\/","name":"An Ph\u00e1t","description":"","publisher":{"@id":"https:\/\/anphatvn.com.vn\/#organization"},"potentialAction":[{"@type":"SearchAction","target":{"@type":"EntryPoint","urlTemplate":"https:\/\/anphatvn.com.vn\/?s={search_term_string}"},"query-input":{"@type":"PropertyValueSpecification","valueRequired":true,"valueName":"search_term_string"}}],"inLanguage":"en-US"},{"@type":"Organization","@id":"https:\/\/anphatvn.com.vn\/#organization","name":"An Ph\u00e1t","url":"https:\/\/anphatvn.com.vn\/","logo":{"@type":"ImageObject","inLanguage":"en-US","@id":"https:\/\/anphatvn.com.vn\/#\/schema\/logo\/image\/","url":"https:\/\/anphatvn.com.vn\/wp-content\/uploads\/2025\/12\/an-phat-logo.png","contentUrl":"https:\/\/anphatvn.com.vn\/wp-content\/uploads\/2025\/12\/an-phat-logo.png","width":74,"height":68,"caption":"An Ph\u00e1t"},"image":{"@id":"https:\/\/anphatvn.com.vn\/#\/schema\/logo\/image\/"}}]}},"_links":{"self":[{"href":"https:\/\/anphatvn.com.vn\/en\/wp-json\/wp\/v2\/product\/3649","targetHints":{"allow":["GET"]}}],"collection":[{"href":"https:\/\/anphatvn.com.vn\/en\/wp-json\/wp\/v2\/product"}],"about":[{"href":"https:\/\/anphatvn.com.vn\/en\/wp-json\/wp\/v2\/types\/product"}],"replies":[{"embeddable":true,"href":"https:\/\/anphatvn.com.vn\/en\/wp-json\/wp\/v2\/comments?post=3649"}],"wp:featuredmedia":[{"embeddable":true,"href":"https:\/\/anphatvn.com.vn\/en\/wp-json\/wp\/v2\/media\/3956"}],"wp:attachment":[{"href":"https:\/\/anphatvn.com.vn\/en\/wp-json\/wp\/v2\/media?parent=3649"}],"wp:term":[{"taxonomy":"product_brand","embeddable":true,"href":"https:\/\/anphatvn.com.vn\/en\/wp-json\/wp\/v2\/product_brand?post=3649"},{"taxonomy":"product_cat","embeddable":true,"href":"https:\/\/anphatvn.com.vn\/en\/wp-json\/wp\/v2\/product_cat?post=3649"},{"taxonomy":"product_tag","embeddable":true,"href":"https:\/\/anphatvn.com.vn\/en\/wp-json\/wp\/v2\/product_tag?post=3649"}],"curies":[{"name":"wp","href":"https:\/\/api.w.org\/{rel}","templated":true}]}}