{"id":3642,"date":"2026-04-09T17:56:16","date_gmt":"2026-04-09T10:56:16","guid":{"rendered":"https:\/\/anphatvn.com.vn\/san-pham\/dung-dich-lam-sach-cao-su-maruni-lb-500-lo-500ml\/"},"modified":"2026-04-13T09:38:27","modified_gmt":"2026-04-13T02:38:27","slug":"dung-dich-lam-sach-cao-su-maruni-lb-500-lo-500ml","status":"publish","type":"product","link":"https:\/\/anphatvn.com.vn\/en\/product\/dung-dich-lam-sach-cao-su-maruni-lb-500-lo-500ml\/","title":{"rendered":"Dung D\u1ecbch L\u00e0m S\u1ea1ch Cao Su Maruni LB-500 L\u1ecd 500ml"},"content":{"rendered":"<p>T\u00ean s\u1ea3n ph\u1ea9m: Dung D\u1ecbch L\u00e0m S\u1ea1ch Cao Su Maruni LB-500 L\u1ecd 500ml<\/p>\n<p>* C\u00f4ng d\u1ee5ng:<br \/>\nTr\u01b0\u1edbc khi d\u00e1n mi\u1ebfng v\u00e1 l\u1ed1p ho\u1eb7c mi\u1ebfng v\u00e1 s\u0103m, nh\u1eefng ng\u01b0\u1eddi th\u1ee3 s\u1ebd x\u1ecbt dung d\u1ecbch l\u00ean v\u1ecb tr\u00ed chu\u1ea9n b\u1ecb v\u00e1, v\u1eeba gi\u00fap l\u00e0m m\u1ec1m, v\u1eeba gi\u00fap l\u00e0m s\u1ea1ch cao su. Thao t\u00e1c n\u00e0y s\u1ebd gi\u00fap c\u00f4ng \u0111o\u1ea1n v\u00e1 l\u1ed1p tr\u1edf n\u00ean d\u1ec5 d\u00e0ng h\u01a1n r\u1ea5t nhi\u1ec1u.<\/p>\n<p>* \u0110\u1eb7c \u0111i\u1ec3m:<br \/>\n&#8211; Xu\u1ea5t x\u1ee9: Nh\u1eadt B\u1ea3n<br \/>\n&#8211; Th\u01b0\u01a1ng hi\u1ec7u: MARUNI<br \/>\n&#8211; \u0110\u1ed9 an to\u00e0n cao, kh\u00f4ng b\u1eaft ch\u00e1y<\/p>\n<p>* \u0110\u00f3ng g\u00f3i:<br \/>\nL\u1ecd 500ml<\/p>\n<p>* Cam k\u1ebft c\u1ee7a ch\u00fang t\u00f4i<br \/>\n&#8211; Cam k\u1ebft b\u00e1n h\u00e0ng ch\u00ednh h\u00e3ng UY T\u00cdN &#8211; CH\u1ea4T L\u01af\u1ee2NG<br \/>\n&#8211; S\u1ea3n ph\u1ea9m \u0111\u1ec1u gi\u1ed1ng h\u00ecnh v\u00e0 l\u00e0 \u1ea3nh th\u1eadt do shop t\u1ef1 ch\u1ee5p<br \/>\n&#8211; H\u00e0ng \u0111\u01b0\u1ee3c \u0111\u00f3ng g\u00f3i c\u1ea9n th\u1eadn, ch\u1eafc ch\u1eafn.<br \/>\n&#8211; Shop nh\u1eadn \u0111\u1ed5i tr\u1ea3 khi ph\u00e1t hi\u1ec7n l\u1ed7i do nh\u00e0 s\u1ea3n xu\u1ea5t k\u00e8m video quay l\u1ea1i qu\u00e1 tr\u00ecnh khui h\u00e0ng. (L\u01b0u \u00fd)<\/p>\n<p>* L\u01b0u \u00fd: Kh\u00e1ch h\u00e0ng vui l\u00f2ng xem k\u1ef9 ph\u00e2n lo\u1ea1i tr\u01b0\u1edbc khi \u0111\u1eb7t h\u00e0ng.<\/p>","protected":false},"excerpt":{"rendered":"<p>T\u00ean s\u1ea3n ph\u1ea9m: Dung D\u1ecbch L\u00e0m S\u1ea1ch Cao Su Maruni LB-500 L\u1ecd 500ml * C\u00f4ng d\u1ee5ng: Tr\u01b0\u1edbc khi d\u00e1n mi\u1ebfng v\u00e1 l\u1ed1p ho\u1eb7c mi\u1ebfng v\u00e1 s\u0103m, nh\u1eefng ng\u01b0\u1eddi th\u1ee3 s\u1ebd x\u1ecbt dung d\u1ecbch l\u00ean v\u1ecb tr\u00ed chu\u1ea9n b\u1ecb v\u00e1, v\u1eeba gi\u00fap l\u00e0m m\u1ec1m, v\u1eeba gi\u00fap l\u00e0m s\u1ea1ch cao su. Thao t\u00e1c n\u00e0y s\u1ebd gi\u00fap c\u00f4ng [&hellip;]<\/p>","protected":false},"featured_media":3994,"comment_status":"open","ping_status":"closed","template":"","meta":[],"product_brand":[125],"product_cat":[96,158],"product_tag":[],"class_list":{"0":"post-3642","1":"product","2":"type-product","3":"status-publish","4":"has-post-thumbnail","6":"product_brand-maruni","7":"product_cat-vat-tu-tieu-hao","8":"product_cat-keo-va","10":"first","11":"instock","12":"taxable","13":"shipping-taxable","14":"purchasable","15":"product-type-simple"},"acf":[],"ct_brands":[{"id":125,"name":"Maruni","slug":"maruni"}],"yoast_head":"<!-- This site is optimized with the Yoast SEO Premium plugin v25.6 (Yoast SEO v25.6) - https:\/\/yoast.com\/wordpress\/plugins\/seo\/ -->\n<title>Dung D\u1ecbch L\u00e0m S\u1ea1ch Cao Su Maruni LB-500 L\u1ecd 500ml - An Ph\u00e1t<\/title>\n<meta name=\"robots\" content=\"index, follow, max-snippet:-1, max-image-preview:large, max-video-preview:-1\" \/>\n<link rel=\"canonical\" href=\"https:\/\/anphatvn.com.vn\/en\/product\/dung-dich-lam-sach-cao-su-maruni-lb-500-lo-500ml\/\" \/>\n<meta property=\"og:locale\" content=\"en_US\" \/>\n<meta property=\"og:type\" content=\"article\" \/>\n<meta property=\"og:title\" content=\"Dung D\u1ecbch L\u00e0m S\u1ea1ch Cao Su Maruni LB-500 L\u1ecd 500ml\" \/>\n<meta property=\"og:description\" content=\"T\u00ean s\u1ea3n ph\u1ea9m: Dung D\u1ecbch L\u00e0m S\u1ea1ch Cao Su Maruni LB-500 L\u1ecd 500ml * C\u00f4ng d\u1ee5ng: Tr\u01b0\u1edbc khi d\u00e1n mi\u1ebfng v\u00e1 l\u1ed1p ho\u1eb7c mi\u1ebfng v\u00e1 s\u0103m, nh\u1eefng ng\u01b0\u1eddi th\u1ee3 s\u1ebd x\u1ecbt dung d\u1ecbch l\u00ean v\u1ecb tr\u00ed chu\u1ea9n b\u1ecb v\u00e1, v\u1eeba gi\u00fap l\u00e0m m\u1ec1m, v\u1eeba gi\u00fap l\u00e0m s\u1ea1ch cao su. Thao t\u00e1c n\u00e0y s\u1ebd gi\u00fap c\u00f4ng [&hellip;]\" \/>\n<meta property=\"og:url\" content=\"https:\/\/anphatvn.com.vn\/en\/product\/dung-dich-lam-sach-cao-su-maruni-lb-500-lo-500ml\/\" \/>\n<meta property=\"og:site_name\" content=\"An Ph\u00e1t\" \/>\n<meta property=\"article:modified_time\" content=\"2026-04-13T02:38:27+00:00\" \/>\n<meta property=\"og:image\" content=\"https:\/\/anphatvn.com.vn\/wp-content\/uploads\/2026\/04\/SP7900-SP7899-Maruni-LB.jpg\" \/>\n\t<meta property=\"og:image:width\" content=\"1200\" \/>\n\t<meta property=\"og:image:height\" content=\"1200\" \/>\n\t<meta property=\"og:image:type\" content=\"image\/jpeg\" \/>\n<meta name=\"twitter:card\" content=\"summary_large_image\" \/>\n<meta name=\"twitter:label1\" content=\"Est. reading time\" \/>\n\t<meta name=\"twitter:data1\" content=\"2 minutes\" \/>\n<script type=\"application\/ld+json\" class=\"yoast-schema-graph\">{\"@context\":\"https:\/\/schema.org\",\"@graph\":[{\"@type\":\"WebPage\",\"@id\":\"https:\/\/anphatvn.com.vn\/san-pham\/dung-dich-lam-sach-cao-su-maruni-lb-500-lo-500ml\/\",\"url\":\"https:\/\/anphatvn.com.vn\/san-pham\/dung-dich-lam-sach-cao-su-maruni-lb-500-lo-500ml\/\",\"name\":\"Dung D\u1ecbch L\u00e0m S\u1ea1ch Cao Su Maruni LB-500 L\u1ecd 500ml - An Ph\u00e1t\",\"isPartOf\":{\"@id\":\"https:\/\/anphatvn.com.vn\/#website\"},\"primaryImageOfPage\":{\"@id\":\"https:\/\/anphatvn.com.vn\/san-pham\/dung-dich-lam-sach-cao-su-maruni-lb-500-lo-500ml\/#primaryimage\"},\"image\":{\"@id\":\"https:\/\/anphatvn.com.vn\/san-pham\/dung-dich-lam-sach-cao-su-maruni-lb-500-lo-500ml\/#primaryimage\"},\"thumbnailUrl\":\"https:\/\/anphatvn.com.vn\/wp-content\/uploads\/2026\/04\/SP7900-SP7899-Maruni-LB.jpg\",\"datePublished\":\"2026-04-09T10:56:16+00:00\",\"dateModified\":\"2026-04-13T02:38:27+00:00\",\"breadcrumb\":{\"@id\":\"https:\/\/anphatvn.com.vn\/san-pham\/dung-dich-lam-sach-cao-su-maruni-lb-500-lo-500ml\/#breadcrumb\"},\"inLanguage\":\"en-US\",\"potentialAction\":[{\"@type\":\"ReadAction\",\"target\":[\"https:\/\/anphatvn.com.vn\/san-pham\/dung-dich-lam-sach-cao-su-maruni-lb-500-lo-500ml\/\"]}]},{\"@type\":\"ImageObject\",\"inLanguage\":\"en-US\",\"@id\":\"https:\/\/anphatvn.com.vn\/san-pham\/dung-dich-lam-sach-cao-su-maruni-lb-500-lo-500ml\/#primaryimage\",\"url\":\"https:\/\/anphatvn.com.vn\/wp-content\/uploads\/2026\/04\/SP7900-SP7899-Maruni-LB.jpg\",\"contentUrl\":\"https:\/\/anphatvn.com.vn\/wp-content\/uploads\/2026\/04\/SP7900-SP7899-Maruni-LB.jpg\",\"width\":1200,\"height\":1200},{\"@type\":\"BreadcrumbList\",\"@id\":\"https:\/\/anphatvn.com.vn\/san-pham\/dung-dich-lam-sach-cao-su-maruni-lb-500-lo-500ml\/#breadcrumb\",\"itemListElement\":[{\"@type\":\"ListItem\",\"position\":1,\"name\":\"Trang ch\u1ee7\",\"item\":\"https:\/\/anphatvn.com.vn\/\"},{\"@type\":\"ListItem\",\"position\":2,\"name\":\"S\u1ea3n ph\u1ea9m\",\"item\":\"https:\/\/anphatvn.com.vn\/san-pham\/\"},{\"@type\":\"ListItem\",\"position\":3,\"name\":\"Dung D\u1ecbch L\u00e0m S\u1ea1ch Cao Su Maruni LB-500 L\u1ecd 500ml\"}]},{\"@type\":\"WebSite\",\"@id\":\"https:\/\/anphatvn.com.vn\/#website\",\"url\":\"https:\/\/anphatvn.com.vn\/\",\"name\":\"An Ph\u00e1t\",\"description\":\"\",\"publisher\":{\"@id\":\"https:\/\/anphatvn.com.vn\/#organization\"},\"potentialAction\":[{\"@type\":\"SearchAction\",\"target\":{\"@type\":\"EntryPoint\",\"urlTemplate\":\"https:\/\/anphatvn.com.vn\/?s={search_term_string}\"},\"query-input\":{\"@type\":\"PropertyValueSpecification\",\"valueRequired\":true,\"valueName\":\"search_term_string\"}}],\"inLanguage\":\"en-US\"},{\"@type\":\"Organization\",\"@id\":\"https:\/\/anphatvn.com.vn\/#organization\",\"name\":\"An Ph\u00e1t\",\"url\":\"https:\/\/anphatvn.com.vn\/\",\"logo\":{\"@type\":\"ImageObject\",\"inLanguage\":\"en-US\",\"@id\":\"https:\/\/anphatvn.com.vn\/#\/schema\/logo\/image\/\",\"url\":\"https:\/\/anphatvn.com.vn\/wp-content\/uploads\/2025\/12\/an-phat-logo.png\",\"contentUrl\":\"https:\/\/anphatvn.com.vn\/wp-content\/uploads\/2025\/12\/an-phat-logo.png\",\"width\":74,\"height\":68,\"caption\":\"An Ph\u00e1t\"},\"image\":{\"@id\":\"https:\/\/anphatvn.com.vn\/#\/schema\/logo\/image\/\"}}]}<\/script>\n<!-- \/ Yoast SEO Premium plugin. -->","yoast_head_json":{"title":"Dung D\u1ecbch L\u00e0m S\u1ea1ch Cao Su Maruni LB-500 L\u1ecd 500ml - An Ph\u00e1t","robots":{"index":"index","follow":"follow","max-snippet":"max-snippet:-1","max-image-preview":"max-image-preview:large","max-video-preview":"max-video-preview:-1"},"canonical":"https:\/\/anphatvn.com.vn\/en\/product\/dung-dich-lam-sach-cao-su-maruni-lb-500-lo-500ml\/","og_locale":"en_US","og_type":"article","og_title":"Dung D\u1ecbch L\u00e0m S\u1ea1ch Cao Su Maruni LB-500 L\u1ecd 500ml","og_description":"T\u00ean s\u1ea3n ph\u1ea9m: Dung D\u1ecbch L\u00e0m S\u1ea1ch Cao Su Maruni LB-500 L\u1ecd 500ml * C\u00f4ng d\u1ee5ng: Tr\u01b0\u1edbc khi d\u00e1n mi\u1ebfng v\u00e1 l\u1ed1p ho\u1eb7c mi\u1ebfng v\u00e1 s\u0103m, nh\u1eefng ng\u01b0\u1eddi th\u1ee3 s\u1ebd x\u1ecbt dung d\u1ecbch l\u00ean v\u1ecb tr\u00ed chu\u1ea9n b\u1ecb v\u00e1, v\u1eeba gi\u00fap l\u00e0m m\u1ec1m, v\u1eeba gi\u00fap l\u00e0m s\u1ea1ch cao su. Thao t\u00e1c n\u00e0y s\u1ebd gi\u00fap c\u00f4ng [&hellip;]","og_url":"https:\/\/anphatvn.com.vn\/en\/product\/dung-dich-lam-sach-cao-su-maruni-lb-500-lo-500ml\/","og_site_name":"An Ph\u00e1t","article_modified_time":"2026-04-13T02:38:27+00:00","og_image":[{"width":1200,"height":1200,"url":"https:\/\/anphatvn.com.vn\/wp-content\/uploads\/2026\/04\/SP7900-SP7899-Maruni-LB.jpg","type":"image\/jpeg"}],"twitter_card":"summary_large_image","twitter_misc":{"Est. reading time":"2 minutes"},"schema":{"@context":"https:\/\/schema.org","@graph":[{"@type":"WebPage","@id":"https:\/\/anphatvn.com.vn\/san-pham\/dung-dich-lam-sach-cao-su-maruni-lb-500-lo-500ml\/","url":"https:\/\/anphatvn.com.vn\/san-pham\/dung-dich-lam-sach-cao-su-maruni-lb-500-lo-500ml\/","name":"Dung D\u1ecbch L\u00e0m S\u1ea1ch Cao Su Maruni LB-500 L\u1ecd 500ml - An Ph\u00e1t","isPartOf":{"@id":"https:\/\/anphatvn.com.vn\/#website"},"primaryImageOfPage":{"@id":"https:\/\/anphatvn.com.vn\/san-pham\/dung-dich-lam-sach-cao-su-maruni-lb-500-lo-500ml\/#primaryimage"},"image":{"@id":"https:\/\/anphatvn.com.vn\/san-pham\/dung-dich-lam-sach-cao-su-maruni-lb-500-lo-500ml\/#primaryimage"},"thumbnailUrl":"https:\/\/anphatvn.com.vn\/wp-content\/uploads\/2026\/04\/SP7900-SP7899-Maruni-LB.jpg","datePublished":"2026-04-09T10:56:16+00:00","dateModified":"2026-04-13T02:38:27+00:00","breadcrumb":{"@id":"https:\/\/anphatvn.com.vn\/san-pham\/dung-dich-lam-sach-cao-su-maruni-lb-500-lo-500ml\/#breadcrumb"},"inLanguage":"en-US","potentialAction":[{"@type":"ReadAction","target":["https:\/\/anphatvn.com.vn\/san-pham\/dung-dich-lam-sach-cao-su-maruni-lb-500-lo-500ml\/"]}]},{"@type":"ImageObject","inLanguage":"en-US","@id":"https:\/\/anphatvn.com.vn\/san-pham\/dung-dich-lam-sach-cao-su-maruni-lb-500-lo-500ml\/#primaryimage","url":"https:\/\/anphatvn.com.vn\/wp-content\/uploads\/2026\/04\/SP7900-SP7899-Maruni-LB.jpg","contentUrl":"https:\/\/anphatvn.com.vn\/wp-content\/uploads\/2026\/04\/SP7900-SP7899-Maruni-LB.jpg","width":1200,"height":1200},{"@type":"BreadcrumbList","@id":"https:\/\/anphatvn.com.vn\/san-pham\/dung-dich-lam-sach-cao-su-maruni-lb-500-lo-500ml\/#breadcrumb","itemListElement":[{"@type":"ListItem","position":1,"name":"Trang ch\u1ee7","item":"https:\/\/anphatvn.com.vn\/"},{"@type":"ListItem","position":2,"name":"S\u1ea3n ph\u1ea9m","item":"https:\/\/anphatvn.com.vn\/san-pham\/"},{"@type":"ListItem","position":3,"name":"Dung D\u1ecbch L\u00e0m S\u1ea1ch Cao Su Maruni LB-500 L\u1ecd 500ml"}]},{"@type":"WebSite","@id":"https:\/\/anphatvn.com.vn\/#website","url":"https:\/\/anphatvn.com.vn\/","name":"An Ph\u00e1t","description":"","publisher":{"@id":"https:\/\/anphatvn.com.vn\/#organization"},"potentialAction":[{"@type":"SearchAction","target":{"@type":"EntryPoint","urlTemplate":"https:\/\/anphatvn.com.vn\/?s={search_term_string}"},"query-input":{"@type":"PropertyValueSpecification","valueRequired":true,"valueName":"search_term_string"}}],"inLanguage":"en-US"},{"@type":"Organization","@id":"https:\/\/anphatvn.com.vn\/#organization","name":"An Ph\u00e1t","url":"https:\/\/anphatvn.com.vn\/","logo":{"@type":"ImageObject","inLanguage":"en-US","@id":"https:\/\/anphatvn.com.vn\/#\/schema\/logo\/image\/","url":"https:\/\/anphatvn.com.vn\/wp-content\/uploads\/2025\/12\/an-phat-logo.png","contentUrl":"https:\/\/anphatvn.com.vn\/wp-content\/uploads\/2025\/12\/an-phat-logo.png","width":74,"height":68,"caption":"An Ph\u00e1t"},"image":{"@id":"https:\/\/anphatvn.com.vn\/#\/schema\/logo\/image\/"}}]}},"_links":{"self":[{"href":"https:\/\/anphatvn.com.vn\/en\/wp-json\/wp\/v2\/product\/3642","targetHints":{"allow":["GET"]}}],"collection":[{"href":"https:\/\/anphatvn.com.vn\/en\/wp-json\/wp\/v2\/product"}],"about":[{"href":"https:\/\/anphatvn.com.vn\/en\/wp-json\/wp\/v2\/types\/product"}],"replies":[{"embeddable":true,"href":"https:\/\/anphatvn.com.vn\/en\/wp-json\/wp\/v2\/comments?post=3642"}],"wp:featuredmedia":[{"embeddable":true,"href":"https:\/\/anphatvn.com.vn\/en\/wp-json\/wp\/v2\/media\/3994"}],"wp:attachment":[{"href":"https:\/\/anphatvn.com.vn\/en\/wp-json\/wp\/v2\/media?parent=3642"}],"wp:term":[{"taxonomy":"product_brand","embeddable":true,"href":"https:\/\/anphatvn.com.vn\/en\/wp-json\/wp\/v2\/product_brand?post=3642"},{"taxonomy":"product_cat","embeddable":true,"href":"https:\/\/anphatvn.com.vn\/en\/wp-json\/wp\/v2\/product_cat?post=3642"},{"taxonomy":"product_tag","embeddable":true,"href":"https:\/\/anphatvn.com.vn\/en\/wp-json\/wp\/v2\/product_tag?post=3642"}],"curies":[{"name":"wp","href":"https:\/\/api.w.org\/{rel}","templated":true}]}}