{"id":3637,"date":"2026-04-09T17:56:09","date_gmt":"2026-04-09T10:56:09","guid":{"rendered":"https:\/\/anphatvn.com.vn\/san-pham\/hop-20-cai-nam-va-lop-maruni-pw-3505-5x35mm\/"},"modified":"2026-04-10T11:23:41","modified_gmt":"2026-04-10T04:23:41","slug":"hop-20-cai-nam-va-lop-maruni-pw-3505-5x35mm","status":"publish","type":"product","link":"https:\/\/anphatvn.com.vn\/en\/product\/hop-20-cai-nam-va-lop-maruni-pw-3505-5x35mm\/","title":{"rendered":"H\u1ed9p 20 C\u00e1i N\u1ea5m V\u00e1 L\u1ed1p Maruni PW-3505 5x35mm"},"content":{"rendered":"<p>T\u00ean s\u1ea3n ph\u1ea9m: H\u1ed9p 20 C\u00e1i N\u1ea5m V\u00e1 L\u1ed1p Maruni PW-3505 5x35mm<\/p>\n<p>* C\u00f4ng d\u1ee5ng:<br \/>\nB\u1ecbt k\u00edn l\u1ed7 th\u1ee7ng t\u1eeb trong ra ngo\u00e0i, h\u1ea1n ch\u1ebf n\u01b0\u1edbc v\u00e0 b\u1ee5i b\u1ea9n l\u1ecdt v\u00e0o g\u00e2y t\u00e1ch m\u00e0nh l\u1ed1p ho\u1eb7c ph\u00e1 h\u1ee7y mi\u1ebfng v\u00e1 b\u00ean trong.<\/p>\n<p>* Model: PW-3505<br \/>\n* Xu\u1ea5t x\u1ee9: Nh\u1eadt B\u1ea3n<br \/>\n* Th\u01b0\u01a1ng hi\u1ec7u: MARUNI<br \/>\n* H\u00ecnh d\u1ea1ng: H\u00ecnh n\u1ea5m<br \/>\n* K\u00edch th\u01b0\u1edbc: 35x5mm (m\u1eb7t n\u1ea5m x th\u00e2n n\u1ea5m)<br \/>\n* S\u1ed1 l\u01b0\u1ee3ng: 20 mi\u1ebfng\/h\u1ed9p<\/p>\n<p>* \u0110\u1eb7c \u0111i\u1ec3m n\u1ed5i b\u1eadt:<br \/>\n&#8211; Cao su t\u1ef1 nhi\u00ean ch\u1ea5t l\u01b0\u1ee3ng cao, b\u1ec1n d\u1ebbo, kh\u00f3 b\u1ecb kh\u00f4 c\u1ee9ng<br \/>\n&#8211; K\u1ebft c\u1ea5u ch\u1eafc ch\u1eafn, kh\u00f3 b\u1ecb \u0111\u1ee9t ch\u00e2n n\u1ea5m<br \/>\n&#8211; C\u00f3 th\u1ec3 v\u00e1 ch\u1ed3ng l\u00ean nhau<br \/>\n&#8211; Th\u00edch h\u1ee3p v\u1edbi nhi\u1ec1u lo\u1ea1i l\u1ed1p<\/p>\n<p>* Cam k\u1ebft c\u1ee7a ch\u00fang t\u00f4i:<br \/>\n&#8211; Cam k\u1ebft b\u00e1n h\u00e0ng ch\u00ednh h\u00e3ng, uy t\u00edn &#8211; ch\u1ea5t l\u01b0\u1ee3ng<br \/>\n&#8211; S\u1ea3n ph\u1ea9m \u0111\u00fang m\u00f4 t\u1ea3, \u0111\u00fang h\u00ecnh \u1ea3nh<br \/>\n&#8211; \u0110\u00f3ng g\u00f3i c\u1ea9n th\u1eadn, ch\u1eafc ch\u1eafn<br \/>\n&#8211; H\u1ed7 tr\u1ee3 \u0111\u1ed5i tr\u1ea3 n\u1ebfu ph\u00e1t hi\u1ec7n l\u1ed7i do nh\u00e0 s\u1ea3n xu\u1ea5t (k\u00e8m video m\u1edf h\u00e0ng)<\/p>\n<p>*L\u01b0u \u00fd: Ch\u1ec9 s\u1eed d\u1ee5ng \u1edf v\u1ecb tr\u00ed l\u1ed7 th\u1ee7ng vu\u00f4ng g\u00f3c v\u1edbi m\u1eb7t l\u1ed1p ho\u1eb7c g\u00f3c nghi\u00eang kh\u00f4ng qu\u00e1 20 \u0111\u1ed9.<\/p>","protected":false},"excerpt":{"rendered":"<p>T\u00ean s\u1ea3n ph\u1ea9m: H\u1ed9p 20 C\u00e1i N\u1ea5m V\u00e1 L\u1ed1p Maruni PW-3505 5x35mm * C\u00f4ng d\u1ee5ng: B\u1ecbt k\u00edn l\u1ed7 th\u1ee7ng t\u1eeb trong ra ngo\u00e0i, h\u1ea1n ch\u1ebf n\u01b0\u1edbc v\u00e0 b\u1ee5i b\u1ea9n l\u1ecdt v\u00e0o g\u00e2y t\u00e1ch m\u00e0nh l\u1ed1p ho\u1eb7c ph\u00e1 h\u1ee7y mi\u1ebfng v\u00e1 b\u00ean trong. * Model: PW-3505 * Xu\u1ea5t x\u1ee9: Nh\u1eadt B\u1ea3n * Th\u01b0\u01a1ng hi\u1ec7u: MARUNI * [&hellip;]<\/p>","protected":false},"featured_media":3914,"comment_status":"open","ping_status":"closed","template":"","meta":[],"product_brand":[125],"product_cat":[96,97],"product_tag":[],"class_list":{"0":"post-3637","1":"product","2":"type-product","3":"status-publish","4":"has-post-thumbnail","6":"product_brand-maruni","7":"product_cat-vat-tu-tieu-hao","8":"product_cat-mieng-va","10":"first","11":"instock","12":"taxable","13":"shipping-taxable","14":"purchasable","15":"product-type-simple"},"acf":[],"ct_brands":[{"id":125,"name":"Maruni","slug":"maruni"}],"yoast_head":"<!-- This site is optimized with the Yoast SEO Premium plugin v25.6 (Yoast SEO v25.6) - https:\/\/yoast.com\/wordpress\/plugins\/seo\/ -->\n<title>H\u1ed9p 20 C\u00e1i N\u1ea5m V\u00e1 L\u1ed1p Maruni PW-3505 5x35mm - An Ph\u00e1t<\/title>\n<meta name=\"robots\" content=\"index, follow, max-snippet:-1, max-image-preview:large, max-video-preview:-1\" \/>\n<link rel=\"canonical\" href=\"https:\/\/anphatvn.com.vn\/en\/product\/hop-20-cai-nam-va-lop-maruni-pw-3505-5x35mm\/\" \/>\n<meta property=\"og:locale\" content=\"en_US\" \/>\n<meta property=\"og:type\" content=\"article\" \/>\n<meta property=\"og:title\" content=\"H\u1ed9p 20 C\u00e1i N\u1ea5m V\u00e1 L\u1ed1p Maruni PW-3505 5x35mm\" \/>\n<meta property=\"og:description\" content=\"T\u00ean s\u1ea3n ph\u1ea9m: H\u1ed9p 20 C\u00e1i N\u1ea5m V\u00e1 L\u1ed1p Maruni PW-3505 5x35mm * C\u00f4ng d\u1ee5ng: B\u1ecbt k\u00edn l\u1ed7 th\u1ee7ng t\u1eeb trong ra ngo\u00e0i, h\u1ea1n ch\u1ebf n\u01b0\u1edbc v\u00e0 b\u1ee5i b\u1ea9n l\u1ecdt v\u00e0o g\u00e2y t\u00e1ch m\u00e0nh l\u1ed1p ho\u1eb7c ph\u00e1 h\u1ee7y mi\u1ebfng v\u00e1 b\u00ean trong. * Model: PW-3505 * Xu\u1ea5t x\u1ee9: Nh\u1eadt B\u1ea3n * Th\u01b0\u01a1ng hi\u1ec7u: MARUNI * [&hellip;]\" \/>\n<meta property=\"og:url\" content=\"https:\/\/anphatvn.com.vn\/en\/product\/hop-20-cai-nam-va-lop-maruni-pw-3505-5x35mm\/\" \/>\n<meta property=\"og:site_name\" content=\"An Ph\u00e1t\" \/>\n<meta property=\"article:modified_time\" content=\"2026-04-10T04:23:41+00:00\" \/>\n<meta property=\"og:image\" content=\"https:\/\/anphatvn.com.vn\/wp-content\/uploads\/2026\/04\/Maruni-nam-va-2.jpg\" \/>\n\t<meta property=\"og:image:width\" content=\"1200\" \/>\n\t<meta property=\"og:image:height\" content=\"1200\" \/>\n\t<meta property=\"og:image:type\" content=\"image\/jpeg\" \/>\n<meta name=\"twitter:card\" content=\"summary_large_image\" \/>\n<meta name=\"twitter:label1\" content=\"Est. reading time\" \/>\n\t<meta name=\"twitter:data1\" content=\"2 minutes\" \/>\n<script type=\"application\/ld+json\" class=\"yoast-schema-graph\">{\"@context\":\"https:\/\/schema.org\",\"@graph\":[{\"@type\":\"WebPage\",\"@id\":\"https:\/\/anphatvn.com.vn\/san-pham\/hop-20-cai-nam-va-lop-maruni-pw-3505-5x35mm\/\",\"url\":\"https:\/\/anphatvn.com.vn\/san-pham\/hop-20-cai-nam-va-lop-maruni-pw-3505-5x35mm\/\",\"name\":\"H\u1ed9p 20 C\u00e1i N\u1ea5m V\u00e1 L\u1ed1p Maruni PW-3505 5x35mm - An Ph\u00e1t\",\"isPartOf\":{\"@id\":\"https:\/\/anphatvn.com.vn\/#website\"},\"primaryImageOfPage\":{\"@id\":\"https:\/\/anphatvn.com.vn\/san-pham\/hop-20-cai-nam-va-lop-maruni-pw-3505-5x35mm\/#primaryimage\"},\"image\":{\"@id\":\"https:\/\/anphatvn.com.vn\/san-pham\/hop-20-cai-nam-va-lop-maruni-pw-3505-5x35mm\/#primaryimage\"},\"thumbnailUrl\":\"https:\/\/anphatvn.com.vn\/wp-content\/uploads\/2026\/04\/Maruni-nam-va-2.jpg\",\"datePublished\":\"2026-04-09T10:56:09+00:00\",\"dateModified\":\"2026-04-10T04:23:41+00:00\",\"breadcrumb\":{\"@id\":\"https:\/\/anphatvn.com.vn\/san-pham\/hop-20-cai-nam-va-lop-maruni-pw-3505-5x35mm\/#breadcrumb\"},\"inLanguage\":\"en-US\",\"potentialAction\":[{\"@type\":\"ReadAction\",\"target\":[\"https:\/\/anphatvn.com.vn\/san-pham\/hop-20-cai-nam-va-lop-maruni-pw-3505-5x35mm\/\"]}]},{\"@type\":\"ImageObject\",\"inLanguage\":\"en-US\",\"@id\":\"https:\/\/anphatvn.com.vn\/san-pham\/hop-20-cai-nam-va-lop-maruni-pw-3505-5x35mm\/#primaryimage\",\"url\":\"https:\/\/anphatvn.com.vn\/wp-content\/uploads\/2026\/04\/Maruni-nam-va-2.jpg\",\"contentUrl\":\"https:\/\/anphatvn.com.vn\/wp-content\/uploads\/2026\/04\/Maruni-nam-va-2.jpg\",\"width\":1200,\"height\":1200},{\"@type\":\"BreadcrumbList\",\"@id\":\"https:\/\/anphatvn.com.vn\/san-pham\/hop-20-cai-nam-va-lop-maruni-pw-3505-5x35mm\/#breadcrumb\",\"itemListElement\":[{\"@type\":\"ListItem\",\"position\":1,\"name\":\"Trang ch\u1ee7\",\"item\":\"https:\/\/anphatvn.com.vn\/\"},{\"@type\":\"ListItem\",\"position\":2,\"name\":\"S\u1ea3n ph\u1ea9m\",\"item\":\"https:\/\/anphatvn.com.vn\/san-pham\/\"},{\"@type\":\"ListItem\",\"position\":3,\"name\":\"H\u1ed9p 20 C\u00e1i N\u1ea5m V\u00e1 L\u1ed1p Maruni PW-3505 5x35mm\"}]},{\"@type\":\"WebSite\",\"@id\":\"https:\/\/anphatvn.com.vn\/#website\",\"url\":\"https:\/\/anphatvn.com.vn\/\",\"name\":\"An Ph\u00e1t\",\"description\":\"\",\"publisher\":{\"@id\":\"https:\/\/anphatvn.com.vn\/#organization\"},\"potentialAction\":[{\"@type\":\"SearchAction\",\"target\":{\"@type\":\"EntryPoint\",\"urlTemplate\":\"https:\/\/anphatvn.com.vn\/?s={search_term_string}\"},\"query-input\":{\"@type\":\"PropertyValueSpecification\",\"valueRequired\":true,\"valueName\":\"search_term_string\"}}],\"inLanguage\":\"en-US\"},{\"@type\":\"Organization\",\"@id\":\"https:\/\/anphatvn.com.vn\/#organization\",\"name\":\"An Ph\u00e1t\",\"url\":\"https:\/\/anphatvn.com.vn\/\",\"logo\":{\"@type\":\"ImageObject\",\"inLanguage\":\"en-US\",\"@id\":\"https:\/\/anphatvn.com.vn\/#\/schema\/logo\/image\/\",\"url\":\"https:\/\/anphatvn.com.vn\/wp-content\/uploads\/2025\/12\/an-phat-logo.png\",\"contentUrl\":\"https:\/\/anphatvn.com.vn\/wp-content\/uploads\/2025\/12\/an-phat-logo.png\",\"width\":74,\"height\":68,\"caption\":\"An Ph\u00e1t\"},\"image\":{\"@id\":\"https:\/\/anphatvn.com.vn\/#\/schema\/logo\/image\/\"}}]}<\/script>\n<!-- \/ Yoast SEO Premium plugin. -->","yoast_head_json":{"title":"H\u1ed9p 20 C\u00e1i N\u1ea5m V\u00e1 L\u1ed1p Maruni PW-3505 5x35mm - An Ph\u00e1t","robots":{"index":"index","follow":"follow","max-snippet":"max-snippet:-1","max-image-preview":"max-image-preview:large","max-video-preview":"max-video-preview:-1"},"canonical":"https:\/\/anphatvn.com.vn\/en\/product\/hop-20-cai-nam-va-lop-maruni-pw-3505-5x35mm\/","og_locale":"en_US","og_type":"article","og_title":"H\u1ed9p 20 C\u00e1i N\u1ea5m V\u00e1 L\u1ed1p Maruni PW-3505 5x35mm","og_description":"T\u00ean s\u1ea3n ph\u1ea9m: H\u1ed9p 20 C\u00e1i N\u1ea5m V\u00e1 L\u1ed1p Maruni PW-3505 5x35mm * C\u00f4ng d\u1ee5ng: B\u1ecbt k\u00edn l\u1ed7 th\u1ee7ng t\u1eeb trong ra ngo\u00e0i, h\u1ea1n ch\u1ebf n\u01b0\u1edbc v\u00e0 b\u1ee5i b\u1ea9n l\u1ecdt v\u00e0o g\u00e2y t\u00e1ch m\u00e0nh l\u1ed1p ho\u1eb7c ph\u00e1 h\u1ee7y mi\u1ebfng v\u00e1 b\u00ean trong. * Model: PW-3505 * Xu\u1ea5t x\u1ee9: Nh\u1eadt B\u1ea3n * Th\u01b0\u01a1ng hi\u1ec7u: MARUNI * [&hellip;]","og_url":"https:\/\/anphatvn.com.vn\/en\/product\/hop-20-cai-nam-va-lop-maruni-pw-3505-5x35mm\/","og_site_name":"An Ph\u00e1t","article_modified_time":"2026-04-10T04:23:41+00:00","og_image":[{"width":1200,"height":1200,"url":"https:\/\/anphatvn.com.vn\/wp-content\/uploads\/2026\/04\/Maruni-nam-va-2.jpg","type":"image\/jpeg"}],"twitter_card":"summary_large_image","twitter_misc":{"Est. reading time":"2 minutes"},"schema":{"@context":"https:\/\/schema.org","@graph":[{"@type":"WebPage","@id":"https:\/\/anphatvn.com.vn\/san-pham\/hop-20-cai-nam-va-lop-maruni-pw-3505-5x35mm\/","url":"https:\/\/anphatvn.com.vn\/san-pham\/hop-20-cai-nam-va-lop-maruni-pw-3505-5x35mm\/","name":"H\u1ed9p 20 C\u00e1i N\u1ea5m V\u00e1 L\u1ed1p Maruni PW-3505 5x35mm - An Ph\u00e1t","isPartOf":{"@id":"https:\/\/anphatvn.com.vn\/#website"},"primaryImageOfPage":{"@id":"https:\/\/anphatvn.com.vn\/san-pham\/hop-20-cai-nam-va-lop-maruni-pw-3505-5x35mm\/#primaryimage"},"image":{"@id":"https:\/\/anphatvn.com.vn\/san-pham\/hop-20-cai-nam-va-lop-maruni-pw-3505-5x35mm\/#primaryimage"},"thumbnailUrl":"https:\/\/anphatvn.com.vn\/wp-content\/uploads\/2026\/04\/Maruni-nam-va-2.jpg","datePublished":"2026-04-09T10:56:09+00:00","dateModified":"2026-04-10T04:23:41+00:00","breadcrumb":{"@id":"https:\/\/anphatvn.com.vn\/san-pham\/hop-20-cai-nam-va-lop-maruni-pw-3505-5x35mm\/#breadcrumb"},"inLanguage":"en-US","potentialAction":[{"@type":"ReadAction","target":["https:\/\/anphatvn.com.vn\/san-pham\/hop-20-cai-nam-va-lop-maruni-pw-3505-5x35mm\/"]}]},{"@type":"ImageObject","inLanguage":"en-US","@id":"https:\/\/anphatvn.com.vn\/san-pham\/hop-20-cai-nam-va-lop-maruni-pw-3505-5x35mm\/#primaryimage","url":"https:\/\/anphatvn.com.vn\/wp-content\/uploads\/2026\/04\/Maruni-nam-va-2.jpg","contentUrl":"https:\/\/anphatvn.com.vn\/wp-content\/uploads\/2026\/04\/Maruni-nam-va-2.jpg","width":1200,"height":1200},{"@type":"BreadcrumbList","@id":"https:\/\/anphatvn.com.vn\/san-pham\/hop-20-cai-nam-va-lop-maruni-pw-3505-5x35mm\/#breadcrumb","itemListElement":[{"@type":"ListItem","position":1,"name":"Trang ch\u1ee7","item":"https:\/\/anphatvn.com.vn\/"},{"@type":"ListItem","position":2,"name":"S\u1ea3n ph\u1ea9m","item":"https:\/\/anphatvn.com.vn\/san-pham\/"},{"@type":"ListItem","position":3,"name":"H\u1ed9p 20 C\u00e1i N\u1ea5m V\u00e1 L\u1ed1p Maruni PW-3505 5x35mm"}]},{"@type":"WebSite","@id":"https:\/\/anphatvn.com.vn\/#website","url":"https:\/\/anphatvn.com.vn\/","name":"An Ph\u00e1t","description":"","publisher":{"@id":"https:\/\/anphatvn.com.vn\/#organization"},"potentialAction":[{"@type":"SearchAction","target":{"@type":"EntryPoint","urlTemplate":"https:\/\/anphatvn.com.vn\/?s={search_term_string}"},"query-input":{"@type":"PropertyValueSpecification","valueRequired":true,"valueName":"search_term_string"}}],"inLanguage":"en-US"},{"@type":"Organization","@id":"https:\/\/anphatvn.com.vn\/#organization","name":"An Ph\u00e1t","url":"https:\/\/anphatvn.com.vn\/","logo":{"@type":"ImageObject","inLanguage":"en-US","@id":"https:\/\/anphatvn.com.vn\/#\/schema\/logo\/image\/","url":"https:\/\/anphatvn.com.vn\/wp-content\/uploads\/2025\/12\/an-phat-logo.png","contentUrl":"https:\/\/anphatvn.com.vn\/wp-content\/uploads\/2025\/12\/an-phat-logo.png","width":74,"height":68,"caption":"An Ph\u00e1t"},"image":{"@id":"https:\/\/anphatvn.com.vn\/#\/schema\/logo\/image\/"}}]}},"_links":{"self":[{"href":"https:\/\/anphatvn.com.vn\/en\/wp-json\/wp\/v2\/product\/3637","targetHints":{"allow":["GET"]}}],"collection":[{"href":"https:\/\/anphatvn.com.vn\/en\/wp-json\/wp\/v2\/product"}],"about":[{"href":"https:\/\/anphatvn.com.vn\/en\/wp-json\/wp\/v2\/types\/product"}],"replies":[{"embeddable":true,"href":"https:\/\/anphatvn.com.vn\/en\/wp-json\/wp\/v2\/comments?post=3637"}],"wp:featuredmedia":[{"embeddable":true,"href":"https:\/\/anphatvn.com.vn\/en\/wp-json\/wp\/v2\/media\/3914"}],"wp:attachment":[{"href":"https:\/\/anphatvn.com.vn\/en\/wp-json\/wp\/v2\/media?parent=3637"}],"wp:term":[{"taxonomy":"product_brand","embeddable":true,"href":"https:\/\/anphatvn.com.vn\/en\/wp-json\/wp\/v2\/product_brand?post=3637"},{"taxonomy":"product_cat","embeddable":true,"href":"https:\/\/anphatvn.com.vn\/en\/wp-json\/wp\/v2\/product_cat?post=3637"},{"taxonomy":"product_tag","embeddable":true,"href":"https:\/\/anphatvn.com.vn\/en\/wp-json\/wp\/v2\/product_tag?post=3637"}],"curies":[{"name":"wp","href":"https:\/\/api.w.org\/{rel}","templated":true}]}}