{"id":3636,"date":"2026-04-09T17:56:08","date_gmt":"2026-04-09T10:56:08","guid":{"rendered":"https:\/\/anphatvn.com.vn\/san-pham\/hop-30-soi-va-lop-maruni-l2030-dai-200mm\/"},"modified":"2026-04-10T11:22:37","modified_gmt":"2026-04-10T04:22:37","slug":"hop-30-soi-va-lop-maruni-l2030-dai-200mm","status":"publish","type":"product","link":"https:\/\/anphatvn.com.vn\/en\/product\/hop-30-soi-va-lop-maruni-l2030-dai-200mm\/","title":{"rendered":"H\u1ed9p 30 S\u1ee3i V\u00e1 L\u1ed1p Maruni L2030 D\u00e0i 200mm"},"content":{"rendered":"<p>T\u00ean s\u1ea3n ph\u1ea9m: H\u1ed9p 30 S\u1ee3i V\u00e1 L\u1ed1p Maruni L2030 D\u00e0i 200mm<\/p>\n<p>\u25cf \u0110\u1eb7c \u0111i\u1ec3m n\u1ed5i b\u1eadt c\u1ee7a s\u1ee3i v\u00e1 r\u00fat Maruni<br \/>\nL\u00e0 v\u1eadt li\u1ec7u t\u1ed1t nh\u1ea5t d\u00f9ng cho v\u00e1 ngo\u00e0i.<br \/>\n\u25cf S\u1ee3i v\u00e1 r\u00fat c\u00f3 c\u1ea5u t\u1ea1o g\u1ed3m nhi\u1ec1u s\u1ee3i nylon cao c\u1ea5p c\u00f3 th\u1ec3 ch\u1ecbu \u0111\u01b0\u1ee3c ma s\u00e1t v\u00e0 s\u1ef1 c\u1ecd s\u00e1t c\u1ee7a s\u1ee3i th\u00e9p n\u1eb1m trong l\u1ed1p.<br \/>\n\u25cf Trong qu\u00e1 tr\u00ecnh thao t\u00e1c s\u1ee3i v\u00e1 r\u00fat n\u00ean \u0111\u01b0\u1ee3c s\u1eed d\u1ee5ng c\u00f9ng keo v\u00e1 l\u1ed1p (SUPER VALKARNG)<br \/>\n\u25cf S\u1ea3n ph\u1ea9m d\u00f9ng \u0111\u01b0\u1ee3c cho lo\u1ea1i l\u1ed1p b\u1ed1 ch\u00e9o\/b\u1ed1 tr\u00f2n kh\u00f4ng s\u0103m v\u00e0 m\u00e0nh th\u00e9p.<br \/>\n\u25cf S\u1ee3i v\u00e1 \u0111\u01b0\u1ee3c \u0111\u01b0a v\u00e0o t\u1eeb b\u00ean ngo\u00e0i l\u1ed1p, ki\u1ec3u d\u00e1ng c\u1ea5u t\u1ea1o \u0111\u1eb7c bi\u1ec7t gi\u00fap d\u1ec5 d\u00e0ng lu\u1ed3n qua d\u00f9i v\u00e0 tr\u1edf l\u1ea1i tr\u00f2n tr\u1ecba khi \u0111\u00e3 \u0111\u01b0\u1ee3c \u0111\u01b0a v\u00e0o l\u1ed7 th\u1ee7ng.<\/p>\n<p>* QUY C\u00c1CH \u0110\u00d3NG G\u00d3I:<br \/>\n\u25cf K\u00edch th\u01b0\u1edbc: S\u1ee3i d\u00e0i 20cm<br \/>\n\u25cf H\u1ed9p: 30 c\u00e1i<\/p>\n<p>* L\u01b0u \u00fd: N\u1ebfu b\u1ea1n ch\u01b0a c\u00f3 keo th\u00ec ph\u1ea3i mua th\u00eam keo nh\u00e9.<\/p>\n<p>* H\u01b0\u1edbng d\u1eabn b\u1ea3o qu\u1ea3n s\u1ea3n ph\u1ea9m<br \/>\nB\u1ea3o qu\u1ea3n s\u1ea3n ph\u1ea9m \u1edf n\u01a1i kh\u00f4 r\u00e1o, tr\u00e1nh \u00e1nh s\u00e1ng tr\u1ef1c ti\u1ebfp t\u1eeb m\u1eb7t tr\u1eddi ho\u1eb7c \u0111\u1ec3 c\u1ea1nh c\u00e1c ngu\u1ed3n ph\u00e1t nhi\u1ec7t.<\/p>\n<p>* Cam k\u1ebft c\u1ee7a ch\u00fang t\u00f4i<br \/>\n&#8211; Cam k\u1ebft b\u00e1n h\u00e0ng ch\u00ednh h\u00e3ng UY T\u00cdN &#8211; CH\u1ea4T L\u01af\u1ee2NG<br \/>\n&#8211; S\u1ea3n ph\u1ea9m \u0111\u1ec1u gi\u1ed1ng h\u00ecnh v\u00e0 l\u00e0 \u1ea3nh th\u1eadt do shop t\u1ef1 ch\u1ee5p<br \/>\n&#8211; H\u00e0ng \u0111\u01b0\u1ee3c \u0111\u00f3ng g\u00f3i c\u1ea9n th\u1eadn, ch\u1eafc ch\u1eafn.<br \/>\n&#8211; Shop nh\u1eadn \u0111\u1ed5i tr\u1ea3 khi ph\u00e1t hi\u1ec7n l\u1ed7i do nh\u00e0 s\u1ea3n xu\u1ea5t k\u00e8m video quay l\u1ea1i qu\u00e1 tr\u00ecnh khui h\u00e0ng. (L\u01b0u \u00fd)<\/p>\n<p>* L\u01b0u \u00fd: Kh\u00e1ch h\u00e0ng vui l\u00f2ng xem k\u1ef9 ph\u00e2n lo\u1ea1i tr\u01b0\u1edbc khi \u0111\u1eb7t h\u00e0ng.<\/p>","protected":false},"excerpt":{"rendered":"<p>T\u00ean s\u1ea3n ph\u1ea9m: H\u1ed9p 30 S\u1ee3i V\u00e1 L\u1ed1p Maruni L2030 D\u00e0i 200mm \u25cf \u0110\u1eb7c \u0111i\u1ec3m n\u1ed5i b\u1eadt c\u1ee7a s\u1ee3i v\u00e1 r\u00fat Maruni L\u00e0 v\u1eadt li\u1ec7u t\u1ed1t nh\u1ea5t d\u00f9ng cho v\u00e1 ngo\u00e0i. \u25cf S\u1ee3i v\u00e1 r\u00fat c\u00f3 c\u1ea5u t\u1ea1o g\u1ed3m nhi\u1ec1u s\u1ee3i nylon cao c\u1ea5p c\u00f3 th\u1ec3 ch\u1ecbu \u0111\u01b0\u1ee3c ma s\u00e1t v\u00e0 s\u1ef1 c\u1ecd s\u00e1t c\u1ee7a [&hellip;]<\/p>","protected":false},"featured_media":3911,"comment_status":"open","ping_status":"closed","template":"","meta":[],"product_brand":[125],"product_cat":[96,97],"product_tag":[],"class_list":{"0":"post-3636","1":"product","2":"type-product","3":"status-publish","4":"has-post-thumbnail","6":"product_brand-maruni","7":"product_cat-vat-tu-tieu-hao","8":"product_cat-mieng-va","10":"first","11":"instock","12":"taxable","13":"shipping-taxable","14":"purchasable","15":"product-type-simple"},"acf":[],"ct_brands":[{"id":125,"name":"Maruni","slug":"maruni"}],"yoast_head":"<!-- This site is optimized with the Yoast SEO Premium plugin v25.6 (Yoast SEO v25.6) - https:\/\/yoast.com\/wordpress\/plugins\/seo\/ -->\n<title>H\u1ed9p 30 S\u1ee3i V\u00e1 L\u1ed1p Maruni L2030 D\u00e0i 200mm - An Ph\u00e1t<\/title>\n<meta name=\"robots\" content=\"index, follow, max-snippet:-1, max-image-preview:large, max-video-preview:-1\" \/>\n<link rel=\"canonical\" href=\"https:\/\/anphatvn.com.vn\/en\/product\/hop-30-soi-va-lop-maruni-l2030-dai-200mm\/\" \/>\n<meta property=\"og:locale\" content=\"en_US\" \/>\n<meta property=\"og:type\" content=\"article\" \/>\n<meta property=\"og:title\" content=\"H\u1ed9p 30 S\u1ee3i V\u00e1 L\u1ed1p Maruni L2030 D\u00e0i 200mm\" \/>\n<meta property=\"og:description\" content=\"T\u00ean s\u1ea3n ph\u1ea9m: H\u1ed9p 30 S\u1ee3i V\u00e1 L\u1ed1p Maruni L2030 D\u00e0i 200mm \u25cf \u0110\u1eb7c \u0111i\u1ec3m n\u1ed5i b\u1eadt c\u1ee7a s\u1ee3i v\u00e1 r\u00fat Maruni L\u00e0 v\u1eadt li\u1ec7u t\u1ed1t nh\u1ea5t d\u00f9ng cho v\u00e1 ngo\u00e0i. \u25cf S\u1ee3i v\u00e1 r\u00fat c\u00f3 c\u1ea5u t\u1ea1o g\u1ed3m nhi\u1ec1u s\u1ee3i nylon cao c\u1ea5p c\u00f3 th\u1ec3 ch\u1ecbu \u0111\u01b0\u1ee3c ma s\u00e1t v\u00e0 s\u1ef1 c\u1ecd s\u00e1t c\u1ee7a [&hellip;]\" \/>\n<meta property=\"og:url\" content=\"https:\/\/anphatvn.com.vn\/en\/product\/hop-30-soi-va-lop-maruni-l2030-dai-200mm\/\" \/>\n<meta property=\"og:site_name\" content=\"An Ph\u00e1t\" \/>\n<meta property=\"article:modified_time\" content=\"2026-04-10T04:22:37+00:00\" \/>\n<meta property=\"og:image\" content=\"https:\/\/anphatvn.com.vn\/wp-content\/uploads\/2026\/04\/SP36768-Maruni-L2030-3.jpg\" \/>\n\t<meta property=\"og:image:width\" content=\"1200\" \/>\n\t<meta property=\"og:image:height\" content=\"1200\" \/>\n\t<meta property=\"og:image:type\" content=\"image\/jpeg\" \/>\n<meta name=\"twitter:card\" content=\"summary_large_image\" \/>\n<meta name=\"twitter:label1\" content=\"Est. reading time\" \/>\n\t<meta name=\"twitter:data1\" content=\"2 minutes\" \/>\n<script type=\"application\/ld+json\" class=\"yoast-schema-graph\">{\"@context\":\"https:\/\/schema.org\",\"@graph\":[{\"@type\":\"WebPage\",\"@id\":\"https:\/\/anphatvn.com.vn\/san-pham\/hop-30-soi-va-lop-maruni-l2030-dai-200mm\/\",\"url\":\"https:\/\/anphatvn.com.vn\/san-pham\/hop-30-soi-va-lop-maruni-l2030-dai-200mm\/\",\"name\":\"H\u1ed9p 30 S\u1ee3i V\u00e1 L\u1ed1p Maruni L2030 D\u00e0i 200mm - An Ph\u00e1t\",\"isPartOf\":{\"@id\":\"https:\/\/anphatvn.com.vn\/#website\"},\"primaryImageOfPage\":{\"@id\":\"https:\/\/anphatvn.com.vn\/san-pham\/hop-30-soi-va-lop-maruni-l2030-dai-200mm\/#primaryimage\"},\"image\":{\"@id\":\"https:\/\/anphatvn.com.vn\/san-pham\/hop-30-soi-va-lop-maruni-l2030-dai-200mm\/#primaryimage\"},\"thumbnailUrl\":\"https:\/\/anphatvn.com.vn\/wp-content\/uploads\/2026\/04\/SP36768-Maruni-L2030-3.jpg\",\"datePublished\":\"2026-04-09T10:56:08+00:00\",\"dateModified\":\"2026-04-10T04:22:37+00:00\",\"breadcrumb\":{\"@id\":\"https:\/\/anphatvn.com.vn\/san-pham\/hop-30-soi-va-lop-maruni-l2030-dai-200mm\/#breadcrumb\"},\"inLanguage\":\"en-US\",\"potentialAction\":[{\"@type\":\"ReadAction\",\"target\":[\"https:\/\/anphatvn.com.vn\/san-pham\/hop-30-soi-va-lop-maruni-l2030-dai-200mm\/\"]}]},{\"@type\":\"ImageObject\",\"inLanguage\":\"en-US\",\"@id\":\"https:\/\/anphatvn.com.vn\/san-pham\/hop-30-soi-va-lop-maruni-l2030-dai-200mm\/#primaryimage\",\"url\":\"https:\/\/anphatvn.com.vn\/wp-content\/uploads\/2026\/04\/SP36768-Maruni-L2030-3.jpg\",\"contentUrl\":\"https:\/\/anphatvn.com.vn\/wp-content\/uploads\/2026\/04\/SP36768-Maruni-L2030-3.jpg\",\"width\":1200,\"height\":1200},{\"@type\":\"BreadcrumbList\",\"@id\":\"https:\/\/anphatvn.com.vn\/san-pham\/hop-30-soi-va-lop-maruni-l2030-dai-200mm\/#breadcrumb\",\"itemListElement\":[{\"@type\":\"ListItem\",\"position\":1,\"name\":\"Trang ch\u1ee7\",\"item\":\"https:\/\/anphatvn.com.vn\/\"},{\"@type\":\"ListItem\",\"position\":2,\"name\":\"S\u1ea3n ph\u1ea9m\",\"item\":\"https:\/\/anphatvn.com.vn\/san-pham\/\"},{\"@type\":\"ListItem\",\"position\":3,\"name\":\"H\u1ed9p 30 S\u1ee3i V\u00e1 L\u1ed1p Maruni L2030 D\u00e0i 200mm\"}]},{\"@type\":\"WebSite\",\"@id\":\"https:\/\/anphatvn.com.vn\/#website\",\"url\":\"https:\/\/anphatvn.com.vn\/\",\"name\":\"An Ph\u00e1t\",\"description\":\"\",\"publisher\":{\"@id\":\"https:\/\/anphatvn.com.vn\/#organization\"},\"potentialAction\":[{\"@type\":\"SearchAction\",\"target\":{\"@type\":\"EntryPoint\",\"urlTemplate\":\"https:\/\/anphatvn.com.vn\/?s={search_term_string}\"},\"query-input\":{\"@type\":\"PropertyValueSpecification\",\"valueRequired\":true,\"valueName\":\"search_term_string\"}}],\"inLanguage\":\"en-US\"},{\"@type\":\"Organization\",\"@id\":\"https:\/\/anphatvn.com.vn\/#organization\",\"name\":\"An Ph\u00e1t\",\"url\":\"https:\/\/anphatvn.com.vn\/\",\"logo\":{\"@type\":\"ImageObject\",\"inLanguage\":\"en-US\",\"@id\":\"https:\/\/anphatvn.com.vn\/#\/schema\/logo\/image\/\",\"url\":\"https:\/\/anphatvn.com.vn\/wp-content\/uploads\/2025\/12\/an-phat-logo.png\",\"contentUrl\":\"https:\/\/anphatvn.com.vn\/wp-content\/uploads\/2025\/12\/an-phat-logo.png\",\"width\":74,\"height\":68,\"caption\":\"An Ph\u00e1t\"},\"image\":{\"@id\":\"https:\/\/anphatvn.com.vn\/#\/schema\/logo\/image\/\"}}]}<\/script>\n<!-- \/ Yoast SEO Premium plugin. -->","yoast_head_json":{"title":"H\u1ed9p 30 S\u1ee3i V\u00e1 L\u1ed1p Maruni L2030 D\u00e0i 200mm - An Ph\u00e1t","robots":{"index":"index","follow":"follow","max-snippet":"max-snippet:-1","max-image-preview":"max-image-preview:large","max-video-preview":"max-video-preview:-1"},"canonical":"https:\/\/anphatvn.com.vn\/en\/product\/hop-30-soi-va-lop-maruni-l2030-dai-200mm\/","og_locale":"en_US","og_type":"article","og_title":"H\u1ed9p 30 S\u1ee3i V\u00e1 L\u1ed1p Maruni L2030 D\u00e0i 200mm","og_description":"T\u00ean s\u1ea3n ph\u1ea9m: H\u1ed9p 30 S\u1ee3i V\u00e1 L\u1ed1p Maruni L2030 D\u00e0i 200mm \u25cf \u0110\u1eb7c \u0111i\u1ec3m n\u1ed5i b\u1eadt c\u1ee7a s\u1ee3i v\u00e1 r\u00fat Maruni L\u00e0 v\u1eadt li\u1ec7u t\u1ed1t nh\u1ea5t d\u00f9ng cho v\u00e1 ngo\u00e0i. \u25cf S\u1ee3i v\u00e1 r\u00fat c\u00f3 c\u1ea5u t\u1ea1o g\u1ed3m nhi\u1ec1u s\u1ee3i nylon cao c\u1ea5p c\u00f3 th\u1ec3 ch\u1ecbu \u0111\u01b0\u1ee3c ma s\u00e1t v\u00e0 s\u1ef1 c\u1ecd s\u00e1t c\u1ee7a [&hellip;]","og_url":"https:\/\/anphatvn.com.vn\/en\/product\/hop-30-soi-va-lop-maruni-l2030-dai-200mm\/","og_site_name":"An Ph\u00e1t","article_modified_time":"2026-04-10T04:22:37+00:00","og_image":[{"width":1200,"height":1200,"url":"https:\/\/anphatvn.com.vn\/wp-content\/uploads\/2026\/04\/SP36768-Maruni-L2030-3.jpg","type":"image\/jpeg"}],"twitter_card":"summary_large_image","twitter_misc":{"Est. reading time":"2 minutes"},"schema":{"@context":"https:\/\/schema.org","@graph":[{"@type":"WebPage","@id":"https:\/\/anphatvn.com.vn\/san-pham\/hop-30-soi-va-lop-maruni-l2030-dai-200mm\/","url":"https:\/\/anphatvn.com.vn\/san-pham\/hop-30-soi-va-lop-maruni-l2030-dai-200mm\/","name":"H\u1ed9p 30 S\u1ee3i V\u00e1 L\u1ed1p Maruni L2030 D\u00e0i 200mm - An Ph\u00e1t","isPartOf":{"@id":"https:\/\/anphatvn.com.vn\/#website"},"primaryImageOfPage":{"@id":"https:\/\/anphatvn.com.vn\/san-pham\/hop-30-soi-va-lop-maruni-l2030-dai-200mm\/#primaryimage"},"image":{"@id":"https:\/\/anphatvn.com.vn\/san-pham\/hop-30-soi-va-lop-maruni-l2030-dai-200mm\/#primaryimage"},"thumbnailUrl":"https:\/\/anphatvn.com.vn\/wp-content\/uploads\/2026\/04\/SP36768-Maruni-L2030-3.jpg","datePublished":"2026-04-09T10:56:08+00:00","dateModified":"2026-04-10T04:22:37+00:00","breadcrumb":{"@id":"https:\/\/anphatvn.com.vn\/san-pham\/hop-30-soi-va-lop-maruni-l2030-dai-200mm\/#breadcrumb"},"inLanguage":"en-US","potentialAction":[{"@type":"ReadAction","target":["https:\/\/anphatvn.com.vn\/san-pham\/hop-30-soi-va-lop-maruni-l2030-dai-200mm\/"]}]},{"@type":"ImageObject","inLanguage":"en-US","@id":"https:\/\/anphatvn.com.vn\/san-pham\/hop-30-soi-va-lop-maruni-l2030-dai-200mm\/#primaryimage","url":"https:\/\/anphatvn.com.vn\/wp-content\/uploads\/2026\/04\/SP36768-Maruni-L2030-3.jpg","contentUrl":"https:\/\/anphatvn.com.vn\/wp-content\/uploads\/2026\/04\/SP36768-Maruni-L2030-3.jpg","width":1200,"height":1200},{"@type":"BreadcrumbList","@id":"https:\/\/anphatvn.com.vn\/san-pham\/hop-30-soi-va-lop-maruni-l2030-dai-200mm\/#breadcrumb","itemListElement":[{"@type":"ListItem","position":1,"name":"Trang ch\u1ee7","item":"https:\/\/anphatvn.com.vn\/"},{"@type":"ListItem","position":2,"name":"S\u1ea3n ph\u1ea9m","item":"https:\/\/anphatvn.com.vn\/san-pham\/"},{"@type":"ListItem","position":3,"name":"H\u1ed9p 30 S\u1ee3i V\u00e1 L\u1ed1p Maruni L2030 D\u00e0i 200mm"}]},{"@type":"WebSite","@id":"https:\/\/anphatvn.com.vn\/#website","url":"https:\/\/anphatvn.com.vn\/","name":"An Ph\u00e1t","description":"","publisher":{"@id":"https:\/\/anphatvn.com.vn\/#organization"},"potentialAction":[{"@type":"SearchAction","target":{"@type":"EntryPoint","urlTemplate":"https:\/\/anphatvn.com.vn\/?s={search_term_string}"},"query-input":{"@type":"PropertyValueSpecification","valueRequired":true,"valueName":"search_term_string"}}],"inLanguage":"en-US"},{"@type":"Organization","@id":"https:\/\/anphatvn.com.vn\/#organization","name":"An Ph\u00e1t","url":"https:\/\/anphatvn.com.vn\/","logo":{"@type":"ImageObject","inLanguage":"en-US","@id":"https:\/\/anphatvn.com.vn\/#\/schema\/logo\/image\/","url":"https:\/\/anphatvn.com.vn\/wp-content\/uploads\/2025\/12\/an-phat-logo.png","contentUrl":"https:\/\/anphatvn.com.vn\/wp-content\/uploads\/2025\/12\/an-phat-logo.png","width":74,"height":68,"caption":"An Ph\u00e1t"},"image":{"@id":"https:\/\/anphatvn.com.vn\/#\/schema\/logo\/image\/"}}]}},"_links":{"self":[{"href":"https:\/\/anphatvn.com.vn\/en\/wp-json\/wp\/v2\/product\/3636","targetHints":{"allow":["GET"]}}],"collection":[{"href":"https:\/\/anphatvn.com.vn\/en\/wp-json\/wp\/v2\/product"}],"about":[{"href":"https:\/\/anphatvn.com.vn\/en\/wp-json\/wp\/v2\/types\/product"}],"replies":[{"embeddable":true,"href":"https:\/\/anphatvn.com.vn\/en\/wp-json\/wp\/v2\/comments?post=3636"}],"wp:featuredmedia":[{"embeddable":true,"href":"https:\/\/anphatvn.com.vn\/en\/wp-json\/wp\/v2\/media\/3911"}],"wp:attachment":[{"href":"https:\/\/anphatvn.com.vn\/en\/wp-json\/wp\/v2\/media?parent=3636"}],"wp:term":[{"taxonomy":"product_brand","embeddable":true,"href":"https:\/\/anphatvn.com.vn\/en\/wp-json\/wp\/v2\/product_brand?post=3636"},{"taxonomy":"product_cat","embeddable":true,"href":"https:\/\/anphatvn.com.vn\/en\/wp-json\/wp\/v2\/product_cat?post=3636"},{"taxonomy":"product_tag","embeddable":true,"href":"https:\/\/anphatvn.com.vn\/en\/wp-json\/wp\/v2\/product_tag?post=3636"}],"curies":[{"name":"wp","href":"https:\/\/api.w.org\/{rel}","templated":true}]}}