{"id":3633,"date":"2026-04-09T17:56:05","date_gmt":"2026-04-09T10:56:05","guid":{"rendered":"https:\/\/anphatvn.com.vn\/san-pham\/keo-va-lop-maruni-nhat-ban-1000ml\/"},"modified":"2026-04-10T11:19:19","modified_gmt":"2026-04-10T04:19:19","slug":"keo-va-lop-maruni-nhat-ban-1000ml","status":"publish","type":"product","link":"https:\/\/anphatvn.com.vn\/en\/product\/keo-va-lop-maruni-nhat-ban-1000ml\/","title":{"rendered":"Keo V\u00e1 L\u1ed1p Maruni Nh\u1eadt B\u1ea3n 1000ml"},"content":{"rendered":"<p>T\u00ean s\u1ea3n ph\u1ea9m: Keo V\u00e1 L\u1ed1p Maruni 1000ml<\/p>\n<p>&#8211; \u0110\u1ed9 nh\u1edbt ph\u00f9 h\u1ee3p cho vi\u1ec7c v\u00e1 l\u1ed1p, sau khi \u0111\u00e3 \u0111\u00e1nh nh\u00e1m. R\u1ea5t t\u1ed1t khi d\u00f9ng \u0111\u1ec3 v\u00e1 s\u0103m.<br \/>\n&#8211; L\u00e0 ch\u1ea5t l\u01b0u h\u00f3a r\u1ea5t t\u1ed1t trong \u0111i\u1ec1u ki\u1ec7n v\u00e1 ngu\u1ed9i.<br \/>\n&#8211; Kh\u00f4ng c\u1ea7n nhi\u1ec7t<br \/>\n&#8211; Ch\u1ea5t l\u01b0\u1ee3ng \u1ed5n \u0111\u1ecbnh v\u00e0 \u0111\u1ed9 b\u00e1m d\u00ednh cao.<br \/>\n&#8211; Kh\u00f4ng b\u1eaft ch\u00e1y.<\/p>\n<p>KHUY\u1ebeN NGH\u1eca: N\u00ean s\u1eed d\u1ee5ng keo v\u00e1 Maruni c\u00f9ng mi\u1ebfng v\u00e1 Maruni \u0111\u1ec3 c\u00f3 hi\u1ec7u qu\u1ea3 t\u1ed1t nh\u1ea5t.<\/p>\n<p>* QUY C\u00c1CH \u0110\u00d3NG G\u00d3I:<br \/>\n&#8211; L\u1ecd 1000cc<\/p>\n<p>* H\u01b0\u1edbng d\u1eabn b\u1ea3o qu\u1ea3n s\u1ea3n ph\u1ea9m<\/p>\n<p>B\u1ea3o qu\u1ea3n s\u1ea3n ph\u1ea9m \u1edf n\u01a1i kh\u00f4 r\u00e1o, tr\u00e1nh \u00e1nh s\u00e1ng tr\u1ef1c ti\u1ebfp t\u1eeb m\u1eb7t tr\u1eddi ho\u1eb7c \u0111\u1ec3 c\u1ea1nh c\u00e1c ngu\u1ed3n ph\u00e1t nhi\u1ec7t.<\/p>\n<p>* Cam k\u1ebft c\u1ee7a ch\u00fang t\u00f4i<br \/>\n&#8211; Cam k\u1ebft b\u00e1n h\u00e0ng ch\u00ednh h\u00e3ng UY T\u00cdN &#8211; CH\u1ea4T L\u01af\u1ee2NG<br \/>\n&#8211; S\u1ea3n ph\u1ea9m \u0111\u1ec1u gi\u1ed1ng h\u00ecnh v\u00e0 l\u00e0 \u1ea3nh th\u1eadt do shop t\u1ef1 ch\u1ee5p<br \/>\n&#8211; H\u00e0ng \u0111\u01b0\u1ee3c \u0111\u00f3ng g\u00f3i c\u1ea9n th\u1eadn, ch\u1eafc ch\u1eafn.<br \/>\n&#8211; Shop nh\u1eadn \u0111\u1ed5i tr\u1ea3 khi ph\u00e1t hi\u1ec7n l\u1ed7i do nh\u00e0 s\u1ea3n xu\u1ea5t k\u00e8m video quay l\u1ea1i qu\u00e1 tr\u00ecnh khui h\u00e0ng. (L\u01b0u \u00fd)<\/p>\n<p>* L\u01b0u \u00fd: Kh\u00e1ch h\u00e0ng vui l\u00f2ng xem k\u1ef9 ph\u00e2n lo\u1ea1i tr\u01b0\u1edbc khi \u0111\u1eb7t h\u00e0ng.<\/p>","protected":false},"excerpt":{"rendered":"<p>T\u00ean s\u1ea3n ph\u1ea9m: Keo V\u00e1 L\u1ed1p Maruni 1000ml &#8211; \u0110\u1ed9 nh\u1edbt ph\u00f9 h\u1ee3p cho vi\u1ec7c v\u00e1 l\u1ed1p, sau khi \u0111\u00e3 \u0111\u00e1nh nh\u00e1m. R\u1ea5t t\u1ed1t khi d\u00f9ng \u0111\u1ec3 v\u00e1 s\u0103m. &#8211; L\u00e0 ch\u1ea5t l\u01b0u h\u00f3a r\u1ea5t t\u1ed1t trong \u0111i\u1ec1u ki\u1ec7n v\u00e1 ngu\u1ed9i. &#8211; Kh\u00f4ng c\u1ea7n nhi\u1ec7t &#8211; Ch\u1ea5t l\u01b0\u1ee3ng \u1ed5n \u0111\u1ecbnh v\u00e0 \u0111\u1ed9 b\u00e1m d\u00ednh cao. [&hellip;]<\/p>","protected":false},"featured_media":3904,"comment_status":"open","ping_status":"closed","template":"","meta":[],"product_brand":[125],"product_cat":[96,158],"product_tag":[],"class_list":{"0":"post-3633","1":"product","2":"type-product","3":"status-publish","4":"has-post-thumbnail","6":"product_brand-maruni","7":"product_cat-vat-tu-tieu-hao","8":"product_cat-keo-va","10":"first","11":"instock","12":"taxable","13":"shipping-taxable","14":"purchasable","15":"product-type-simple"},"acf":[],"ct_brands":[{"id":125,"name":"Maruni","slug":"maruni"}],"yoast_head":"<!-- This site is optimized with the Yoast SEO Premium plugin v25.6 (Yoast SEO v25.6) - https:\/\/yoast.com\/wordpress\/plugins\/seo\/ -->\n<title>Keo V\u00e1 L\u1ed1p Maruni Nh\u1eadt B\u1ea3n 1000ml - An Ph\u00e1t<\/title>\n<meta name=\"robots\" content=\"index, follow, max-snippet:-1, max-image-preview:large, max-video-preview:-1\" \/>\n<link rel=\"canonical\" href=\"https:\/\/anphatvn.com.vn\/en\/product\/keo-va-lop-maruni-nhat-ban-1000ml\/\" \/>\n<meta property=\"og:locale\" content=\"en_US\" \/>\n<meta property=\"og:type\" content=\"article\" \/>\n<meta property=\"og:title\" content=\"Keo V\u00e1 L\u1ed1p Maruni Nh\u1eadt B\u1ea3n 1000ml\" \/>\n<meta property=\"og:description\" content=\"T\u00ean s\u1ea3n ph\u1ea9m: Keo V\u00e1 L\u1ed1p Maruni 1000ml &#8211; \u0110\u1ed9 nh\u1edbt ph\u00f9 h\u1ee3p cho vi\u1ec7c v\u00e1 l\u1ed1p, sau khi \u0111\u00e3 \u0111\u00e1nh nh\u00e1m. R\u1ea5t t\u1ed1t khi d\u00f9ng \u0111\u1ec3 v\u00e1 s\u0103m. &#8211; L\u00e0 ch\u1ea5t l\u01b0u h\u00f3a r\u1ea5t t\u1ed1t trong \u0111i\u1ec1u ki\u1ec7n v\u00e1 ngu\u1ed9i. &#8211; Kh\u00f4ng c\u1ea7n nhi\u1ec7t &#8211; Ch\u1ea5t l\u01b0\u1ee3ng \u1ed5n \u0111\u1ecbnh v\u00e0 \u0111\u1ed9 b\u00e1m d\u00ednh cao. [&hellip;]\" \/>\n<meta property=\"og:url\" content=\"https:\/\/anphatvn.com.vn\/en\/product\/keo-va-lop-maruni-nhat-ban-1000ml\/\" \/>\n<meta property=\"og:site_name\" content=\"An Ph\u00e1t\" \/>\n<meta property=\"article:modified_time\" content=\"2026-04-10T04:19:19+00:00\" \/>\n<meta property=\"og:image\" content=\"https:\/\/anphatvn.com.vn\/wp-content\/uploads\/2026\/04\/Maruni-keo-va-lop-3.jpg\" \/>\n\t<meta property=\"og:image:width\" content=\"1200\" \/>\n\t<meta property=\"og:image:height\" content=\"1200\" \/>\n\t<meta property=\"og:image:type\" content=\"image\/jpeg\" \/>\n<meta name=\"twitter:card\" content=\"summary_large_image\" \/>\n<meta name=\"twitter:label1\" content=\"Est. reading time\" \/>\n\t<meta name=\"twitter:data1\" content=\"2 minutes\" \/>\n<script type=\"application\/ld+json\" class=\"yoast-schema-graph\">{\"@context\":\"https:\/\/schema.org\",\"@graph\":[{\"@type\":\"WebPage\",\"@id\":\"https:\/\/anphatvn.com.vn\/san-pham\/keo-va-lop-maruni-nhat-ban-1000ml\/\",\"url\":\"https:\/\/anphatvn.com.vn\/san-pham\/keo-va-lop-maruni-nhat-ban-1000ml\/\",\"name\":\"Keo V\u00e1 L\u1ed1p Maruni Nh\u1eadt B\u1ea3n 1000ml - An Ph\u00e1t\",\"isPartOf\":{\"@id\":\"https:\/\/anphatvn.com.vn\/#website\"},\"primaryImageOfPage\":{\"@id\":\"https:\/\/anphatvn.com.vn\/san-pham\/keo-va-lop-maruni-nhat-ban-1000ml\/#primaryimage\"},\"image\":{\"@id\":\"https:\/\/anphatvn.com.vn\/san-pham\/keo-va-lop-maruni-nhat-ban-1000ml\/#primaryimage\"},\"thumbnailUrl\":\"https:\/\/anphatvn.com.vn\/wp-content\/uploads\/2026\/04\/Maruni-keo-va-lop-3.jpg\",\"datePublished\":\"2026-04-09T10:56:05+00:00\",\"dateModified\":\"2026-04-10T04:19:19+00:00\",\"breadcrumb\":{\"@id\":\"https:\/\/anphatvn.com.vn\/san-pham\/keo-va-lop-maruni-nhat-ban-1000ml\/#breadcrumb\"},\"inLanguage\":\"en-US\",\"potentialAction\":[{\"@type\":\"ReadAction\",\"target\":[\"https:\/\/anphatvn.com.vn\/san-pham\/keo-va-lop-maruni-nhat-ban-1000ml\/\"]}]},{\"@type\":\"ImageObject\",\"inLanguage\":\"en-US\",\"@id\":\"https:\/\/anphatvn.com.vn\/san-pham\/keo-va-lop-maruni-nhat-ban-1000ml\/#primaryimage\",\"url\":\"https:\/\/anphatvn.com.vn\/wp-content\/uploads\/2026\/04\/Maruni-keo-va-lop-3.jpg\",\"contentUrl\":\"https:\/\/anphatvn.com.vn\/wp-content\/uploads\/2026\/04\/Maruni-keo-va-lop-3.jpg\",\"width\":1200,\"height\":1200},{\"@type\":\"BreadcrumbList\",\"@id\":\"https:\/\/anphatvn.com.vn\/san-pham\/keo-va-lop-maruni-nhat-ban-1000ml\/#breadcrumb\",\"itemListElement\":[{\"@type\":\"ListItem\",\"position\":1,\"name\":\"Trang ch\u1ee7\",\"item\":\"https:\/\/anphatvn.com.vn\/\"},{\"@type\":\"ListItem\",\"position\":2,\"name\":\"S\u1ea3n ph\u1ea9m\",\"item\":\"https:\/\/anphatvn.com.vn\/san-pham\/\"},{\"@type\":\"ListItem\",\"position\":3,\"name\":\"Keo V\u00e1 L\u1ed1p Maruni Nh\u1eadt B\u1ea3n 1000ml\"}]},{\"@type\":\"WebSite\",\"@id\":\"https:\/\/anphatvn.com.vn\/#website\",\"url\":\"https:\/\/anphatvn.com.vn\/\",\"name\":\"An Ph\u00e1t\",\"description\":\"\",\"publisher\":{\"@id\":\"https:\/\/anphatvn.com.vn\/#organization\"},\"potentialAction\":[{\"@type\":\"SearchAction\",\"target\":{\"@type\":\"EntryPoint\",\"urlTemplate\":\"https:\/\/anphatvn.com.vn\/?s={search_term_string}\"},\"query-input\":{\"@type\":\"PropertyValueSpecification\",\"valueRequired\":true,\"valueName\":\"search_term_string\"}}],\"inLanguage\":\"en-US\"},{\"@type\":\"Organization\",\"@id\":\"https:\/\/anphatvn.com.vn\/#organization\",\"name\":\"An Ph\u00e1t\",\"url\":\"https:\/\/anphatvn.com.vn\/\",\"logo\":{\"@type\":\"ImageObject\",\"inLanguage\":\"en-US\",\"@id\":\"https:\/\/anphatvn.com.vn\/#\/schema\/logo\/image\/\",\"url\":\"https:\/\/anphatvn.com.vn\/wp-content\/uploads\/2025\/12\/an-phat-logo.png\",\"contentUrl\":\"https:\/\/anphatvn.com.vn\/wp-content\/uploads\/2025\/12\/an-phat-logo.png\",\"width\":74,\"height\":68,\"caption\":\"An Ph\u00e1t\"},\"image\":{\"@id\":\"https:\/\/anphatvn.com.vn\/#\/schema\/logo\/image\/\"}}]}<\/script>\n<!-- \/ Yoast SEO Premium plugin. -->","yoast_head_json":{"title":"Keo V\u00e1 L\u1ed1p Maruni Nh\u1eadt B\u1ea3n 1000ml - An Ph\u00e1t","robots":{"index":"index","follow":"follow","max-snippet":"max-snippet:-1","max-image-preview":"max-image-preview:large","max-video-preview":"max-video-preview:-1"},"canonical":"https:\/\/anphatvn.com.vn\/en\/product\/keo-va-lop-maruni-nhat-ban-1000ml\/","og_locale":"en_US","og_type":"article","og_title":"Keo V\u00e1 L\u1ed1p Maruni Nh\u1eadt B\u1ea3n 1000ml","og_description":"T\u00ean s\u1ea3n ph\u1ea9m: Keo V\u00e1 L\u1ed1p Maruni 1000ml &#8211; \u0110\u1ed9 nh\u1edbt ph\u00f9 h\u1ee3p cho vi\u1ec7c v\u00e1 l\u1ed1p, sau khi \u0111\u00e3 \u0111\u00e1nh nh\u00e1m. R\u1ea5t t\u1ed1t khi d\u00f9ng \u0111\u1ec3 v\u00e1 s\u0103m. &#8211; L\u00e0 ch\u1ea5t l\u01b0u h\u00f3a r\u1ea5t t\u1ed1t trong \u0111i\u1ec1u ki\u1ec7n v\u00e1 ngu\u1ed9i. &#8211; Kh\u00f4ng c\u1ea7n nhi\u1ec7t &#8211; Ch\u1ea5t l\u01b0\u1ee3ng \u1ed5n \u0111\u1ecbnh v\u00e0 \u0111\u1ed9 b\u00e1m d\u00ednh cao. [&hellip;]","og_url":"https:\/\/anphatvn.com.vn\/en\/product\/keo-va-lop-maruni-nhat-ban-1000ml\/","og_site_name":"An Ph\u00e1t","article_modified_time":"2026-04-10T04:19:19+00:00","og_image":[{"width":1200,"height":1200,"url":"https:\/\/anphatvn.com.vn\/wp-content\/uploads\/2026\/04\/Maruni-keo-va-lop-3.jpg","type":"image\/jpeg"}],"twitter_card":"summary_large_image","twitter_misc":{"Est. reading time":"2 minutes"},"schema":{"@context":"https:\/\/schema.org","@graph":[{"@type":"WebPage","@id":"https:\/\/anphatvn.com.vn\/san-pham\/keo-va-lop-maruni-nhat-ban-1000ml\/","url":"https:\/\/anphatvn.com.vn\/san-pham\/keo-va-lop-maruni-nhat-ban-1000ml\/","name":"Keo V\u00e1 L\u1ed1p Maruni Nh\u1eadt B\u1ea3n 1000ml - An Ph\u00e1t","isPartOf":{"@id":"https:\/\/anphatvn.com.vn\/#website"},"primaryImageOfPage":{"@id":"https:\/\/anphatvn.com.vn\/san-pham\/keo-va-lop-maruni-nhat-ban-1000ml\/#primaryimage"},"image":{"@id":"https:\/\/anphatvn.com.vn\/san-pham\/keo-va-lop-maruni-nhat-ban-1000ml\/#primaryimage"},"thumbnailUrl":"https:\/\/anphatvn.com.vn\/wp-content\/uploads\/2026\/04\/Maruni-keo-va-lop-3.jpg","datePublished":"2026-04-09T10:56:05+00:00","dateModified":"2026-04-10T04:19:19+00:00","breadcrumb":{"@id":"https:\/\/anphatvn.com.vn\/san-pham\/keo-va-lop-maruni-nhat-ban-1000ml\/#breadcrumb"},"inLanguage":"en-US","potentialAction":[{"@type":"ReadAction","target":["https:\/\/anphatvn.com.vn\/san-pham\/keo-va-lop-maruni-nhat-ban-1000ml\/"]}]},{"@type":"ImageObject","inLanguage":"en-US","@id":"https:\/\/anphatvn.com.vn\/san-pham\/keo-va-lop-maruni-nhat-ban-1000ml\/#primaryimage","url":"https:\/\/anphatvn.com.vn\/wp-content\/uploads\/2026\/04\/Maruni-keo-va-lop-3.jpg","contentUrl":"https:\/\/anphatvn.com.vn\/wp-content\/uploads\/2026\/04\/Maruni-keo-va-lop-3.jpg","width":1200,"height":1200},{"@type":"BreadcrumbList","@id":"https:\/\/anphatvn.com.vn\/san-pham\/keo-va-lop-maruni-nhat-ban-1000ml\/#breadcrumb","itemListElement":[{"@type":"ListItem","position":1,"name":"Trang ch\u1ee7","item":"https:\/\/anphatvn.com.vn\/"},{"@type":"ListItem","position":2,"name":"S\u1ea3n ph\u1ea9m","item":"https:\/\/anphatvn.com.vn\/san-pham\/"},{"@type":"ListItem","position":3,"name":"Keo V\u00e1 L\u1ed1p Maruni Nh\u1eadt B\u1ea3n 1000ml"}]},{"@type":"WebSite","@id":"https:\/\/anphatvn.com.vn\/#website","url":"https:\/\/anphatvn.com.vn\/","name":"An Ph\u00e1t","description":"","publisher":{"@id":"https:\/\/anphatvn.com.vn\/#organization"},"potentialAction":[{"@type":"SearchAction","target":{"@type":"EntryPoint","urlTemplate":"https:\/\/anphatvn.com.vn\/?s={search_term_string}"},"query-input":{"@type":"PropertyValueSpecification","valueRequired":true,"valueName":"search_term_string"}}],"inLanguage":"en-US"},{"@type":"Organization","@id":"https:\/\/anphatvn.com.vn\/#organization","name":"An Ph\u00e1t","url":"https:\/\/anphatvn.com.vn\/","logo":{"@type":"ImageObject","inLanguage":"en-US","@id":"https:\/\/anphatvn.com.vn\/#\/schema\/logo\/image\/","url":"https:\/\/anphatvn.com.vn\/wp-content\/uploads\/2025\/12\/an-phat-logo.png","contentUrl":"https:\/\/anphatvn.com.vn\/wp-content\/uploads\/2025\/12\/an-phat-logo.png","width":74,"height":68,"caption":"An Ph\u00e1t"},"image":{"@id":"https:\/\/anphatvn.com.vn\/#\/schema\/logo\/image\/"}}]}},"_links":{"self":[{"href":"https:\/\/anphatvn.com.vn\/en\/wp-json\/wp\/v2\/product\/3633","targetHints":{"allow":["GET"]}}],"collection":[{"href":"https:\/\/anphatvn.com.vn\/en\/wp-json\/wp\/v2\/product"}],"about":[{"href":"https:\/\/anphatvn.com.vn\/en\/wp-json\/wp\/v2\/types\/product"}],"replies":[{"embeddable":true,"href":"https:\/\/anphatvn.com.vn\/en\/wp-json\/wp\/v2\/comments?post=3633"}],"wp:featuredmedia":[{"embeddable":true,"href":"https:\/\/anphatvn.com.vn\/en\/wp-json\/wp\/v2\/media\/3904"}],"wp:attachment":[{"href":"https:\/\/anphatvn.com.vn\/en\/wp-json\/wp\/v2\/media?parent=3633"}],"wp:term":[{"taxonomy":"product_brand","embeddable":true,"href":"https:\/\/anphatvn.com.vn\/en\/wp-json\/wp\/v2\/product_brand?post=3633"},{"taxonomy":"product_cat","embeddable":true,"href":"https:\/\/anphatvn.com.vn\/en\/wp-json\/wp\/v2\/product_cat?post=3633"},{"taxonomy":"product_tag","embeddable":true,"href":"https:\/\/anphatvn.com.vn\/en\/wp-json\/wp\/v2\/product_tag?post=3633"}],"curies":[{"name":"wp","href":"https:\/\/api.w.org\/{rel}","templated":true}]}}