{"id":3629,"date":"2026-04-09T17:56:01","date_gmt":"2026-04-09T10:56:01","guid":{"rendered":"https:\/\/anphatvn.com.vn\/san-pham\/mieng-va-lop-bo-cheo-maruni-mb-06-tron-240mm-1-mieng\/"},"modified":"2026-04-10T10:24:57","modified_gmt":"2026-04-10T03:24:57","slug":"mieng-va-lop-bo-cheo-maruni-mb-06-tron-240mm-1-mieng","status":"publish","type":"product","link":"https:\/\/anphatvn.com.vn\/en\/product\/mieng-va-lop-bo-cheo-maruni-mb-06-tron-240mm-1-mieng\/","title":{"rendered":"Mi\u1ebfng V\u00e1 L\u1ed1p B\u1ed1 Ch\u00e9o Maruni MB-06 Tr\u00f2n 240mm (1 mi\u1ebfng)"},"content":{"rendered":"<p>T\u00ean s\u1ea3n ph\u1ea9m: Mi\u1ebfng V\u00e1 L\u1ed1p B\u1ed1 Ch\u00e9o Maruni MB-06 Tr\u00f2n 240mm<\/p>\n<p>*\u0110\u1eb7c \u0111i\u1ec3m:<br \/>\n&#8211; D\u00f9ng \u0111\u1ec3 v\u00e1 l\u1ed1p c\u00f3 c\u1ea5u tr\u00fac b\u1ed1 ch\u00e9o (b\u1ed1 nylon).<br \/>\n&#8211; C\u00f3 c\u1ea5u t\u1ea1o g\u1ed3m c\u1ea3 nh\u1eefng \u0111\u01b0\u1eddng b\u1ed1 \u0111\u1ec3 gia c\u1ed1 cho c\u00e1c ch\u1ed7 v\u00e1.<br \/>\n&#8211; Th\u00edch h\u1ee3p cho c\u1ea3 l\u1ed1p c\u00f3 s\u0103m, kh\u00f4ng s\u0103m.<br \/>\n&#8211; D\u00f9ng x\u1eed l\u00fd ph\u00eda trong \u1edf ph\u1ea7n m\u1eb7t l\u1ed1p, c\u1ea1nh l\u1ed1p, h\u00f4ng l\u1ed1p.<\/p>\n<p>* Th\u00e0nh ph\u1ea7n:<br \/>\nG\u1ed3m h\u1ed7n h\u1ee3p c\u00e1c l\u1edbp b\u1ed1 cao su b\u1ec1n, m\u1ec1m, b\u00ean trong c\u00f3 c\u00e1c s\u1ee3i nylon dai. L\u1edbp li\u00ean k\u1ebft c\u00f3 kh\u1ea3 n\u0103ng ch\u1ecbu nhi\u1ec7t r\u1ea5t t\u1ed1t.<\/p>\n<p>*\u01afu \u0111i\u1ec3m:<br \/>\n&#8211; L\u1ef1a ch\u1ecdn mi\u1ebfng v\u00e1 kh\u00f4ng ph\u1ee5 thu\u1ed9c v\u00e0o v\u1ecb tr\u00ed l\u1ed7 th\u1ee7ng. C\u00f3 th\u1ec3 v\u00e1 \u0111\u01b0\u1ee3c nh\u1eefng l\u1ed7 th\u1ee7ng l\u1edbn v\u00e0 mi\u1ebfng v\u00e1 nh\u1ecf h\u01a1n. Kh\u1ea3 n\u0103ng b\u00e1m d\u00ednh c\u1ee7a MB r\u1ea5t nhanh v\u00e0 ch\u1eafc.<br \/>\n&#8211; Kh\u00f4ng c\u1ea7n tr\u1eef nhi\u1ec1u k\u00edch c\u1ee1 mi\u1ebfng v\u00e1 kh\u00e1c nhau. C\u00f3 th\u1ec3 s\u1eed d\u1ee5ng \u0111\u01b0\u1ee3c cho v\u00e1 ch\u00edn, n\u00f3 r\u00fat ng\u1eafn th\u1eddi gian thao t\u00e1c cho ng\u01b0\u1eddi th\u1ee3 v\u00e0 s\u1eed d\u1ee5ng \u0111\u01b0\u1ee3c nh\u1eefng mi\u1ebfng v\u00e1 nh\u1ecf h\u01a1n.<\/p>\n<p>*Ch\u00fa \u00fd:<br \/>\n&#8211; \u0110\u1ec3 c\u00f3 \u0111\u01b0\u1ee3c k\u1ebft qu\u1ea3 t\u1ed1t nh\u1ea5t khi s\u1eed d\u1ee5ng, n\u00ean s\u1eed d\u1ee5ng mi\u1ebfng v\u00e1 v\u1edbi keo v\u00e1 l\u1ed1p (SUPER VALKARN G) xanh c\u00f9ng keo l\u00e0m k\u00edn.<br \/>\n&#8211; Chi\u1ec1u m\u0169i t\u00ean tr\u00ean mi\u1ebfng v\u00e1 \u0111\u01b0\u1ee3c \u0111\u1eb7t h\u01b0\u1edbng v\u1ec1 ph\u00eda m\u00e9p l\u1ed1p.<\/p>\n<p>*\u0110\u00f3ng g\u00f3i:<br \/>\nGi\u00e1 ni\u00eam y\u1ebft theo \u0111\u01a1n v\u1ecb 1 mi\u1ebfng k\u00edch th\u01b0\u1edbc 240mm<br \/>\nH\u1ed9p 10 mi\u1ebfng<\/p>\n<p>* H\u01b0\u1edbng d\u1eabn b\u1ea3o qu\u1ea3n s\u1ea3n ph\u1ea9m<br \/>\nB\u1ea3o qu\u1ea3n s\u1ea3n ph\u1ea9m \u1edf n\u01a1i kh\u00f4 r\u00e1o, tr\u00e1nh \u00e1nh s\u00e1ng tr\u1ef1c ti\u1ebfp t\u1eeb m\u1eb7t tr\u1eddi ho\u1eb7c \u0111\u1ec3 c\u1ea1nh c\u00e1c ngu\u1ed3n ph\u00e1t nhi\u1ec7t.<\/p>\n<p>* Cam k\u1ebft c\u1ee7a ch\u00fang t\u00f4i<br \/>\n&#8211; Cam k\u1ebft b\u00e1n h\u00e0ng ch\u00ednh h\u00e3ng UY T\u00cdN &#8211; CH\u1ea4T L\u01af\u1ee2NG<br \/>\n&#8211; S\u1ea3n ph\u1ea9m \u0111\u1ec1u gi\u1ed1ng h\u00ecnh v\u00e0 l\u00e0 \u1ea3nh th\u1eadt do shop t\u1ef1 ch\u1ee5p<br \/>\n&#8211; H\u00e0ng \u0111\u01b0\u1ee3c \u0111\u00f3ng g\u00f3i c\u1ea9n th\u1eadn, ch\u1eafc ch\u1eafn.<br \/>\n&#8211; Shop nh\u1eadn \u0111\u1ed5i tr\u1ea3 khi ph\u00e1t hi\u1ec7n l\u1ed7i do nh\u00e0 s\u1ea3n xu\u1ea5t k\u00e8m video quay l\u1ea1i qu\u00e1 tr\u00ecnh khui h\u00e0ng. (L\u01b0u \u00fd)<\/p>\n<p>* L\u01b0u \u00fd: Kh\u00e1ch h\u00e0ng vui l\u00f2ng xem k\u1ef9 ph\u00e2n lo\u1ea1i tr\u01b0\u1edbc khi \u0111\u1eb7t h\u00e0ng.<\/p>","protected":false},"excerpt":{"rendered":"<p>T\u00ean s\u1ea3n ph\u1ea9m: Mi\u1ebfng V\u00e1 L\u1ed1p B\u1ed1 Ch\u00e9o Maruni MB-06 Tr\u00f2n 240mm *\u0110\u1eb7c \u0111i\u1ec3m: &#8211; D\u00f9ng \u0111\u1ec3 v\u00e1 l\u1ed1p c\u00f3 c\u1ea5u tr\u00fac b\u1ed1 ch\u00e9o (b\u1ed1 nylon). &#8211; C\u00f3 c\u1ea5u t\u1ea1o g\u1ed3m c\u1ea3 nh\u1eefng \u0111\u01b0\u1eddng b\u1ed1 \u0111\u1ec3 gia c\u1ed1 cho c\u00e1c ch\u1ed7 v\u00e1. &#8211; Th\u00edch h\u1ee3p cho c\u1ea3 l\u1ed1p c\u00f3 s\u0103m, kh\u00f4ng s\u0103m. &#8211; D\u00f9ng x\u1eed [&hellip;]<\/p>","protected":false},"featured_media":3892,"comment_status":"open","ping_status":"closed","template":"","meta":[],"product_brand":[125],"product_cat":[96,97],"product_tag":[],"class_list":{"0":"post-3629","1":"product","2":"type-product","3":"status-publish","4":"has-post-thumbnail","6":"product_brand-maruni","7":"product_cat-vat-tu-tieu-hao","8":"product_cat-mieng-va","10":"first","11":"instock","12":"taxable","13":"shipping-taxable","14":"purchasable","15":"product-type-simple"},"acf":[],"ct_brands":[{"id":125,"name":"Maruni","slug":"maruni"}],"yoast_head":"<!-- This site is optimized with the Yoast SEO Premium plugin v25.6 (Yoast SEO v25.6) - https:\/\/yoast.com\/wordpress\/plugins\/seo\/ -->\n<title>Mi\u1ebfng V\u00e1 L\u1ed1p B\u1ed1 Ch\u00e9o Maruni MB-06 Tr\u00f2n 240mm (1 mi\u1ebfng) - An Ph\u00e1t<\/title>\n<meta name=\"robots\" content=\"index, follow, max-snippet:-1, max-image-preview:large, max-video-preview:-1\" \/>\n<link rel=\"canonical\" href=\"https:\/\/anphatvn.com.vn\/en\/product\/mieng-va-lop-bo-cheo-maruni-mb-06-tron-240mm-1-mieng\/\" \/>\n<meta property=\"og:locale\" content=\"en_US\" \/>\n<meta property=\"og:type\" content=\"article\" \/>\n<meta property=\"og:title\" content=\"Mi\u1ebfng V\u00e1 L\u1ed1p B\u1ed1 Ch\u00e9o Maruni MB-06 Tr\u00f2n 240mm (1 mi\u1ebfng)\" \/>\n<meta property=\"og:description\" content=\"T\u00ean s\u1ea3n ph\u1ea9m: Mi\u1ebfng V\u00e1 L\u1ed1p B\u1ed1 Ch\u00e9o Maruni MB-06 Tr\u00f2n 240mm *\u0110\u1eb7c \u0111i\u1ec3m: &#8211; D\u00f9ng \u0111\u1ec3 v\u00e1 l\u1ed1p c\u00f3 c\u1ea5u tr\u00fac b\u1ed1 ch\u00e9o (b\u1ed1 nylon). &#8211; C\u00f3 c\u1ea5u t\u1ea1o g\u1ed3m c\u1ea3 nh\u1eefng \u0111\u01b0\u1eddng b\u1ed1 \u0111\u1ec3 gia c\u1ed1 cho c\u00e1c ch\u1ed7 v\u00e1. &#8211; Th\u00edch h\u1ee3p cho c\u1ea3 l\u1ed1p c\u00f3 s\u0103m, kh\u00f4ng s\u0103m. &#8211; D\u00f9ng x\u1eed [&hellip;]\" \/>\n<meta property=\"og:url\" content=\"https:\/\/anphatvn.com.vn\/en\/product\/mieng-va-lop-bo-cheo-maruni-mb-06-tron-240mm-1-mieng\/\" \/>\n<meta property=\"og:site_name\" content=\"An Ph\u00e1t\" \/>\n<meta property=\"article:modified_time\" content=\"2026-04-10T03:24:57+00:00\" \/>\n<meta property=\"og:image\" content=\"https:\/\/anphatvn.com.vn\/wp-content\/uploads\/2026\/04\/SP7917-MB-06.jpg\" \/>\n\t<meta property=\"og:image:width\" content=\"1200\" \/>\n\t<meta property=\"og:image:height\" content=\"1200\" \/>\n\t<meta property=\"og:image:type\" content=\"image\/jpeg\" \/>\n<meta name=\"twitter:card\" content=\"summary_large_image\" \/>\n<meta name=\"twitter:label1\" content=\"Est. reading time\" \/>\n\t<meta name=\"twitter:data1\" content=\"2 minutes\" \/>\n<script type=\"application\/ld+json\" class=\"yoast-schema-graph\">{\"@context\":\"https:\/\/schema.org\",\"@graph\":[{\"@type\":\"WebPage\",\"@id\":\"https:\/\/anphatvn.com.vn\/san-pham\/mieng-va-lop-bo-cheo-maruni-mb-06-tron-240mm-1-mieng\/\",\"url\":\"https:\/\/anphatvn.com.vn\/san-pham\/mieng-va-lop-bo-cheo-maruni-mb-06-tron-240mm-1-mieng\/\",\"name\":\"Mi\u1ebfng V\u00e1 L\u1ed1p B\u1ed1 Ch\u00e9o Maruni MB-06 Tr\u00f2n 240mm (1 mi\u1ebfng) - An Ph\u00e1t\",\"isPartOf\":{\"@id\":\"https:\/\/anphatvn.com.vn\/#website\"},\"primaryImageOfPage\":{\"@id\":\"https:\/\/anphatvn.com.vn\/san-pham\/mieng-va-lop-bo-cheo-maruni-mb-06-tron-240mm-1-mieng\/#primaryimage\"},\"image\":{\"@id\":\"https:\/\/anphatvn.com.vn\/san-pham\/mieng-va-lop-bo-cheo-maruni-mb-06-tron-240mm-1-mieng\/#primaryimage\"},\"thumbnailUrl\":\"https:\/\/anphatvn.com.vn\/wp-content\/uploads\/2026\/04\/SP7917-MB-06.jpg\",\"datePublished\":\"2026-04-09T10:56:01+00:00\",\"dateModified\":\"2026-04-10T03:24:57+00:00\",\"breadcrumb\":{\"@id\":\"https:\/\/anphatvn.com.vn\/san-pham\/mieng-va-lop-bo-cheo-maruni-mb-06-tron-240mm-1-mieng\/#breadcrumb\"},\"inLanguage\":\"en-US\",\"potentialAction\":[{\"@type\":\"ReadAction\",\"target\":[\"https:\/\/anphatvn.com.vn\/san-pham\/mieng-va-lop-bo-cheo-maruni-mb-06-tron-240mm-1-mieng\/\"]}]},{\"@type\":\"ImageObject\",\"inLanguage\":\"en-US\",\"@id\":\"https:\/\/anphatvn.com.vn\/san-pham\/mieng-va-lop-bo-cheo-maruni-mb-06-tron-240mm-1-mieng\/#primaryimage\",\"url\":\"https:\/\/anphatvn.com.vn\/wp-content\/uploads\/2026\/04\/SP7917-MB-06.jpg\",\"contentUrl\":\"https:\/\/anphatvn.com.vn\/wp-content\/uploads\/2026\/04\/SP7917-MB-06.jpg\",\"width\":1200,\"height\":1200},{\"@type\":\"BreadcrumbList\",\"@id\":\"https:\/\/anphatvn.com.vn\/san-pham\/mieng-va-lop-bo-cheo-maruni-mb-06-tron-240mm-1-mieng\/#breadcrumb\",\"itemListElement\":[{\"@type\":\"ListItem\",\"position\":1,\"name\":\"Trang ch\u1ee7\",\"item\":\"https:\/\/anphatvn.com.vn\/\"},{\"@type\":\"ListItem\",\"position\":2,\"name\":\"S\u1ea3n ph\u1ea9m\",\"item\":\"https:\/\/anphatvn.com.vn\/san-pham\/\"},{\"@type\":\"ListItem\",\"position\":3,\"name\":\"Mi\u1ebfng V\u00e1 L\u1ed1p B\u1ed1 Ch\u00e9o Maruni MB-06 Tr\u00f2n 240mm (1 mi\u1ebfng)\"}]},{\"@type\":\"WebSite\",\"@id\":\"https:\/\/anphatvn.com.vn\/#website\",\"url\":\"https:\/\/anphatvn.com.vn\/\",\"name\":\"An Ph\u00e1t\",\"description\":\"\",\"publisher\":{\"@id\":\"https:\/\/anphatvn.com.vn\/#organization\"},\"potentialAction\":[{\"@type\":\"SearchAction\",\"target\":{\"@type\":\"EntryPoint\",\"urlTemplate\":\"https:\/\/anphatvn.com.vn\/?s={search_term_string}\"},\"query-input\":{\"@type\":\"PropertyValueSpecification\",\"valueRequired\":true,\"valueName\":\"search_term_string\"}}],\"inLanguage\":\"en-US\"},{\"@type\":\"Organization\",\"@id\":\"https:\/\/anphatvn.com.vn\/#organization\",\"name\":\"An Ph\u00e1t\",\"url\":\"https:\/\/anphatvn.com.vn\/\",\"logo\":{\"@type\":\"ImageObject\",\"inLanguage\":\"en-US\",\"@id\":\"https:\/\/anphatvn.com.vn\/#\/schema\/logo\/image\/\",\"url\":\"https:\/\/anphatvn.com.vn\/wp-content\/uploads\/2025\/12\/an-phat-logo.png\",\"contentUrl\":\"https:\/\/anphatvn.com.vn\/wp-content\/uploads\/2025\/12\/an-phat-logo.png\",\"width\":74,\"height\":68,\"caption\":\"An Ph\u00e1t\"},\"image\":{\"@id\":\"https:\/\/anphatvn.com.vn\/#\/schema\/logo\/image\/\"}}]}<\/script>\n<!-- \/ Yoast SEO Premium plugin. -->","yoast_head_json":{"title":"Mi\u1ebfng V\u00e1 L\u1ed1p B\u1ed1 Ch\u00e9o Maruni MB-06 Tr\u00f2n 240mm (1 mi\u1ebfng) - An Ph\u00e1t","robots":{"index":"index","follow":"follow","max-snippet":"max-snippet:-1","max-image-preview":"max-image-preview:large","max-video-preview":"max-video-preview:-1"},"canonical":"https:\/\/anphatvn.com.vn\/en\/product\/mieng-va-lop-bo-cheo-maruni-mb-06-tron-240mm-1-mieng\/","og_locale":"en_US","og_type":"article","og_title":"Mi\u1ebfng V\u00e1 L\u1ed1p B\u1ed1 Ch\u00e9o Maruni MB-06 Tr\u00f2n 240mm (1 mi\u1ebfng)","og_description":"T\u00ean s\u1ea3n ph\u1ea9m: Mi\u1ebfng V\u00e1 L\u1ed1p B\u1ed1 Ch\u00e9o Maruni MB-06 Tr\u00f2n 240mm *\u0110\u1eb7c \u0111i\u1ec3m: &#8211; D\u00f9ng \u0111\u1ec3 v\u00e1 l\u1ed1p c\u00f3 c\u1ea5u tr\u00fac b\u1ed1 ch\u00e9o (b\u1ed1 nylon). &#8211; C\u00f3 c\u1ea5u t\u1ea1o g\u1ed3m c\u1ea3 nh\u1eefng \u0111\u01b0\u1eddng b\u1ed1 \u0111\u1ec3 gia c\u1ed1 cho c\u00e1c ch\u1ed7 v\u00e1. &#8211; Th\u00edch h\u1ee3p cho c\u1ea3 l\u1ed1p c\u00f3 s\u0103m, kh\u00f4ng s\u0103m. &#8211; D\u00f9ng x\u1eed [&hellip;]","og_url":"https:\/\/anphatvn.com.vn\/en\/product\/mieng-va-lop-bo-cheo-maruni-mb-06-tron-240mm-1-mieng\/","og_site_name":"An Ph\u00e1t","article_modified_time":"2026-04-10T03:24:57+00:00","og_image":[{"width":1200,"height":1200,"url":"https:\/\/anphatvn.com.vn\/wp-content\/uploads\/2026\/04\/SP7917-MB-06.jpg","type":"image\/jpeg"}],"twitter_card":"summary_large_image","twitter_misc":{"Est. reading time":"2 minutes"},"schema":{"@context":"https:\/\/schema.org","@graph":[{"@type":"WebPage","@id":"https:\/\/anphatvn.com.vn\/san-pham\/mieng-va-lop-bo-cheo-maruni-mb-06-tron-240mm-1-mieng\/","url":"https:\/\/anphatvn.com.vn\/san-pham\/mieng-va-lop-bo-cheo-maruni-mb-06-tron-240mm-1-mieng\/","name":"Mi\u1ebfng V\u00e1 L\u1ed1p B\u1ed1 Ch\u00e9o Maruni MB-06 Tr\u00f2n 240mm (1 mi\u1ebfng) - An Ph\u00e1t","isPartOf":{"@id":"https:\/\/anphatvn.com.vn\/#website"},"primaryImageOfPage":{"@id":"https:\/\/anphatvn.com.vn\/san-pham\/mieng-va-lop-bo-cheo-maruni-mb-06-tron-240mm-1-mieng\/#primaryimage"},"image":{"@id":"https:\/\/anphatvn.com.vn\/san-pham\/mieng-va-lop-bo-cheo-maruni-mb-06-tron-240mm-1-mieng\/#primaryimage"},"thumbnailUrl":"https:\/\/anphatvn.com.vn\/wp-content\/uploads\/2026\/04\/SP7917-MB-06.jpg","datePublished":"2026-04-09T10:56:01+00:00","dateModified":"2026-04-10T03:24:57+00:00","breadcrumb":{"@id":"https:\/\/anphatvn.com.vn\/san-pham\/mieng-va-lop-bo-cheo-maruni-mb-06-tron-240mm-1-mieng\/#breadcrumb"},"inLanguage":"en-US","potentialAction":[{"@type":"ReadAction","target":["https:\/\/anphatvn.com.vn\/san-pham\/mieng-va-lop-bo-cheo-maruni-mb-06-tron-240mm-1-mieng\/"]}]},{"@type":"ImageObject","inLanguage":"en-US","@id":"https:\/\/anphatvn.com.vn\/san-pham\/mieng-va-lop-bo-cheo-maruni-mb-06-tron-240mm-1-mieng\/#primaryimage","url":"https:\/\/anphatvn.com.vn\/wp-content\/uploads\/2026\/04\/SP7917-MB-06.jpg","contentUrl":"https:\/\/anphatvn.com.vn\/wp-content\/uploads\/2026\/04\/SP7917-MB-06.jpg","width":1200,"height":1200},{"@type":"BreadcrumbList","@id":"https:\/\/anphatvn.com.vn\/san-pham\/mieng-va-lop-bo-cheo-maruni-mb-06-tron-240mm-1-mieng\/#breadcrumb","itemListElement":[{"@type":"ListItem","position":1,"name":"Trang ch\u1ee7","item":"https:\/\/anphatvn.com.vn\/"},{"@type":"ListItem","position":2,"name":"S\u1ea3n ph\u1ea9m","item":"https:\/\/anphatvn.com.vn\/san-pham\/"},{"@type":"ListItem","position":3,"name":"Mi\u1ebfng V\u00e1 L\u1ed1p B\u1ed1 Ch\u00e9o Maruni MB-06 Tr\u00f2n 240mm (1 mi\u1ebfng)"}]},{"@type":"WebSite","@id":"https:\/\/anphatvn.com.vn\/#website","url":"https:\/\/anphatvn.com.vn\/","name":"An Ph\u00e1t","description":"","publisher":{"@id":"https:\/\/anphatvn.com.vn\/#organization"},"potentialAction":[{"@type":"SearchAction","target":{"@type":"EntryPoint","urlTemplate":"https:\/\/anphatvn.com.vn\/?s={search_term_string}"},"query-input":{"@type":"PropertyValueSpecification","valueRequired":true,"valueName":"search_term_string"}}],"inLanguage":"en-US"},{"@type":"Organization","@id":"https:\/\/anphatvn.com.vn\/#organization","name":"An Ph\u00e1t","url":"https:\/\/anphatvn.com.vn\/","logo":{"@type":"ImageObject","inLanguage":"en-US","@id":"https:\/\/anphatvn.com.vn\/#\/schema\/logo\/image\/","url":"https:\/\/anphatvn.com.vn\/wp-content\/uploads\/2025\/12\/an-phat-logo.png","contentUrl":"https:\/\/anphatvn.com.vn\/wp-content\/uploads\/2025\/12\/an-phat-logo.png","width":74,"height":68,"caption":"An Ph\u00e1t"},"image":{"@id":"https:\/\/anphatvn.com.vn\/#\/schema\/logo\/image\/"}}]}},"_links":{"self":[{"href":"https:\/\/anphatvn.com.vn\/en\/wp-json\/wp\/v2\/product\/3629","targetHints":{"allow":["GET"]}}],"collection":[{"href":"https:\/\/anphatvn.com.vn\/en\/wp-json\/wp\/v2\/product"}],"about":[{"href":"https:\/\/anphatvn.com.vn\/en\/wp-json\/wp\/v2\/types\/product"}],"replies":[{"embeddable":true,"href":"https:\/\/anphatvn.com.vn\/en\/wp-json\/wp\/v2\/comments?post=3629"}],"wp:featuredmedia":[{"embeddable":true,"href":"https:\/\/anphatvn.com.vn\/en\/wp-json\/wp\/v2\/media\/3892"}],"wp:attachment":[{"href":"https:\/\/anphatvn.com.vn\/en\/wp-json\/wp\/v2\/media?parent=3629"}],"wp:term":[{"taxonomy":"product_brand","embeddable":true,"href":"https:\/\/anphatvn.com.vn\/en\/wp-json\/wp\/v2\/product_brand?post=3629"},{"taxonomy":"product_cat","embeddable":true,"href":"https:\/\/anphatvn.com.vn\/en\/wp-json\/wp\/v2\/product_cat?post=3629"},{"taxonomy":"product_tag","embeddable":true,"href":"https:\/\/anphatvn.com.vn\/en\/wp-json\/wp\/v2\/product_tag?post=3629"}],"curies":[{"name":"wp","href":"https:\/\/api.w.org\/{rel}","templated":true}]}}