{"id":3292,"date":"2026-02-10T11:16:52","date_gmt":"2026-02-10T04:16:52","guid":{"rendered":"https:\/\/anphatco.123websitedev.com\/san-pham\/kich-ca-sau-3-tan-tora-tr-3t\/"},"modified":"2026-02-12T16:46:04","modified_gmt":"2026-02-12T09:46:04","slug":"kich-ca-sau-3-tan-tora-tr-3t","status":"publish","type":"product","link":"https:\/\/anphatvn.com.vn\/en\/product\/kich-ca-sau-3-tan-tora-tr-3t\/","title":{"rendered":"Tora TR-3T 3-Ton Crocodile Jack"},"content":{"rendered":"<p>H\u01b0\u1edbng d\u1eabn v\u1eadn h\u00e0nh k\u00edch c\u00e1 s\u1ea5u TR-3<\/p>\n<p>&#8211; Sau khi k\u00edch \u0111\u00e3 \u0111\u01b0\u1ee3c \u0111\u1eb7t t\u1ea1i v\u1ecb tr\u00ed \u0111\u1ea3m b\u1ea3o c\u00e1c y\u1ebfu t\u1ed1 \u1edf ph\u1ea7n l\u01b0u \u00fd. Ta ti\u1ebfn h\u00e0nh nh\u01b0 sau:<\/p>\n<p>&#8211; V\u1eb7n tay c\u00f4ng theo chi\u1ec1u kim \u0111\u1ed3ng h\u1ed3 \u0111\u1ec3 kh\u00f3a van x\u1ea3 kh\u00ed<\/p>\n<p>&#8211; Di chuy\u1ec3n k\u00edch t\u1edbi ng\u1ea7m c\u1ee7a xe, l\u01b0u \u00fd l\u00e0 v\u1ecb tr\u00ed d\u00f9ng \u0111\u1ec3 k\u00ea k\u00edch xe l\u00e0 ph\u1ea7n b\u00e1t k\u00edch<\/p>\n<p>&#8211; Ti\u1ebfn h\u00e0nh n\u00e2ng k\u00edch b\u1eb1ng c\u00e1ch h\u1ea1 tay c\u00f4ng xu\u1ed1ng nh\u01b0 h\u00ecnh d\u01b0\u1edbi. \u0110\u1ed3ng th\u1eddi b\u00e1t k\u00edch \u0111\u01b0\u1ee3c n\u00e2ng l\u00ean \u0111\u1ec3 k\u00edch xe.<\/p>\n<p>&#8211; N\u00e2ng tay c\u00f4ng l\u00ean h\u1ebft t\u1ea7m, l\u1eb7p l\u1ea1i qu\u00e1 tr\u00ecnh n\u00e2ng h\u1ea1 tay c\u00f4ng \u0111\u1ec3 th\u1ef1c hi\u1ec7n vi\u1ec7c k\u00edch xe \u0111\u1ebfn t\u1ea7m cao mong mu\u1ed1n. &#8211; Kh\u00f4ng n\u00e2ng k\u00edch qu\u00e1 t\u1ea7m.<\/p>\n<p>&#8211; Trong qu\u00e1 tr\u00ecnh th\u1ef1c hi\u1ec7n s\u1eeda ch\u1eefa, d\u00f9ng v\u1eadt k\u00ea \u0111\u1ec3 k\u00ea xe ch\u1eafc ch\u1eafn, sau \u0111\u00f3 ti\u1ebfn h\u00e0nh h\u1ea1 k\u00edch xu\u1ed1ng b\u1eb1ng c\u00e1ch v\u1eb7n tay c\u00f4ng ng\u01b0\u1ee3c chi\u1ec1u kim \u0111\u1ed3ng h\u1ed3 m\u1ed9t c\u00e1ch t\u1eeb t\u1eeb. \u0110\u01b0a k\u00edch ra ngo\u00e0i.<\/p>\n<p>&#8211; Sau khi ti\u1ebfn h\u00e0nh s\u1eeda ch\u1eefa xe xong, \u0111\u01b0a k\u00edch v\u00e0o v\u1ecb tr\u00ed l\u00fac tr\u01b0\u1edbc \u0111\u00e3 k\u00edch, th\u1ef1c hi\u1ec7n c\u00e1c thao t\u00e1c t\u01b0\u01a1ng t\u1ef1 nh\u01b0 tr\u00ean \u0111\u1ec3 ti\u1ebfn h\u00e0nh n\u00e2ng k\u00edch. Th\u00e1o b\u1ecf v\u1eadt k\u00ea, sau \u0111\u00f3 h\u1ea1 xe xu\u1ed1ng v\u00e0 nh\u1ea5c k\u00edch ra ngo\u00e0i.<\/p>","protected":false},"excerpt":{"rendered":"<p>H\u01b0\u1edbng d\u1eabn v\u1eadn h\u00e0nh k\u00edch c\u00e1 s\u1ea5u TR-3 &#8211; Sau khi k\u00edch \u0111\u00e3 \u0111\u01b0\u1ee3c \u0111\u1eb7t t\u1ea1i v\u1ecb tr\u00ed \u0111\u1ea3m b\u1ea3o c\u00e1c y\u1ebfu t\u1ed1 \u1edf ph\u1ea7n l\u01b0u \u00fd. Ta ti\u1ebfn h\u00e0nh nh\u01b0 sau: &#8211; V\u1eb7n tay c\u00f4ng theo chi\u1ec1u kim \u0111\u1ed3ng h\u1ed3 \u0111\u1ec3 kh\u00f3a van x\u1ea3 kh\u00ed &#8211; Di chuy\u1ec3n k\u00edch t\u1edbi ng\u1ea7m c\u1ee7a xe, l\u01b0u [&hellip;]<\/p>","protected":false},"featured_media":3099,"comment_status":"closed","ping_status":"open","template":"","meta":[],"product_brand":[139],"product_cat":[90,91],"product_tag":[],"class_list":{"0":"post-3292","1":"product","2":"type-product","3":"status-publish","4":"has-post-thumbnail","6":"product_brand-tora","7":"product_cat-may-moc-thiet-bi","8":"product_cat-kich","10":"first","11":"instock","12":"purchasable","13":"product-type-simple"},"acf":[],"ct_brands":[{"id":139,"name":"Tora","slug":"tora"}],"yoast_head":"<!-- This site is optimized with the Yoast SEO Premium plugin v25.6 (Yoast SEO v25.6) - https:\/\/yoast.com\/wordpress\/plugins\/seo\/ -->\n<title>K\u00edch C\u00e1 S\u1ea5u 3 T\u1ea5n Tora TR-3T - An Ph\u00e1t<\/title>\n<meta name=\"robots\" content=\"index, follow, max-snippet:-1, max-image-preview:large, max-video-preview:-1\" \/>\n<link rel=\"canonical\" href=\"https:\/\/anphatvn.com.vn\/en\/product\/kich-ca-sau-3-tan-tora-tr-3t\/\" \/>\n<meta property=\"og:locale\" content=\"en_US\" \/>\n<meta property=\"og:type\" content=\"article\" \/>\n<meta property=\"og:title\" content=\"K\u00edch C\u00e1 S\u1ea5u 3 T\u1ea5n Tora TR-3T\" \/>\n<meta property=\"og:description\" content=\"H\u01b0\u1edbng d\u1eabn v\u1eadn h\u00e0nh k\u00edch c\u00e1 s\u1ea5u TR-3 &#8211; Sau khi k\u00edch \u0111\u00e3 \u0111\u01b0\u1ee3c \u0111\u1eb7t t\u1ea1i v\u1ecb tr\u00ed \u0111\u1ea3m b\u1ea3o c\u00e1c y\u1ebfu t\u1ed1 \u1edf ph\u1ea7n l\u01b0u \u00fd. Ta ti\u1ebfn h\u00e0nh nh\u01b0 sau: &#8211; V\u1eb7n tay c\u00f4ng theo chi\u1ec1u kim \u0111\u1ed3ng h\u1ed3 \u0111\u1ec3 kh\u00f3a van x\u1ea3 kh\u00ed &#8211; Di chuy\u1ec3n k\u00edch t\u1edbi ng\u1ea7m c\u1ee7a xe, l\u01b0u [&hellip;]\" \/>\n<meta property=\"og:url\" content=\"https:\/\/anphatvn.com.vn\/en\/product\/kich-ca-sau-3-tan-tora-tr-3t\/\" \/>\n<meta property=\"og:site_name\" content=\"An Ph\u00e1t\" \/>\n<meta property=\"article:modified_time\" content=\"2026-02-12T09:46:04+00:00\" \/>\n<meta property=\"og:image\" content=\"https:\/\/anphatvn.com.vn\/wp-content\/uploads\/2026\/02\/kich-ca-sau-tora-tr-3.jpg\" \/>\n\t<meta property=\"og:image:width\" content=\"1200\" \/>\n\t<meta property=\"og:image:height\" content=\"1200\" \/>\n\t<meta property=\"og:image:type\" content=\"image\/jpeg\" \/>\n<meta name=\"twitter:card\" content=\"summary_large_image\" \/>\n<meta name=\"twitter:label1\" content=\"Est. reading time\" \/>\n\t<meta name=\"twitter:data1\" content=\"2 minutes\" \/>\n<script type=\"application\/ld+json\" class=\"yoast-schema-graph\">{\"@context\":\"https:\/\/schema.org\",\"@graph\":[{\"@type\":\"WebPage\",\"@id\":\"https:\/\/anphatvn.com.vn\/san-pham\/kich-ca-sau-3-tan-tora-tr-3t\/\",\"url\":\"https:\/\/anphatvn.com.vn\/san-pham\/kich-ca-sau-3-tan-tora-tr-3t\/\",\"name\":\"K\u00edch C\u00e1 S\u1ea5u 3 T\u1ea5n Tora TR-3T - An Ph\u00e1t\",\"isPartOf\":{\"@id\":\"https:\/\/anphatvn.com.vn\/#website\"},\"primaryImageOfPage\":{\"@id\":\"https:\/\/anphatvn.com.vn\/san-pham\/kich-ca-sau-3-tan-tora-tr-3t\/#primaryimage\"},\"image\":{\"@id\":\"https:\/\/anphatvn.com.vn\/san-pham\/kich-ca-sau-3-tan-tora-tr-3t\/#primaryimage\"},\"thumbnailUrl\":\"https:\/\/anphatvn.com.vn\/wp-content\/uploads\/2026\/02\/kich-ca-sau-tora-tr-3.jpg\",\"datePublished\":\"2026-02-10T04:16:52+00:00\",\"dateModified\":\"2026-02-12T09:46:04+00:00\",\"breadcrumb\":{\"@id\":\"https:\/\/anphatvn.com.vn\/san-pham\/kich-ca-sau-3-tan-tora-tr-3t\/#breadcrumb\"},\"inLanguage\":\"en-US\",\"potentialAction\":[{\"@type\":\"ReadAction\",\"target\":[\"https:\/\/anphatvn.com.vn\/san-pham\/kich-ca-sau-3-tan-tora-tr-3t\/\"]}]},{\"@type\":\"ImageObject\",\"inLanguage\":\"en-US\",\"@id\":\"https:\/\/anphatvn.com.vn\/san-pham\/kich-ca-sau-3-tan-tora-tr-3t\/#primaryimage\",\"url\":\"https:\/\/anphatvn.com.vn\/wp-content\/uploads\/2026\/02\/kich-ca-sau-tora-tr-3.jpg\",\"contentUrl\":\"https:\/\/anphatvn.com.vn\/wp-content\/uploads\/2026\/02\/kich-ca-sau-tora-tr-3.jpg\",\"width\":1200,\"height\":1200},{\"@type\":\"BreadcrumbList\",\"@id\":\"https:\/\/anphatvn.com.vn\/san-pham\/kich-ca-sau-3-tan-tora-tr-3t\/#breadcrumb\",\"itemListElement\":[{\"@type\":\"ListItem\",\"position\":1,\"name\":\"Trang ch\u1ee7\",\"item\":\"https:\/\/anphatvn.com.vn\/\"},{\"@type\":\"ListItem\",\"position\":2,\"name\":\"S\u1ea3n ph\u1ea9m\",\"item\":\"https:\/\/anphatvn.com.vn\/san-pham\/\"},{\"@type\":\"ListItem\",\"position\":3,\"name\":\"K\u00edch C\u00e1 S\u1ea5u 3 T\u1ea5n Tora TR-3T\"}]},{\"@type\":\"WebSite\",\"@id\":\"https:\/\/anphatvn.com.vn\/#website\",\"url\":\"https:\/\/anphatvn.com.vn\/\",\"name\":\"An Ph\u00e1t\",\"description\":\"\",\"publisher\":{\"@id\":\"https:\/\/anphatvn.com.vn\/#organization\"},\"potentialAction\":[{\"@type\":\"SearchAction\",\"target\":{\"@type\":\"EntryPoint\",\"urlTemplate\":\"https:\/\/anphatvn.com.vn\/?s={search_term_string}\"},\"query-input\":{\"@type\":\"PropertyValueSpecification\",\"valueRequired\":true,\"valueName\":\"search_term_string\"}}],\"inLanguage\":\"en-US\"},{\"@type\":\"Organization\",\"@id\":\"https:\/\/anphatvn.com.vn\/#organization\",\"name\":\"An Ph\u00e1t\",\"url\":\"https:\/\/anphatvn.com.vn\/\",\"logo\":{\"@type\":\"ImageObject\",\"inLanguage\":\"en-US\",\"@id\":\"https:\/\/anphatvn.com.vn\/#\/schema\/logo\/image\/\",\"url\":\"https:\/\/anphatvn.com.vn\/wp-content\/uploads\/2025\/12\/an-phat-logo.png\",\"contentUrl\":\"https:\/\/anphatvn.com.vn\/wp-content\/uploads\/2025\/12\/an-phat-logo.png\",\"width\":74,\"height\":68,\"caption\":\"An Ph\u00e1t\"},\"image\":{\"@id\":\"https:\/\/anphatvn.com.vn\/#\/schema\/logo\/image\/\"}}]}<\/script>\n<!-- \/ Yoast SEO Premium plugin. -->","yoast_head_json":{"title":"K\u00edch C\u00e1 S\u1ea5u 3 T\u1ea5n Tora TR-3T - An Ph\u00e1t","robots":{"index":"index","follow":"follow","max-snippet":"max-snippet:-1","max-image-preview":"max-image-preview:large","max-video-preview":"max-video-preview:-1"},"canonical":"https:\/\/anphatvn.com.vn\/en\/product\/kich-ca-sau-3-tan-tora-tr-3t\/","og_locale":"en_US","og_type":"article","og_title":"K\u00edch C\u00e1 S\u1ea5u 3 T\u1ea5n Tora TR-3T","og_description":"H\u01b0\u1edbng d\u1eabn v\u1eadn h\u00e0nh k\u00edch c\u00e1 s\u1ea5u TR-3 &#8211; Sau khi k\u00edch \u0111\u00e3 \u0111\u01b0\u1ee3c \u0111\u1eb7t t\u1ea1i v\u1ecb tr\u00ed \u0111\u1ea3m b\u1ea3o c\u00e1c y\u1ebfu t\u1ed1 \u1edf ph\u1ea7n l\u01b0u \u00fd. Ta ti\u1ebfn h\u00e0nh nh\u01b0 sau: &#8211; V\u1eb7n tay c\u00f4ng theo chi\u1ec1u kim \u0111\u1ed3ng h\u1ed3 \u0111\u1ec3 kh\u00f3a van x\u1ea3 kh\u00ed &#8211; Di chuy\u1ec3n k\u00edch t\u1edbi ng\u1ea7m c\u1ee7a xe, l\u01b0u [&hellip;]","og_url":"https:\/\/anphatvn.com.vn\/en\/product\/kich-ca-sau-3-tan-tora-tr-3t\/","og_site_name":"An Ph\u00e1t","article_modified_time":"2026-02-12T09:46:04+00:00","og_image":[{"width":1200,"height":1200,"url":"https:\/\/anphatvn.com.vn\/wp-content\/uploads\/2026\/02\/kich-ca-sau-tora-tr-3.jpg","type":"image\/jpeg"}],"twitter_card":"summary_large_image","twitter_misc":{"Est. reading time":"2 minutes"},"schema":{"@context":"https:\/\/schema.org","@graph":[{"@type":"WebPage","@id":"https:\/\/anphatvn.com.vn\/san-pham\/kich-ca-sau-3-tan-tora-tr-3t\/","url":"https:\/\/anphatvn.com.vn\/san-pham\/kich-ca-sau-3-tan-tora-tr-3t\/","name":"K\u00edch C\u00e1 S\u1ea5u 3 T\u1ea5n Tora TR-3T - An Ph\u00e1t","isPartOf":{"@id":"https:\/\/anphatvn.com.vn\/#website"},"primaryImageOfPage":{"@id":"https:\/\/anphatvn.com.vn\/san-pham\/kich-ca-sau-3-tan-tora-tr-3t\/#primaryimage"},"image":{"@id":"https:\/\/anphatvn.com.vn\/san-pham\/kich-ca-sau-3-tan-tora-tr-3t\/#primaryimage"},"thumbnailUrl":"https:\/\/anphatvn.com.vn\/wp-content\/uploads\/2026\/02\/kich-ca-sau-tora-tr-3.jpg","datePublished":"2026-02-10T04:16:52+00:00","dateModified":"2026-02-12T09:46:04+00:00","breadcrumb":{"@id":"https:\/\/anphatvn.com.vn\/san-pham\/kich-ca-sau-3-tan-tora-tr-3t\/#breadcrumb"},"inLanguage":"en-US","potentialAction":[{"@type":"ReadAction","target":["https:\/\/anphatvn.com.vn\/san-pham\/kich-ca-sau-3-tan-tora-tr-3t\/"]}]},{"@type":"ImageObject","inLanguage":"en-US","@id":"https:\/\/anphatvn.com.vn\/san-pham\/kich-ca-sau-3-tan-tora-tr-3t\/#primaryimage","url":"https:\/\/anphatvn.com.vn\/wp-content\/uploads\/2026\/02\/kich-ca-sau-tora-tr-3.jpg","contentUrl":"https:\/\/anphatvn.com.vn\/wp-content\/uploads\/2026\/02\/kich-ca-sau-tora-tr-3.jpg","width":1200,"height":1200},{"@type":"BreadcrumbList","@id":"https:\/\/anphatvn.com.vn\/san-pham\/kich-ca-sau-3-tan-tora-tr-3t\/#breadcrumb","itemListElement":[{"@type":"ListItem","position":1,"name":"Trang ch\u1ee7","item":"https:\/\/anphatvn.com.vn\/"},{"@type":"ListItem","position":2,"name":"S\u1ea3n ph\u1ea9m","item":"https:\/\/anphatvn.com.vn\/san-pham\/"},{"@type":"ListItem","position":3,"name":"K\u00edch C\u00e1 S\u1ea5u 3 T\u1ea5n Tora TR-3T"}]},{"@type":"WebSite","@id":"https:\/\/anphatvn.com.vn\/#website","url":"https:\/\/anphatvn.com.vn\/","name":"An Ph\u00e1t","description":"","publisher":{"@id":"https:\/\/anphatvn.com.vn\/#organization"},"potentialAction":[{"@type":"SearchAction","target":{"@type":"EntryPoint","urlTemplate":"https:\/\/anphatvn.com.vn\/?s={search_term_string}"},"query-input":{"@type":"PropertyValueSpecification","valueRequired":true,"valueName":"search_term_string"}}],"inLanguage":"en-US"},{"@type":"Organization","@id":"https:\/\/anphatvn.com.vn\/#organization","name":"An Ph\u00e1t","url":"https:\/\/anphatvn.com.vn\/","logo":{"@type":"ImageObject","inLanguage":"en-US","@id":"https:\/\/anphatvn.com.vn\/#\/schema\/logo\/image\/","url":"https:\/\/anphatvn.com.vn\/wp-content\/uploads\/2025\/12\/an-phat-logo.png","contentUrl":"https:\/\/anphatvn.com.vn\/wp-content\/uploads\/2025\/12\/an-phat-logo.png","width":74,"height":68,"caption":"An Ph\u00e1t"},"image":{"@id":"https:\/\/anphatvn.com.vn\/#\/schema\/logo\/image\/"}}]}},"_links":{"self":[{"href":"https:\/\/anphatvn.com.vn\/en\/wp-json\/wp\/v2\/product\/3292","targetHints":{"allow":["GET"]}}],"collection":[{"href":"https:\/\/anphatvn.com.vn\/en\/wp-json\/wp\/v2\/product"}],"about":[{"href":"https:\/\/anphatvn.com.vn\/en\/wp-json\/wp\/v2\/types\/product"}],"replies":[{"embeddable":true,"href":"https:\/\/anphatvn.com.vn\/en\/wp-json\/wp\/v2\/comments?post=3292"}],"wp:featuredmedia":[{"embeddable":true,"href":"https:\/\/anphatvn.com.vn\/en\/wp-json\/wp\/v2\/media\/3099"}],"wp:attachment":[{"href":"https:\/\/anphatvn.com.vn\/en\/wp-json\/wp\/v2\/media?parent=3292"}],"wp:term":[{"taxonomy":"product_brand","embeddable":true,"href":"https:\/\/anphatvn.com.vn\/en\/wp-json\/wp\/v2\/product_brand?post=3292"},{"taxonomy":"product_cat","embeddable":true,"href":"https:\/\/anphatvn.com.vn\/en\/wp-json\/wp\/v2\/product_cat?post=3292"},{"taxonomy":"product_tag","embeddable":true,"href":"https:\/\/anphatvn.com.vn\/en\/wp-json\/wp\/v2\/product_tag?post=3292"}],"curies":[{"name":"wp","href":"https:\/\/api.w.org\/{rel}","templated":true}]}}