{"id":3280,"date":"2026-02-10T11:16:39","date_gmt":"2026-02-10T04:16:39","guid":{"rendered":"https:\/\/anphatco.123websitedev.com\/san-pham\/kich-con-doi-thuy-luc-30-tan-sunrun-sth-30a\/"},"modified":"2026-02-12T16:46:00","modified_gmt":"2026-02-12T09:46:00","slug":"kich-con-doi-thuy-luc-30-tan-sunrun-sth-30a","status":"publish","type":"product","link":"https:\/\/anphatvn.com.vn\/en\/product\/kich-con-doi-thuy-luc-30-tan-sunrun-sth-30a\/","title":{"rendered":"Sunrun STH-30A 30-Ton Hydraulic Jack"},"content":{"rendered":"<p>Con \u0111\u1ed9i th\u1ee7y l\u1ef1c Sunrun STH-30A\/B l\u00e0 m\u1ed9t lo\u1ea1i k\u00edch 30 t\u1ea5n c\u1ee7a th\u01b0\u01a1ng hi\u1ec7u n\u1ed5i ti\u1ebfng Sunrun \u0111\u1ebfn t\u1eeb \u0110\u00e0i Loan. S\u1ea3n ph\u1ea9m d\u00f9ng \u0111\u1ec3 n\u00e2ng h\u1ea1 nh\u1eefng v\u1eadt n\u1eb7ng c\u00f3 kh\u1ed1i l\u01b0\u1ee3ng t\u1eeb h\u00e0ng ch\u1ee5c \u0111\u1ebfn h\u00e0ng tr\u0103m t\u1ea5n t\u00f9y thu\u1ed9c v\u00e0o c\u1ea5u t\u1ea1o v\u00e0 k\u00edch th\u01b0\u1edbc c\u1ee7a xi lanh. \u0110\u00e2y l\u00e0 thi\u1ebft b\u1ecb \u0111\u01b0\u1ee3c d\u00f9ng nhi\u1ec1u \u1edf c\u00e1c x\u01b0\u1edfng, gara s\u1eeda ch\u1eefa \u00f4 t\u00f4,\u2026<\/p>\n<p>1. T\u00ecm hi\u1ec3u v\u1ec1 con \u0111\u1ed9i th\u1ee7y l\u1ef1c 30 t\u1ea5n Sunrun STH-30A\/B<\/p>\n<p>Con \u0111\u1ed9i th\u1ee7y l\u1ef1c (k\u00edch th\u1ee7y l\u1ef1c) STH-30A\/B \u0111\u01b0\u1ee3c thi\u1ebft k\u1ebf g\u1ecdn g\u00e0ng, c\u00f3 th\u1ec3 mang \u0111i di chuy\u1ec3n m\u1ed9t c\u00e1ch ti\u1ec7n l\u1ee3i. Ngo\u00e0i ra, S\u1ea3n ph\u1ea9m c\u00f3 nh\u1eefng \u01b0u \u0111i\u1ec3m n\u1ed5i b\u1eadt nh\u01b0 sau:<\/p>\n<p>K\u1ebft c\u1ea5u v\u1ecf li\u1ec1n \u0111\u1ebf ch\u1eafc ch\u1eafn, an to\u00e0n h\u01a1n trong qu\u00e1 tr\u00ecnh s\u1eed d\u1ee5ng.<\/p>\n<p>L\u00f2 xo t\u1ef1 h\u1ed3i c\u1ee1 l\u1edbn, gi\u00fap c\u1ea7n n\u00e2ng h\u1ed3i nhanh v\u00e0 kh\u00f4ng g\u00e2y v\u01b0\u1edbng khi s\u1eed d\u1ee5ng.<\/p>\n<p>An to\u00e0n h\u01a1n nh\u1edd van ch\u1ed1ng qu\u00e1 t\u1ea3i.<\/p>\n<p>S\u1ea3n ph\u1ea9m \u0111\u01b0\u1ee3c ki\u1ec3m \u0111\u1ecbnh ch\u1ea5t l\u01b0\u1ee3ng nghi\u00eam ng\u1eb7t.<\/p>\n<p>M\u1ed7i chi ti\u1ebft \u0111\u1ec1u \u0111\u01b0\u1ee3c ch\u00fa tr\u1ecdng, gia c\u00f4ng t\u1ec9 m\u1ec9 tr\u00ean d\u00e2y chuy\u1ec1n s\u1ea3n xu\u1ea5t ti\u00eau chu\u1ea9n gi\u00fap \u0111\u1ea3m b\u1ea3o ch\u1ea5t l\u01b0\u1ee3ng c\u1ee7a t\u1eebng s\u1ea3n ph\u1ea9m.<\/p>\n<p>K\u00edch th\u1ee7y l\u1ef1c x\u00e1ch tay Sunrun STH-30A\/B s\u1edf h\u1eefu nhi\u1ec1u \u01b0u \u0111i\u1ec3m n\u1ed5i b\u1eadt, l\u00e0 tr\u1ee3 th\u1ee7 \u0111\u1eafc l\u1ef1c c\u1ee7a nh\u1eefng ng\u01b0\u1eddi th\u1ee3 s\u1eeda ch\u1eefa chuy\u00ean nghi\u1ec7p.<\/p>\n<p>2. L\u01b0u \u00fd khi s\u1eed d\u1ee5ng k\u00edch, con \u0111\u1ed9i th\u1ee7y l\u1ef1c 30 t\u1ea5n Sunrun STH-30A\/B<\/p>\n<p>K\u00edch th\u1ee7y l\u1ef1c STH-30A\/B c\u1ee7a Sunrun ho\u1ea1t \u0111\u1ed9ng ch\u1ee7 y\u1ebfu d\u1ef1a v\u00e0o h\u1ec7 th\u1ed1ng kh\u00ed n\u00e9n b\u00ean trong k\u00edch. S\u1eed d\u1ee5ng k\u00edch th\u1ee7y l\u1ef1c sai c\u00e1ch ho\u1eb7c k\u00edch k\u00e9m ch\u1ea5t l\u01b0\u1ee3ng c\u00f3 th\u1ec3 g\u00e2y ra nhi\u1ec1u h\u1eadu qu\u1ea3 nghi\u00eam tr\u1ecdng v\u00e0 \u0111e d\u1ecda \u0111\u1ebfn t\u00ednh m\u1ea1ng ng\u01b0\u1eddi d\u00f9ng. V\u00ec v\u1eady c\u00e1c chuy\u00ean gia k\u1ef9 thu\u1eadt khuy\u1ebfn ngh\u1ecb kh\u00e1ch h\u00e0ng n\u00ean ch\u1ecdn mua s\u1ea3n ph\u1ea9m k\u00edch th\u1ee7y l\u1ef1c 30 t\u1ea5n ch\u00ednh h\u00e3ng v\u00e0 l\u01b0u \u00fd nh\u1eefng \u0111i\u1ec1u sau:<\/p>\n<p>Ki\u1ec3m tra ngo\u1ea1i quan k\u00edch tr\u01b0\u1edbc khi s\u1eed d\u1ee5ng, n\u1ebfu ph\u00e1t hi\u1ec7n b\u1ea5t k\u1ef3 \u0111i\u1ec3m b\u1ea5t th\u01b0\u1eddng n\u00e0o th\u00ec c\u1ea7n ng\u01b0ng s\u1eed d\u1ee5ng v\u00e0 nh\u1edd ng\u01b0\u1eddi c\u00f3 chuy\u00ean m\u00f4n \u0111\u1ec3 kh\u1eafc ph\u1ee5c.<\/p>\n<p>K\u00edch s\u1eed d\u1ee5ng kh\u00ed n\u00e9n \u0111\u1ec3 l\u00e0m vi\u1ec7c n\u00ean c\u1ea7n ph\u1ea3i l\u00e0m s\u1ea1ch kh\u00ed n\u00e9n tr\u01b0\u1edbc khi \u0111\u01b0a v\u00e0o thi\u1ebft b\u1ecb b\u1eb1ng b\u1ed9 ph\u1eadn x\u1eed l\u00fd kh\u00ed n\u00e9n (l\u1ecdc n\u01b0\u1edbc v\u00e0 phun d\u1ea7u).<\/p>\n<p>Khi k\u00ea k\u00edch ph\u1ea3i \u0111\u1ea3m b\u1ea3o k\u00edch lu\u00f4n vu\u00f4ng g\u00f3c (90\u00b0) v\u1edbi m\u1eb7t ph\u1eb3ng n\u1ec1n v\u00e0 m\u1eb7t ph\u1eb3ng ti\u1ebfp x\u00fac c\u1ea7n k\u00edch. N\u1ebfu k\u00edch k\u00ea v\u1edbi g\u00f3c nghi\u00eang > 5\u00b0 s\u1ebd d\u1eabn t\u1edbi k\u00edch h\u1ecfng v\u00e0 c\u00f3 nguy c\u01a1 s\u1eadp k\u00edch g\u00e2y m\u1ea5t an to\u00e0n cho ng\u01b0\u1eddi s\u1eed d\u1ee5ng.<\/p>\n<p>N\u1ebfu k\u00edch kh\u00f4ng c\u00f3 h\u1ec7 th\u1ed1ng x\u1eed l\u00fd kh\u00ed n\u00e9n th\u00ec ph\u1ea3i th\u01b0\u1eddng xuy\u00ean x\u1ea3 h\u01a1i n\u01b0\u1edbc \u1edf b\u00ecnh ch\u1ee9a kh\u00ed.<\/p>\n<p>Tra d\u1ea7u th\u1ee7y l\u1ef1c tr\u1ef1c ti\u1ebfp t\u1eeb \u0111\u01b0\u1eddng h\u01a1i v\u00e0o thi\u1ebft b\u1ecb kho\u1ea3ng 3-5 gi\u1ecdt m\u1ed7i ng\u00e0y.<\/p>\n<p>S\u1eed d\u1ee5ng k\u00edch ph\u00f9 h\u1ee3p v\u1edbi \u00e1p l\u1ef1c kh\u00ed n\u00e9n \u0111\u01b0\u1ee3c ki\u1ebfn ngh\u1ecb t\u1eeb nh\u00e0 s\u1ea3n xu\u1ea5t.<\/p>\n<p>Th\u1ef1c hi\u1ec7n b\u1ea3o d\u01b0\u1ee1ng k\u00edch \u0111\u1ecbnh k\u1ef3.<\/p>\n<p>Con \u0111\u1ed9i th\u1ee7y l\u1ef1c l\u00e0 s\u1ea3n ph\u1ea9m li\u00ean quan tr\u1ef1c ti\u1ebfp \u0111\u1ebfn qu\u00e1 tr\u00ecnh n\u00e2ng \u0111\u1ee1 c\u00e1c v\u1eadt n\u1eb7ng \u0111\u1ec3 th\u1ee3 s\u1eeda ch\u1eefa thao t\u00e1c b\u00ean d\u01b0\u1edbi. Ch\u00ednh v\u00ec v\u1eady y\u1ebfu t\u1ed1 an to\u00e0n lu\u00f4n \u0111\u01b0\u1ee3c \u0111\u1ec1 cao h\u00e0ng \u0111\u1ea7u. Ch\u1ecdn mua k\u00edch th\u1ee7y l\u1ef1c 30 t\u1ea5n ch\u00ednh h\u00e3ng, c\u1ee7a th\u01b0\u01a1ng hi\u1ec7u n\u1ed5i ti\u1ebfng nh\u01b0 Sunrun ch\u00ednh l\u00e0 l\u1ef1a ch\u1ecdn s\u00e1ng su\u1ed1t c\u1ee7a nh\u1eefng ng\u01b0\u1eddi th\u1ee3 s\u1eeda ch\u1eefa chuy\u00ean nghi\u1ec7p.<\/p>","protected":false},"excerpt":{"rendered":"<p>Con \u0111\u1ed9i th\u1ee7y l\u1ef1c Sunrun STH-30A\/B l\u00e0 m\u1ed9t lo\u1ea1i k\u00edch 30 t\u1ea5n c\u1ee7a th\u01b0\u01a1ng hi\u1ec7u n\u1ed5i ti\u1ebfng Sunrun \u0111\u1ebfn t\u1eeb \u0110\u00e0i Loan. S\u1ea3n ph\u1ea9m d\u00f9ng \u0111\u1ec3 n\u00e2ng h\u1ea1 nh\u1eefng v\u1eadt n\u1eb7ng c\u00f3 kh\u1ed1i l\u01b0\u1ee3ng t\u1eeb h\u00e0ng ch\u1ee5c \u0111\u1ebfn h\u00e0ng tr\u0103m t\u1ea5n t\u00f9y thu\u1ed9c v\u00e0o c\u1ea5u t\u1ea1o v\u00e0 k\u00edch th\u01b0\u1edbc c\u1ee7a xi lanh. \u0110\u00e2y l\u00e0 thi\u1ebft [&hellip;]<\/p>","protected":false},"featured_media":3089,"comment_status":"closed","ping_status":"open","template":"","meta":[],"product_brand":[123],"product_cat":[90,91],"product_tag":[],"class_list":{"0":"post-3280","1":"product","2":"type-product","3":"status-publish","4":"has-post-thumbnail","6":"product_brand-sunrun","7":"product_cat-may-moc-thiet-bi","8":"product_cat-kich","10":"first","11":"instock","12":"purchasable","13":"product-type-simple"},"acf":[],"ct_brands":[{"id":123,"name":"Sunrun","slug":"sunrun"}],"yoast_head":"<!-- This site is optimized with the Yoast SEO Premium plugin v25.6 (Yoast SEO v25.6) - https:\/\/yoast.com\/wordpress\/plugins\/seo\/ -->\n<title>K\u00edch (Con \u0110\u1ed9i) Th\u1ee7y L\u1ef1c 30 T\u1ea5n Sunrun STH-30A - An Ph\u00e1t<\/title>\n<meta name=\"robots\" content=\"index, follow, max-snippet:-1, max-image-preview:large, max-video-preview:-1\" \/>\n<link rel=\"canonical\" href=\"https:\/\/anphatvn.com.vn\/en\/product\/kich-con-doi-thuy-luc-30-tan-sunrun-sth-30a\/\" \/>\n<meta property=\"og:locale\" content=\"en_US\" \/>\n<meta property=\"og:type\" content=\"article\" \/>\n<meta property=\"og:title\" content=\"K\u00edch (Con \u0110\u1ed9i) Th\u1ee7y L\u1ef1c 30 T\u1ea5n Sunrun STH-30A\" \/>\n<meta property=\"og:description\" content=\"Con \u0111\u1ed9i th\u1ee7y l\u1ef1c Sunrun STH-30A\/B l\u00e0 m\u1ed9t lo\u1ea1i k\u00edch 30 t\u1ea5n c\u1ee7a th\u01b0\u01a1ng hi\u1ec7u n\u1ed5i ti\u1ebfng Sunrun \u0111\u1ebfn t\u1eeb \u0110\u00e0i Loan. S\u1ea3n ph\u1ea9m d\u00f9ng \u0111\u1ec3 n\u00e2ng h\u1ea1 nh\u1eefng v\u1eadt n\u1eb7ng c\u00f3 kh\u1ed1i l\u01b0\u1ee3ng t\u1eeb h\u00e0ng ch\u1ee5c \u0111\u1ebfn h\u00e0ng tr\u0103m t\u1ea5n t\u00f9y thu\u1ed9c v\u00e0o c\u1ea5u t\u1ea1o v\u00e0 k\u00edch th\u01b0\u1edbc c\u1ee7a xi lanh. \u0110\u00e2y l\u00e0 thi\u1ebft [&hellip;]\" \/>\n<meta property=\"og:url\" content=\"https:\/\/anphatvn.com.vn\/en\/product\/kich-con-doi-thuy-luc-30-tan-sunrun-sth-30a\/\" \/>\n<meta property=\"og:site_name\" content=\"An Ph\u00e1t\" \/>\n<meta property=\"article:modified_time\" content=\"2026-02-12T09:46:00+00:00\" \/>\n<meta property=\"og:image\" content=\"https:\/\/anphatvn.com.vn\/wp-content\/uploads\/2026\/02\/con-doi-hoi-30-tan-sth-30-1.jpg\" \/>\n\t<meta property=\"og:image:width\" content=\"1200\" \/>\n\t<meta property=\"og:image:height\" content=\"1200\" \/>\n\t<meta property=\"og:image:type\" content=\"image\/jpeg\" \/>\n<meta name=\"twitter:card\" content=\"summary_large_image\" \/>\n<meta name=\"twitter:label1\" content=\"Est. reading time\" \/>\n\t<meta name=\"twitter:data1\" content=\"4 minutes\" \/>\n<script type=\"application\/ld+json\" class=\"yoast-schema-graph\">{\"@context\":\"https:\/\/schema.org\",\"@graph\":[{\"@type\":\"WebPage\",\"@id\":\"https:\/\/anphatvn.com.vn\/san-pham\/kich-con-doi-thuy-luc-30-tan-sunrun-sth-30a\/\",\"url\":\"https:\/\/anphatvn.com.vn\/san-pham\/kich-con-doi-thuy-luc-30-tan-sunrun-sth-30a\/\",\"name\":\"K\u00edch (Con \u0110\u1ed9i) Th\u1ee7y L\u1ef1c 30 T\u1ea5n Sunrun STH-30A - An Ph\u00e1t\",\"isPartOf\":{\"@id\":\"https:\/\/anphatvn.com.vn\/#website\"},\"primaryImageOfPage\":{\"@id\":\"https:\/\/anphatvn.com.vn\/san-pham\/kich-con-doi-thuy-luc-30-tan-sunrun-sth-30a\/#primaryimage\"},\"image\":{\"@id\":\"https:\/\/anphatvn.com.vn\/san-pham\/kich-con-doi-thuy-luc-30-tan-sunrun-sth-30a\/#primaryimage\"},\"thumbnailUrl\":\"https:\/\/anphatvn.com.vn\/wp-content\/uploads\/2026\/02\/con-doi-hoi-30-tan-sth-30-1.jpg\",\"datePublished\":\"2026-02-10T04:16:39+00:00\",\"dateModified\":\"2026-02-12T09:46:00+00:00\",\"breadcrumb\":{\"@id\":\"https:\/\/anphatvn.com.vn\/san-pham\/kich-con-doi-thuy-luc-30-tan-sunrun-sth-30a\/#breadcrumb\"},\"inLanguage\":\"en-US\",\"potentialAction\":[{\"@type\":\"ReadAction\",\"target\":[\"https:\/\/anphatvn.com.vn\/san-pham\/kich-con-doi-thuy-luc-30-tan-sunrun-sth-30a\/\"]}]},{\"@type\":\"ImageObject\",\"inLanguage\":\"en-US\",\"@id\":\"https:\/\/anphatvn.com.vn\/san-pham\/kich-con-doi-thuy-luc-30-tan-sunrun-sth-30a\/#primaryimage\",\"url\":\"https:\/\/anphatvn.com.vn\/wp-content\/uploads\/2026\/02\/con-doi-hoi-30-tan-sth-30-1.jpg\",\"contentUrl\":\"https:\/\/anphatvn.com.vn\/wp-content\/uploads\/2026\/02\/con-doi-hoi-30-tan-sth-30-1.jpg\",\"width\":1200,\"height\":1200},{\"@type\":\"BreadcrumbList\",\"@id\":\"https:\/\/anphatvn.com.vn\/san-pham\/kich-con-doi-thuy-luc-30-tan-sunrun-sth-30a\/#breadcrumb\",\"itemListElement\":[{\"@type\":\"ListItem\",\"position\":1,\"name\":\"Trang ch\u1ee7\",\"item\":\"https:\/\/anphatvn.com.vn\/\"},{\"@type\":\"ListItem\",\"position\":2,\"name\":\"S\u1ea3n ph\u1ea9m\",\"item\":\"https:\/\/anphatvn.com.vn\/san-pham\/\"},{\"@type\":\"ListItem\",\"position\":3,\"name\":\"K\u00edch (Con \u0110\u1ed9i) Th\u1ee7y L\u1ef1c 30 T\u1ea5n Sunrun STH-30A\"}]},{\"@type\":\"WebSite\",\"@id\":\"https:\/\/anphatvn.com.vn\/#website\",\"url\":\"https:\/\/anphatvn.com.vn\/\",\"name\":\"An Ph\u00e1t\",\"description\":\"\",\"publisher\":{\"@id\":\"https:\/\/anphatvn.com.vn\/#organization\"},\"potentialAction\":[{\"@type\":\"SearchAction\",\"target\":{\"@type\":\"EntryPoint\",\"urlTemplate\":\"https:\/\/anphatvn.com.vn\/?s={search_term_string}\"},\"query-input\":{\"@type\":\"PropertyValueSpecification\",\"valueRequired\":true,\"valueName\":\"search_term_string\"}}],\"inLanguage\":\"en-US\"},{\"@type\":\"Organization\",\"@id\":\"https:\/\/anphatvn.com.vn\/#organization\",\"name\":\"An Ph\u00e1t\",\"url\":\"https:\/\/anphatvn.com.vn\/\",\"logo\":{\"@type\":\"ImageObject\",\"inLanguage\":\"en-US\",\"@id\":\"https:\/\/anphatvn.com.vn\/#\/schema\/logo\/image\/\",\"url\":\"https:\/\/anphatvn.com.vn\/wp-content\/uploads\/2025\/12\/an-phat-logo.png\",\"contentUrl\":\"https:\/\/anphatvn.com.vn\/wp-content\/uploads\/2025\/12\/an-phat-logo.png\",\"width\":74,\"height\":68,\"caption\":\"An Ph\u00e1t\"},\"image\":{\"@id\":\"https:\/\/anphatvn.com.vn\/#\/schema\/logo\/image\/\"}}]}<\/script>\n<!-- \/ Yoast SEO Premium plugin. -->","yoast_head_json":{"title":"K\u00edch (Con \u0110\u1ed9i) Th\u1ee7y L\u1ef1c 30 T\u1ea5n Sunrun STH-30A - An Ph\u00e1t","robots":{"index":"index","follow":"follow","max-snippet":"max-snippet:-1","max-image-preview":"max-image-preview:large","max-video-preview":"max-video-preview:-1"},"canonical":"https:\/\/anphatvn.com.vn\/en\/product\/kich-con-doi-thuy-luc-30-tan-sunrun-sth-30a\/","og_locale":"en_US","og_type":"article","og_title":"K\u00edch (Con \u0110\u1ed9i) Th\u1ee7y L\u1ef1c 30 T\u1ea5n Sunrun STH-30A","og_description":"Con \u0111\u1ed9i th\u1ee7y l\u1ef1c Sunrun STH-30A\/B l\u00e0 m\u1ed9t lo\u1ea1i k\u00edch 30 t\u1ea5n c\u1ee7a th\u01b0\u01a1ng hi\u1ec7u n\u1ed5i ti\u1ebfng Sunrun \u0111\u1ebfn t\u1eeb \u0110\u00e0i Loan. S\u1ea3n ph\u1ea9m d\u00f9ng \u0111\u1ec3 n\u00e2ng h\u1ea1 nh\u1eefng v\u1eadt n\u1eb7ng c\u00f3 kh\u1ed1i l\u01b0\u1ee3ng t\u1eeb h\u00e0ng ch\u1ee5c \u0111\u1ebfn h\u00e0ng tr\u0103m t\u1ea5n t\u00f9y thu\u1ed9c v\u00e0o c\u1ea5u t\u1ea1o v\u00e0 k\u00edch th\u01b0\u1edbc c\u1ee7a xi lanh. \u0110\u00e2y l\u00e0 thi\u1ebft [&hellip;]","og_url":"https:\/\/anphatvn.com.vn\/en\/product\/kich-con-doi-thuy-luc-30-tan-sunrun-sth-30a\/","og_site_name":"An Ph\u00e1t","article_modified_time":"2026-02-12T09:46:00+00:00","og_image":[{"width":1200,"height":1200,"url":"https:\/\/anphatvn.com.vn\/wp-content\/uploads\/2026\/02\/con-doi-hoi-30-tan-sth-30-1.jpg","type":"image\/jpeg"}],"twitter_card":"summary_large_image","twitter_misc":{"Est. reading time":"4 minutes"},"schema":{"@context":"https:\/\/schema.org","@graph":[{"@type":"WebPage","@id":"https:\/\/anphatvn.com.vn\/san-pham\/kich-con-doi-thuy-luc-30-tan-sunrun-sth-30a\/","url":"https:\/\/anphatvn.com.vn\/san-pham\/kich-con-doi-thuy-luc-30-tan-sunrun-sth-30a\/","name":"K\u00edch (Con \u0110\u1ed9i) Th\u1ee7y L\u1ef1c 30 T\u1ea5n Sunrun STH-30A - An Ph\u00e1t","isPartOf":{"@id":"https:\/\/anphatvn.com.vn\/#website"},"primaryImageOfPage":{"@id":"https:\/\/anphatvn.com.vn\/san-pham\/kich-con-doi-thuy-luc-30-tan-sunrun-sth-30a\/#primaryimage"},"image":{"@id":"https:\/\/anphatvn.com.vn\/san-pham\/kich-con-doi-thuy-luc-30-tan-sunrun-sth-30a\/#primaryimage"},"thumbnailUrl":"https:\/\/anphatvn.com.vn\/wp-content\/uploads\/2026\/02\/con-doi-hoi-30-tan-sth-30-1.jpg","datePublished":"2026-02-10T04:16:39+00:00","dateModified":"2026-02-12T09:46:00+00:00","breadcrumb":{"@id":"https:\/\/anphatvn.com.vn\/san-pham\/kich-con-doi-thuy-luc-30-tan-sunrun-sth-30a\/#breadcrumb"},"inLanguage":"en-US","potentialAction":[{"@type":"ReadAction","target":["https:\/\/anphatvn.com.vn\/san-pham\/kich-con-doi-thuy-luc-30-tan-sunrun-sth-30a\/"]}]},{"@type":"ImageObject","inLanguage":"en-US","@id":"https:\/\/anphatvn.com.vn\/san-pham\/kich-con-doi-thuy-luc-30-tan-sunrun-sth-30a\/#primaryimage","url":"https:\/\/anphatvn.com.vn\/wp-content\/uploads\/2026\/02\/con-doi-hoi-30-tan-sth-30-1.jpg","contentUrl":"https:\/\/anphatvn.com.vn\/wp-content\/uploads\/2026\/02\/con-doi-hoi-30-tan-sth-30-1.jpg","width":1200,"height":1200},{"@type":"BreadcrumbList","@id":"https:\/\/anphatvn.com.vn\/san-pham\/kich-con-doi-thuy-luc-30-tan-sunrun-sth-30a\/#breadcrumb","itemListElement":[{"@type":"ListItem","position":1,"name":"Trang ch\u1ee7","item":"https:\/\/anphatvn.com.vn\/"},{"@type":"ListItem","position":2,"name":"S\u1ea3n ph\u1ea9m","item":"https:\/\/anphatvn.com.vn\/san-pham\/"},{"@type":"ListItem","position":3,"name":"K\u00edch (Con \u0110\u1ed9i) Th\u1ee7y L\u1ef1c 30 T\u1ea5n Sunrun STH-30A"}]},{"@type":"WebSite","@id":"https:\/\/anphatvn.com.vn\/#website","url":"https:\/\/anphatvn.com.vn\/","name":"An Ph\u00e1t","description":"","publisher":{"@id":"https:\/\/anphatvn.com.vn\/#organization"},"potentialAction":[{"@type":"SearchAction","target":{"@type":"EntryPoint","urlTemplate":"https:\/\/anphatvn.com.vn\/?s={search_term_string}"},"query-input":{"@type":"PropertyValueSpecification","valueRequired":true,"valueName":"search_term_string"}}],"inLanguage":"en-US"},{"@type":"Organization","@id":"https:\/\/anphatvn.com.vn\/#organization","name":"An Ph\u00e1t","url":"https:\/\/anphatvn.com.vn\/","logo":{"@type":"ImageObject","inLanguage":"en-US","@id":"https:\/\/anphatvn.com.vn\/#\/schema\/logo\/image\/","url":"https:\/\/anphatvn.com.vn\/wp-content\/uploads\/2025\/12\/an-phat-logo.png","contentUrl":"https:\/\/anphatvn.com.vn\/wp-content\/uploads\/2025\/12\/an-phat-logo.png","width":74,"height":68,"caption":"An Ph\u00e1t"},"image":{"@id":"https:\/\/anphatvn.com.vn\/#\/schema\/logo\/image\/"}}]}},"_links":{"self":[{"href":"https:\/\/anphatvn.com.vn\/en\/wp-json\/wp\/v2\/product\/3280","targetHints":{"allow":["GET"]}}],"collection":[{"href":"https:\/\/anphatvn.com.vn\/en\/wp-json\/wp\/v2\/product"}],"about":[{"href":"https:\/\/anphatvn.com.vn\/en\/wp-json\/wp\/v2\/types\/product"}],"replies":[{"embeddable":true,"href":"https:\/\/anphatvn.com.vn\/en\/wp-json\/wp\/v2\/comments?post=3280"}],"wp:featuredmedia":[{"embeddable":true,"href":"https:\/\/anphatvn.com.vn\/en\/wp-json\/wp\/v2\/media\/3089"}],"wp:attachment":[{"href":"https:\/\/anphatvn.com.vn\/en\/wp-json\/wp\/v2\/media?parent=3280"}],"wp:term":[{"taxonomy":"product_brand","embeddable":true,"href":"https:\/\/anphatvn.com.vn\/en\/wp-json\/wp\/v2\/product_brand?post=3280"},{"taxonomy":"product_cat","embeddable":true,"href":"https:\/\/anphatvn.com.vn\/en\/wp-json\/wp\/v2\/product_cat?post=3280"},{"taxonomy":"product_tag","embeddable":true,"href":"https:\/\/anphatvn.com.vn\/en\/wp-json\/wp\/v2\/product_tag?post=3280"}],"curies":[{"name":"wp","href":"https:\/\/api.w.org\/{rel}","templated":true}]}}