{"id":3279,"date":"2026-02-10T11:16:39","date_gmt":"2026-02-10T04:16:39","guid":{"rendered":"https:\/\/anphatco.123websitedev.com\/san-pham\/sung-siet-oc-khi-nen-1-2-inch-mok-7112\/"},"modified":"2026-04-03T10:12:55","modified_gmt":"2026-04-03T03:12:55","slug":"sung-siet-oc-khi-nen-1-2-inch-mok-7112","status":"publish","type":"product","link":"https:\/\/anphatvn.com.vn\/en\/product\/sung-siet-oc-khi-nen-1-2-inch-mok-7112\/","title":{"rendered":"S\u00fang Si\u1ebft \u1ed0c Kh\u00ed N\u00e9n 1\/2 Inch MOK &#8211; 7112"},"content":{"rendered":"<p>Trong ph\u00e2n kh\u00fac s\u00fang xi\u1ebft bu l\u00f4ng kh\u00ed n\u00e9n c\u1ea7m tay, MOK 7112 l\u00e0 s\u1ef1 l\u1ef1a ch\u1ecdn l\u00fd t\u01b0\u1edfng cho c\u00e1c nhu c\u1ea7u b\u1ea3o tr\u00ec, s\u1eeda ch\u1eefa xe m\u00e1y v\u00e0 \u00f4 t\u00f4 du l\u1ecbch. V\u1edbi s\u1ef1 k\u1ebft h\u1ee3p gi\u1eefa tr\u1ecdng l\u01b0\u1ee3ng nh\u1eb9, \u0111\u1ed9 b\u1ec1n c\u1ee7a v\u1eadt li\u1ec7u nh\u00f4m \u0111\u00fac v\u00e0 s\u1ee9c m\u1ea1nh t\u1eeb c\u1ea5u tr\u00fac b\u00faa k\u00e9p, \u0111\u00e2y l\u00e0 c\u00f4ng c\u1ee5 h\u1ed7 tr\u1ee3 \u0111\u1eafc l\u1ef1c gi\u00fap n\u00e2ng cao n\u0103ng su\u1ea5t l\u00e0m vi\u1ec7c cho m\u1ecdi k\u1ef9 thu\u1eadt vi\u00ean.<\/p>\n<p>\u0110\u1eb7c \u0111i\u1ec3m n\u1ed5i b\u1eadt c\u1ee7a s\u00fang v\u1eb7n \u1ed1c MOK 7112<\/p>\n<p>S\u1ea3n ph\u1ea9m s\u1edf h\u1eefu nh\u1eefng \u01b0u \u0111i\u1ec3m v\u01b0\u1ee3t tr\u1ed9i gi\u00fap chinh ph\u1ee5c ng\u01b0\u1eddi d\u00f9ng ngay t\u1eeb l\u1ea7n s\u1eed d\u1ee5ng \u0111\u1ea7u ti\u00ean:<\/p>\n<p>&#8211; L\u1ef1c xo\u1eafn m\u1ea1nh m\u1ebd: V\u1edbi m\u00f4-men xo\u1eafn c\u1ef1c \u0111\u1ea1i \u0111\u1ea1t t\u1edbi 1100N.m, MOK 7112 d\u1ec5 d\u00e0ng th\u00e1o l\u1eafp c\u00e1c lo\u1ea1i bu l\u00f4ng c\u1ee9ng \u0111\u1ea7u tr\u00ean b\u00e1nh xe \u00f4 t\u00f4, khung g\u1ea7m v\u00e0 c\u00e1c b\u1ed9 ph\u1eadn c\u01a1 kh\u00ed quan tr\u1ecdng kh\u00e1c.<\/p>\n<p>&#8211; C\u1ea5u tr\u00fac b\u00faa k\u00e9p (Twin Hammer): C\u01a1 ch\u1ebf b\u00faa \u0111\u00f4i gi\u00fap m\u00e1y t\u1ea1o ra l\u1ef1c \u0111\u1eadp t\u1ee9c th\u1eddi m\u1ea1nh v\u00e0 c\u00e2n b\u1eb1ng. C\u1ea5u tr\u00fac n\u00e0y kh\u00f4ng ch\u1ec9 t\u0103ng hi\u1ec7u su\u1ea5t truy\u1ec1n l\u1ef1c m\u00e0 c\u00f2n gi\u1ea3m thi\u1ec3u \u0111\u1ed9 rung, gi\u00fap t\u0103ng tu\u1ed5i th\u1ecd cho thi\u1ebft b\u1ecb v\u00e0 gi\u1ea3m m\u1ecfi tay cho ng\u01b0\u1eddi v\u1eadn h\u00e0nh.<\/p>\n<p>&#8211; Th\u00e2n m\u00e1y nh\u00f4m \u0111\u00fac (Die cast aluminum body): L\u1edbp v\u1ecf \u0111\u01b0\u1ee3c l\u00e0m b\u1eb1ng h\u1ee3p kim nh\u00f4m \u0111\u00fac ch\u1ea5t l\u01b0\u1ee3ng cao, mang l\u1ea1i s\u1ef1 ch\u1eafc ch\u1eafn, ch\u1ecbu \u0111\u01b0\u1ee3c va \u0111\u1eadp m\u1ea1nh trong m\u00f4i tr\u01b0\u1eddng x\u01b0\u1edfng d\u1ecbch v\u1ee5 nh\u01b0ng v\u1eabn \u0111\u1ea3m b\u1ea3o tr\u1ecdng l\u01b0\u1ee3ng t\u1ed1i \u01b0u.<\/p>\n<p>&#8211; \u1ee8ng d\u1ee5ng \u0111a n\u0103ng: Thi\u1ebft b\u1ecb \u0111\u01b0\u1ee3c tin d\u00f9ng r\u1ed9ng r\u00e3i trong c\u00e1c d\u00e2y chuy\u1ec1n l\u1eafp r\u00e1p xe m\u00e1y, b\u1ea3o tr\u00ec \u00f4 t\u00f4 du l\u1ecbch v\u00e0 c\u00e1c x\u01b0\u1edfng c\u01a1 kh\u00ed t\u1ed5ng h\u1ee3p nh\u1edd t\u00ednh linh ho\u1ea1t v\u00e0 \u0111\u1ed9 ch\u00ednh x\u00e1c cao.<\/p>\n<p>&#8211; Thi\u1ebft k\u1ebf c\u00f4ng th\u00e1i h\u1ecdc: K\u00edch th\u01b0\u1edbc nh\u1ecf g\u1ecdn gi\u00fap ng\u01b0\u1eddi d\u00f9ng d\u1ec5 d\u00e0ng thao t\u00e1c trong c\u00e1c kh\u00f4ng gian h\u1eb9p nh\u01b0 khoang m\u00e1y hay g\u1ea7m xe.<\/p>\n<p>Th\u00f4ng tin chi ti\u1ebft s\u1ea3n ph\u1ea9m<\/p>\n<p>&#8211; S\u00fang v\u1eb7n \u1ed1c MOK 7112 s\u1eed d\u1ee5ng \u0111\u1ea7u c\u1ed1t 1\/2 inch ti\u00eau chu\u1ea9n, t\u01b0\u01a1ng th\u00edch v\u1edbi h\u1ea7u h\u1ebft c\u00e1c lo\u1ea1i \u0111\u1ea7u kh\u1ea9u (tu\u00fdp) ph\u1ed5 bi\u1ebfn hi\u1ec7n nay. H\u1ec7 th\u1ed1ng \u0111i\u1ec1u ch\u1ec9nh t\u1ed1c \u0111\u1ed9 v\u00e0 \u0111\u1ea3o chi\u1ec1u \u0111\u01b0\u1ee3c thi\u1ebft k\u1ebf ngay g\u1ea7n tay c\u1ea7m, cho ph\u00e9p thao t\u00e1c m\u1ed9t c\u00e1ch nhanh ch\u00f3ng ch\u1ec9 b\u1eb1ng m\u1ed9t tay.<\/p>\n<p>&#8211; S\u1ea3n ph\u1ea9m kh\u00f4ng ch\u1ec9 \u0111\u00e1p \u1ee9ng t\u1ed1t c\u00e1c ti\u00eau chu\u1ea9n kh\u1eaft khe v\u1ec1 k\u1ef9 thu\u1eadt m\u00e0 c\u00f2n mang l\u1ea1i gi\u00e1 tr\u1ecb kinh t\u1ebf cao nh\u1edd kh\u1ea3 n\u0103ng ho\u1ea1t \u0111\u1ed9ng \u1ed5n \u0111\u1ecbnh v\u00e0 chi ph\u00ed b\u1ea3o d\u01b0\u1ee1ng th\u1ea5p.<\/p>","protected":false},"excerpt":{"rendered":"<p>Trong ph\u00e2n kh\u00fac s\u00fang xi\u1ebft bu l\u00f4ng kh\u00ed n\u00e9n c\u1ea7m tay, MOK 7112 l\u00e0 s\u1ef1 l\u1ef1a ch\u1ecdn l\u00fd t\u01b0\u1edfng cho c\u00e1c nhu c\u1ea7u b\u1ea3o tr\u00ec, s\u1eeda ch\u1eefa xe m\u00e1y v\u00e0 \u00f4 t\u00f4 du l\u1ecbch. V\u1edbi s\u1ef1 k\u1ebft h\u1ee3p gi\u1eefa tr\u1ecdng l\u01b0\u1ee3ng nh\u1eb9, \u0111\u1ed9 b\u1ec1n c\u1ee7a v\u1eadt li\u1ec7u nh\u00f4m \u0111\u00fac v\u00e0 s\u1ee9c m\u1ea1nh t\u1eeb c\u1ea5u tr\u00fac [&hellip;]<\/p>","protected":false},"featured_media":3180,"comment_status":"closed","ping_status":"closed","template":"","meta":[],"product_brand":[138],"product_cat":[96],"product_tag":[],"class_list":{"0":"post-3279","1":"product","2":"type-product","3":"status-publish","4":"has-post-thumbnail","6":"product_brand-mok","7":"product_cat-vat-tu-tieu-hao","9":"first","10":"instock","11":"purchasable","12":"product-type-simple"},"acf":[],"ct_brands":[{"id":138,"name":"MOK","slug":"mok"}],"yoast_head":"<!-- This site is optimized with the Yoast SEO Premium plugin v25.6 (Yoast SEO v25.6) - https:\/\/yoast.com\/wordpress\/plugins\/seo\/ -->\n<title>S\u00fang Si\u1ebft \u1ed0c Kh\u00ed N\u00e9n 1\/2 Inch MOK - 7112 - An Ph\u00e1t<\/title>\n<meta name=\"robots\" content=\"index, follow, max-snippet:-1, max-image-preview:large, max-video-preview:-1\" \/>\n<link rel=\"canonical\" href=\"https:\/\/anphatvn.com.vn\/en\/product\/sung-siet-oc-khi-nen-1-2-inch-mok-7112\/\" \/>\n<meta property=\"og:locale\" content=\"en_US\" \/>\n<meta property=\"og:type\" content=\"article\" \/>\n<meta property=\"og:title\" content=\"S\u00fang Si\u1ebft \u1ed0c Kh\u00ed N\u00e9n 1\/2 Inch MOK - 7112\" \/>\n<meta property=\"og:description\" content=\"Trong ph\u00e2n kh\u00fac s\u00fang xi\u1ebft bu l\u00f4ng kh\u00ed n\u00e9n c\u1ea7m tay, MOK 7112 l\u00e0 s\u1ef1 l\u1ef1a ch\u1ecdn l\u00fd t\u01b0\u1edfng cho c\u00e1c nhu c\u1ea7u b\u1ea3o tr\u00ec, s\u1eeda ch\u1eefa xe m\u00e1y v\u00e0 \u00f4 t\u00f4 du l\u1ecbch. V\u1edbi s\u1ef1 k\u1ebft h\u1ee3p gi\u1eefa tr\u1ecdng l\u01b0\u1ee3ng nh\u1eb9, \u0111\u1ed9 b\u1ec1n c\u1ee7a v\u1eadt li\u1ec7u nh\u00f4m \u0111\u00fac v\u00e0 s\u1ee9c m\u1ea1nh t\u1eeb c\u1ea5u tr\u00fac [&hellip;]\" \/>\n<meta property=\"og:url\" content=\"https:\/\/anphatvn.com.vn\/en\/product\/sung-siet-oc-khi-nen-1-2-inch-mok-7112\/\" \/>\n<meta property=\"og:site_name\" content=\"An Ph\u00e1t\" \/>\n<meta property=\"article:modified_time\" content=\"2026-04-03T03:12:55+00:00\" \/>\n<meta property=\"og:image\" content=\"https:\/\/anphatvn.com.vn\/wp-content\/uploads\/2026\/02\/sung-mok-7112-2.jpg\" \/>\n\t<meta property=\"og:image:width\" content=\"1200\" \/>\n\t<meta property=\"og:image:height\" content=\"1200\" \/>\n\t<meta property=\"og:image:type\" content=\"image\/jpeg\" \/>\n<meta name=\"twitter:card\" content=\"summary_large_image\" \/>\n<meta name=\"twitter:label1\" content=\"Est. reading time\" \/>\n\t<meta name=\"twitter:data1\" content=\"3 minutes\" \/>\n<script type=\"application\/ld+json\" class=\"yoast-schema-graph\">{\"@context\":\"https:\/\/schema.org\",\"@graph\":[{\"@type\":\"WebPage\",\"@id\":\"https:\/\/anphatvn.com.vn\/san-pham\/sung-siet-oc-khi-nen-1-2-inch-mok-7112\/\",\"url\":\"https:\/\/anphatvn.com.vn\/san-pham\/sung-siet-oc-khi-nen-1-2-inch-mok-7112\/\",\"name\":\"S\u00fang Si\u1ebft \u1ed0c Kh\u00ed N\u00e9n 1\/2 Inch MOK - 7112 - An Ph\u00e1t\",\"isPartOf\":{\"@id\":\"https:\/\/anphatvn.com.vn\/#website\"},\"primaryImageOfPage\":{\"@id\":\"https:\/\/anphatvn.com.vn\/san-pham\/sung-siet-oc-khi-nen-1-2-inch-mok-7112\/#primaryimage\"},\"image\":{\"@id\":\"https:\/\/anphatvn.com.vn\/san-pham\/sung-siet-oc-khi-nen-1-2-inch-mok-7112\/#primaryimage\"},\"thumbnailUrl\":\"https:\/\/anphatvn.com.vn\/wp-content\/uploads\/2026\/02\/sung-mok-7112-2.jpg\",\"datePublished\":\"2026-02-10T04:16:39+00:00\",\"dateModified\":\"2026-04-03T03:12:55+00:00\",\"breadcrumb\":{\"@id\":\"https:\/\/anphatvn.com.vn\/san-pham\/sung-siet-oc-khi-nen-1-2-inch-mok-7112\/#breadcrumb\"},\"inLanguage\":\"en-US\",\"potentialAction\":[{\"@type\":\"ReadAction\",\"target\":[\"https:\/\/anphatvn.com.vn\/san-pham\/sung-siet-oc-khi-nen-1-2-inch-mok-7112\/\"]}]},{\"@type\":\"ImageObject\",\"inLanguage\":\"en-US\",\"@id\":\"https:\/\/anphatvn.com.vn\/san-pham\/sung-siet-oc-khi-nen-1-2-inch-mok-7112\/#primaryimage\",\"url\":\"https:\/\/anphatvn.com.vn\/wp-content\/uploads\/2026\/02\/sung-mok-7112-2.jpg\",\"contentUrl\":\"https:\/\/anphatvn.com.vn\/wp-content\/uploads\/2026\/02\/sung-mok-7112-2.jpg\",\"width\":1200,\"height\":1200},{\"@type\":\"BreadcrumbList\",\"@id\":\"https:\/\/anphatvn.com.vn\/san-pham\/sung-siet-oc-khi-nen-1-2-inch-mok-7112\/#breadcrumb\",\"itemListElement\":[{\"@type\":\"ListItem\",\"position\":1,\"name\":\"Trang ch\u1ee7\",\"item\":\"https:\/\/anphatvn.com.vn\/\"},{\"@type\":\"ListItem\",\"position\":2,\"name\":\"S\u1ea3n ph\u1ea9m\",\"item\":\"https:\/\/anphatvn.com.vn\/san-pham\/\"},{\"@type\":\"ListItem\",\"position\":3,\"name\":\"S\u00fang Si\u1ebft \u1ed0c Kh\u00ed N\u00e9n 1\/2 Inch MOK &#8211; 7112\"}]},{\"@type\":\"WebSite\",\"@id\":\"https:\/\/anphatvn.com.vn\/#website\",\"url\":\"https:\/\/anphatvn.com.vn\/\",\"name\":\"An Ph\u00e1t\",\"description\":\"\",\"publisher\":{\"@id\":\"https:\/\/anphatvn.com.vn\/#organization\"},\"potentialAction\":[{\"@type\":\"SearchAction\",\"target\":{\"@type\":\"EntryPoint\",\"urlTemplate\":\"https:\/\/anphatvn.com.vn\/?s={search_term_string}\"},\"query-input\":{\"@type\":\"PropertyValueSpecification\",\"valueRequired\":true,\"valueName\":\"search_term_string\"}}],\"inLanguage\":\"en-US\"},{\"@type\":\"Organization\",\"@id\":\"https:\/\/anphatvn.com.vn\/#organization\",\"name\":\"An Ph\u00e1t\",\"url\":\"https:\/\/anphatvn.com.vn\/\",\"logo\":{\"@type\":\"ImageObject\",\"inLanguage\":\"en-US\",\"@id\":\"https:\/\/anphatvn.com.vn\/#\/schema\/logo\/image\/\",\"url\":\"https:\/\/anphatvn.com.vn\/wp-content\/uploads\/2025\/12\/an-phat-logo.png\",\"contentUrl\":\"https:\/\/anphatvn.com.vn\/wp-content\/uploads\/2025\/12\/an-phat-logo.png\",\"width\":74,\"height\":68,\"caption\":\"An Ph\u00e1t\"},\"image\":{\"@id\":\"https:\/\/anphatvn.com.vn\/#\/schema\/logo\/image\/\"}}]}<\/script>\n<!-- \/ Yoast SEO Premium plugin. -->","yoast_head_json":{"title":"S\u00fang Si\u1ebft \u1ed0c Kh\u00ed N\u00e9n 1\/2 Inch MOK - 7112 - An Ph\u00e1t","robots":{"index":"index","follow":"follow","max-snippet":"max-snippet:-1","max-image-preview":"max-image-preview:large","max-video-preview":"max-video-preview:-1"},"canonical":"https:\/\/anphatvn.com.vn\/en\/product\/sung-siet-oc-khi-nen-1-2-inch-mok-7112\/","og_locale":"en_US","og_type":"article","og_title":"S\u00fang Si\u1ebft \u1ed0c Kh\u00ed N\u00e9n 1\/2 Inch MOK - 7112","og_description":"Trong ph\u00e2n kh\u00fac s\u00fang xi\u1ebft bu l\u00f4ng kh\u00ed n\u00e9n c\u1ea7m tay, MOK 7112 l\u00e0 s\u1ef1 l\u1ef1a ch\u1ecdn l\u00fd t\u01b0\u1edfng cho c\u00e1c nhu c\u1ea7u b\u1ea3o tr\u00ec, s\u1eeda ch\u1eefa xe m\u00e1y v\u00e0 \u00f4 t\u00f4 du l\u1ecbch. V\u1edbi s\u1ef1 k\u1ebft h\u1ee3p gi\u1eefa tr\u1ecdng l\u01b0\u1ee3ng nh\u1eb9, \u0111\u1ed9 b\u1ec1n c\u1ee7a v\u1eadt li\u1ec7u nh\u00f4m \u0111\u00fac v\u00e0 s\u1ee9c m\u1ea1nh t\u1eeb c\u1ea5u tr\u00fac [&hellip;]","og_url":"https:\/\/anphatvn.com.vn\/en\/product\/sung-siet-oc-khi-nen-1-2-inch-mok-7112\/","og_site_name":"An Ph\u00e1t","article_modified_time":"2026-04-03T03:12:55+00:00","og_image":[{"width":1200,"height":1200,"url":"https:\/\/anphatvn.com.vn\/wp-content\/uploads\/2026\/02\/sung-mok-7112-2.jpg","type":"image\/jpeg"}],"twitter_card":"summary_large_image","twitter_misc":{"Est. reading time":"3 minutes"},"schema":{"@context":"https:\/\/schema.org","@graph":[{"@type":"WebPage","@id":"https:\/\/anphatvn.com.vn\/san-pham\/sung-siet-oc-khi-nen-1-2-inch-mok-7112\/","url":"https:\/\/anphatvn.com.vn\/san-pham\/sung-siet-oc-khi-nen-1-2-inch-mok-7112\/","name":"S\u00fang Si\u1ebft \u1ed0c Kh\u00ed N\u00e9n 1\/2 Inch MOK - 7112 - An Ph\u00e1t","isPartOf":{"@id":"https:\/\/anphatvn.com.vn\/#website"},"primaryImageOfPage":{"@id":"https:\/\/anphatvn.com.vn\/san-pham\/sung-siet-oc-khi-nen-1-2-inch-mok-7112\/#primaryimage"},"image":{"@id":"https:\/\/anphatvn.com.vn\/san-pham\/sung-siet-oc-khi-nen-1-2-inch-mok-7112\/#primaryimage"},"thumbnailUrl":"https:\/\/anphatvn.com.vn\/wp-content\/uploads\/2026\/02\/sung-mok-7112-2.jpg","datePublished":"2026-02-10T04:16:39+00:00","dateModified":"2026-04-03T03:12:55+00:00","breadcrumb":{"@id":"https:\/\/anphatvn.com.vn\/san-pham\/sung-siet-oc-khi-nen-1-2-inch-mok-7112\/#breadcrumb"},"inLanguage":"en-US","potentialAction":[{"@type":"ReadAction","target":["https:\/\/anphatvn.com.vn\/san-pham\/sung-siet-oc-khi-nen-1-2-inch-mok-7112\/"]}]},{"@type":"ImageObject","inLanguage":"en-US","@id":"https:\/\/anphatvn.com.vn\/san-pham\/sung-siet-oc-khi-nen-1-2-inch-mok-7112\/#primaryimage","url":"https:\/\/anphatvn.com.vn\/wp-content\/uploads\/2026\/02\/sung-mok-7112-2.jpg","contentUrl":"https:\/\/anphatvn.com.vn\/wp-content\/uploads\/2026\/02\/sung-mok-7112-2.jpg","width":1200,"height":1200},{"@type":"BreadcrumbList","@id":"https:\/\/anphatvn.com.vn\/san-pham\/sung-siet-oc-khi-nen-1-2-inch-mok-7112\/#breadcrumb","itemListElement":[{"@type":"ListItem","position":1,"name":"Trang ch\u1ee7","item":"https:\/\/anphatvn.com.vn\/"},{"@type":"ListItem","position":2,"name":"S\u1ea3n ph\u1ea9m","item":"https:\/\/anphatvn.com.vn\/san-pham\/"},{"@type":"ListItem","position":3,"name":"S\u00fang Si\u1ebft \u1ed0c Kh\u00ed N\u00e9n 1\/2 Inch MOK &#8211; 7112"}]},{"@type":"WebSite","@id":"https:\/\/anphatvn.com.vn\/#website","url":"https:\/\/anphatvn.com.vn\/","name":"An Ph\u00e1t","description":"","publisher":{"@id":"https:\/\/anphatvn.com.vn\/#organization"},"potentialAction":[{"@type":"SearchAction","target":{"@type":"EntryPoint","urlTemplate":"https:\/\/anphatvn.com.vn\/?s={search_term_string}"},"query-input":{"@type":"PropertyValueSpecification","valueRequired":true,"valueName":"search_term_string"}}],"inLanguage":"en-US"},{"@type":"Organization","@id":"https:\/\/anphatvn.com.vn\/#organization","name":"An Ph\u00e1t","url":"https:\/\/anphatvn.com.vn\/","logo":{"@type":"ImageObject","inLanguage":"en-US","@id":"https:\/\/anphatvn.com.vn\/#\/schema\/logo\/image\/","url":"https:\/\/anphatvn.com.vn\/wp-content\/uploads\/2025\/12\/an-phat-logo.png","contentUrl":"https:\/\/anphatvn.com.vn\/wp-content\/uploads\/2025\/12\/an-phat-logo.png","width":74,"height":68,"caption":"An Ph\u00e1t"},"image":{"@id":"https:\/\/anphatvn.com.vn\/#\/schema\/logo\/image\/"}}]}},"_links":{"self":[{"href":"https:\/\/anphatvn.com.vn\/en\/wp-json\/wp\/v2\/product\/3279","targetHints":{"allow":["GET"]}}],"collection":[{"href":"https:\/\/anphatvn.com.vn\/en\/wp-json\/wp\/v2\/product"}],"about":[{"href":"https:\/\/anphatvn.com.vn\/en\/wp-json\/wp\/v2\/types\/product"}],"replies":[{"embeddable":true,"href":"https:\/\/anphatvn.com.vn\/en\/wp-json\/wp\/v2\/comments?post=3279"}],"wp:featuredmedia":[{"embeddable":true,"href":"https:\/\/anphatvn.com.vn\/en\/wp-json\/wp\/v2\/media\/3180"}],"wp:attachment":[{"href":"https:\/\/anphatvn.com.vn\/en\/wp-json\/wp\/v2\/media?parent=3279"}],"wp:term":[{"taxonomy":"product_brand","embeddable":true,"href":"https:\/\/anphatvn.com.vn\/en\/wp-json\/wp\/v2\/product_brand?post=3279"},{"taxonomy":"product_cat","embeddable":true,"href":"https:\/\/anphatvn.com.vn\/en\/wp-json\/wp\/v2\/product_cat?post=3279"},{"taxonomy":"product_tag","embeddable":true,"href":"https:\/\/anphatvn.com.vn\/en\/wp-json\/wp\/v2\/product_tag?post=3279"}],"curies":[{"name":"wp","href":"https:\/\/api.w.org\/{rel}","templated":true}]}}