{"id":3274,"date":"2026-02-10T11:16:39","date_gmt":"2026-02-10T04:16:39","guid":{"rendered":"https:\/\/anphatco.123websitedev.com\/san-pham\/sung-siet-bulong-3-4-inch-kuken-kw-20p\/"},"modified":"2026-04-09T09:28:28","modified_gmt":"2026-04-09T02:28:28","slug":"sung-siet-bulong-3-4-inch-kuken-kw-20p","status":"publish","type":"product","link":"https:\/\/anphatvn.com.vn\/en\/product\/sung-siet-bulong-3-4-inch-kuken-kw-20p\/","title":{"rendered":"S\u00fang Si\u1ebft Bulong 3\/4 Inch Kuken KW-20P"},"content":{"rendered":"<p>KUKEN KW-20P l\u00e0 d\u00f2ng s\u00fang v\u1eb7n bu l\u00f4ng kh\u00ed n\u00e9n \u0111\u01b0\u1ee3c s\u1eed d\u1ee5ng ph\u1ed5 bi\u1ebfn trong c\u00e1c gara s\u1eeda ch\u1eefa \u00f4 t\u00f4, xe m\u00e1y. Thi\u1ebft b\u1ecb gi\u00fap thao t\u00e1c th\u00e1o l\u1eafp \u1ed1c nhanh ch\u00f3ng, d\u1ec5 d\u00e0ng h\u01a1n, gi\u1ea3m s\u1ee9c lao \u0111\u1ed9ng v\u00e0 n\u00e2ng cao hi\u1ec7u su\u1ea5t l\u00e0m vi\u1ec7c.<\/p>\n<h2>\u01afu \u0111i\u1ec3m n\u1ed5i b\u1eadt c\u1ee7a KUKEN KW-20P:<\/h2>\n<ul>\n<li>\u1ee8ng d\u1ee5ng linh ho\u1ea1t: Ph\u00f9 h\u1ee3p cho ti\u1ec7m l\u1ed1p xe du l\u1ecbch, xe t\u1ea3i nh\u1ecf, gara \u00f4 t\u00f4, x\u01b0\u1edfng c\u01a1 kh\u00ed v\u00e0 m\u00e1y c\u00f4ng tr\u00ecnh.<\/li>\n<li>\u0110\u1ed9 b\u1ec1n cao: Thi\u1ebft k\u1ebf ch\u1eafc ch\u1eafn, ho\u1ea1t \u0111\u1ed9ng \u1ed5n \u0111\u1ecbnh trong m\u00f4i tr\u01b0\u1eddng l\u00e0m vi\u1ec7c li\u00ean t\u1ee5c.<\/li>\n<li>Ti\u1ebft ki\u1ec7m kh\u00ed n\u00e9n: Gi\u1ea3m chi ph\u00ed v\u1eadn h\u00e0nh, t\u1ed1i \u01b0u hi\u1ec7u qu\u1ea3 s\u1eed d\u1ee5ng l\u00e2u d\u00e0i.<\/li>\n<\/ul>\n<h2>Th\u00f4ng s\u1ed1 k\u1ef9 thu\u1eadt:<\/h2>\n<ul>\n<li>C\u1ee1 \u0111\u1ea7u vu\u00f4ng: 3\/4 inch<\/li>\n<li>Kh\u1ea3 n\u0103ng v\u1eb7n bu l\u00f4ng: 20 mm<\/li>\n<li>T\u1ed1c \u0111\u1ed9 kh\u00f4ng t\u1ea3i: 4500 v\u00f2ng\/ph\u00fat<\/li>\n<li>S\u1ed1 l\u1ea7n va \u0111\u1eadp: 1080 l\u1ea7n\/ph\u00fat<\/li>\n<li>\u00c1p su\u1ea5t l\u00e0m vi\u1ec7c: 10 kg\/cm\u00b2<\/li>\n<li>L\u01b0u l\u01b0\u1ee3ng kh\u00ed ti\u00eau th\u1ee5: 0.47 m\u00b3\/ph\u00fat<\/li>\n<li>C\u1ee1 d\u00e2y kh\u00ed n\u00e9n: 9.5 mm<\/li>\n<li>Tr\u1ecdng l\u01b0\u1ee3ng: 4.2 kg<\/li>\n<\/ul>\n<h2><strong>\u1ee8ng d\u1ee5ng:<\/strong><\/h2>\n<p>S\u1ea3n ph\u1ea9m ph\u00f9 h\u1ee3p cho:<\/p>\n<ul>\n<li>Garage s\u1eeda ch\u1eefa \u00f4 t\u00f4, xe m\u00e1y<br \/>\nTi\u1ec7m l\u00e0m l\u1ed1p xe du l\u1ecbch, xe t\u1ea3i nh\u1ecf<br \/>\nX\u01b0\u1edfng c\u01a1 kh\u00ed, m\u00e1y c\u00f4ng tr\u00ecnh<\/li>\n<\/ul>","protected":false},"excerpt":{"rendered":"<p>KUKEN KW-20P l\u00e0 d\u00f2ng s\u00fang v\u1eb7n bu l\u00f4ng kh\u00ed n\u00e9n \u0111\u01b0\u1ee3c s\u1eed d\u1ee5ng ph\u1ed5 bi\u1ebfn trong c\u00e1c gara s\u1eeda ch\u1eefa \u00f4 t\u00f4, xe m\u00e1y. Thi\u1ebft b\u1ecb gi\u00fap thao t\u00e1c th\u00e1o l\u1eafp \u1ed1c nhanh ch\u00f3ng, d\u1ec5 d\u00e0ng h\u01a1n, gi\u1ea3m s\u1ee9c lao \u0111\u1ed9ng v\u00e0 n\u00e2ng cao hi\u1ec7u su\u1ea5t l\u00e0m vi\u1ec7c. \u01afu \u0111i\u1ec3m n\u1ed5i b\u1eadt c\u1ee7a KUKEN KW-20P: [&hellip;]<\/p>","protected":false},"featured_media":3416,"comment_status":"closed","ping_status":"closed","template":"","meta":[],"product_brand":[129],"product_cat":[96],"product_tag":[],"class_list":{"0":"post-3274","1":"product","2":"type-product","3":"status-publish","4":"has-post-thumbnail","6":"product_brand-kuken","7":"product_cat-vat-tu-tieu-hao","9":"first","10":"instock","11":"purchasable","12":"product-type-simple"},"acf":[],"ct_brands":[{"id":129,"name":"Kuken","slug":"kuken"}],"yoast_head":"<!-- This site is optimized with the Yoast SEO Premium plugin v25.6 (Yoast SEO v25.6) - https:\/\/yoast.com\/wordpress\/plugins\/seo\/ -->\n<title>S\u00fang Si\u1ebft Bulong 3\/4 Inch Kuken KW-20P - An Ph\u00e1t<\/title>\n<meta name=\"robots\" content=\"index, follow, max-snippet:-1, max-image-preview:large, max-video-preview:-1\" \/>\n<link rel=\"canonical\" href=\"https:\/\/anphatvn.com.vn\/en\/product\/sung-siet-bulong-3-4-inch-kuken-kw-20p\/\" \/>\n<meta property=\"og:locale\" content=\"en_US\" \/>\n<meta property=\"og:type\" content=\"article\" \/>\n<meta property=\"og:title\" content=\"S\u00fang Si\u1ebft Bulong 3\/4 Inch Kuken KW-20P\" \/>\n<meta property=\"og:description\" content=\"KUKEN KW-20P l\u00e0 d\u00f2ng s\u00fang v\u1eb7n bu l\u00f4ng kh\u00ed n\u00e9n \u0111\u01b0\u1ee3c s\u1eed d\u1ee5ng ph\u1ed5 bi\u1ebfn trong c\u00e1c gara s\u1eeda ch\u1eefa \u00f4 t\u00f4, xe m\u00e1y. Thi\u1ebft b\u1ecb gi\u00fap thao t\u00e1c th\u00e1o l\u1eafp \u1ed1c nhanh ch\u00f3ng, d\u1ec5 d\u00e0ng h\u01a1n, gi\u1ea3m s\u1ee9c lao \u0111\u1ed9ng v\u00e0 n\u00e2ng cao hi\u1ec7u su\u1ea5t l\u00e0m vi\u1ec7c. \u01afu \u0111i\u1ec3m n\u1ed5i b\u1eadt c\u1ee7a KUKEN KW-20P: [&hellip;]\" \/>\n<meta property=\"og:url\" content=\"https:\/\/anphatvn.com.vn\/en\/product\/sung-siet-bulong-3-4-inch-kuken-kw-20p\/\" \/>\n<meta property=\"og:site_name\" content=\"An Ph\u00e1t\" \/>\n<meta property=\"article:modified_time\" content=\"2026-04-09T02:28:28+00:00\" \/>\n<meta property=\"og:image\" content=\"https:\/\/anphatvn.com.vn\/wp-content\/uploads\/2026\/02\/sung-van-oc-kuken-kw-20p-1.jpg\" \/>\n\t<meta property=\"og:image:width\" content=\"971\" \/>\n\t<meta property=\"og:image:height\" content=\"971\" \/>\n\t<meta property=\"og:image:type\" content=\"image\/jpeg\" \/>\n<meta name=\"twitter:card\" content=\"summary_large_image\" \/>\n<meta name=\"twitter:label1\" content=\"Est. reading time\" \/>\n\t<meta name=\"twitter:data1\" content=\"2 minutes\" \/>\n<script type=\"application\/ld+json\" class=\"yoast-schema-graph\">{\"@context\":\"https:\/\/schema.org\",\"@graph\":[{\"@type\":\"WebPage\",\"@id\":\"https:\/\/anphatvn.com.vn\/san-pham\/sung-siet-bulong-3-4-inch-kuken-kw-20p\/\",\"url\":\"https:\/\/anphatvn.com.vn\/san-pham\/sung-siet-bulong-3-4-inch-kuken-kw-20p\/\",\"name\":\"S\u00fang Si\u1ebft Bulong 3\/4 Inch Kuken KW-20P - An Ph\u00e1t\",\"isPartOf\":{\"@id\":\"https:\/\/anphatvn.com.vn\/#website\"},\"primaryImageOfPage\":{\"@id\":\"https:\/\/anphatvn.com.vn\/san-pham\/sung-siet-bulong-3-4-inch-kuken-kw-20p\/#primaryimage\"},\"image\":{\"@id\":\"https:\/\/anphatvn.com.vn\/san-pham\/sung-siet-bulong-3-4-inch-kuken-kw-20p\/#primaryimage\"},\"thumbnailUrl\":\"https:\/\/anphatvn.com.vn\/wp-content\/uploads\/2026\/02\/sung-van-oc-kuken-kw-20p-1.jpg\",\"datePublished\":\"2026-02-10T04:16:39+00:00\",\"dateModified\":\"2026-04-09T02:28:28+00:00\",\"breadcrumb\":{\"@id\":\"https:\/\/anphatvn.com.vn\/san-pham\/sung-siet-bulong-3-4-inch-kuken-kw-20p\/#breadcrumb\"},\"inLanguage\":\"en-US\",\"potentialAction\":[{\"@type\":\"ReadAction\",\"target\":[\"https:\/\/anphatvn.com.vn\/san-pham\/sung-siet-bulong-3-4-inch-kuken-kw-20p\/\"]}]},{\"@type\":\"ImageObject\",\"inLanguage\":\"en-US\",\"@id\":\"https:\/\/anphatvn.com.vn\/san-pham\/sung-siet-bulong-3-4-inch-kuken-kw-20p\/#primaryimage\",\"url\":\"https:\/\/anphatvn.com.vn\/wp-content\/uploads\/2026\/02\/sung-van-oc-kuken-kw-20p-1.jpg\",\"contentUrl\":\"https:\/\/anphatvn.com.vn\/wp-content\/uploads\/2026\/02\/sung-van-oc-kuken-kw-20p-1.jpg\",\"width\":971,\"height\":971},{\"@type\":\"BreadcrumbList\",\"@id\":\"https:\/\/anphatvn.com.vn\/san-pham\/sung-siet-bulong-3-4-inch-kuken-kw-20p\/#breadcrumb\",\"itemListElement\":[{\"@type\":\"ListItem\",\"position\":1,\"name\":\"Trang ch\u1ee7\",\"item\":\"https:\/\/anphatvn.com.vn\/\"},{\"@type\":\"ListItem\",\"position\":2,\"name\":\"S\u1ea3n ph\u1ea9m\",\"item\":\"https:\/\/anphatvn.com.vn\/san-pham\/\"},{\"@type\":\"ListItem\",\"position\":3,\"name\":\"S\u00fang Si\u1ebft Bulong 3\/4 Inch Kuken KW-20P\"}]},{\"@type\":\"WebSite\",\"@id\":\"https:\/\/anphatvn.com.vn\/#website\",\"url\":\"https:\/\/anphatvn.com.vn\/\",\"name\":\"An Ph\u00e1t\",\"description\":\"\",\"publisher\":{\"@id\":\"https:\/\/anphatvn.com.vn\/#organization\"},\"potentialAction\":[{\"@type\":\"SearchAction\",\"target\":{\"@type\":\"EntryPoint\",\"urlTemplate\":\"https:\/\/anphatvn.com.vn\/?s={search_term_string}\"},\"query-input\":{\"@type\":\"PropertyValueSpecification\",\"valueRequired\":true,\"valueName\":\"search_term_string\"}}],\"inLanguage\":\"en-US\"},{\"@type\":\"Organization\",\"@id\":\"https:\/\/anphatvn.com.vn\/#organization\",\"name\":\"An Ph\u00e1t\",\"url\":\"https:\/\/anphatvn.com.vn\/\",\"logo\":{\"@type\":\"ImageObject\",\"inLanguage\":\"en-US\",\"@id\":\"https:\/\/anphatvn.com.vn\/#\/schema\/logo\/image\/\",\"url\":\"https:\/\/anphatvn.com.vn\/wp-content\/uploads\/2025\/12\/an-phat-logo.png\",\"contentUrl\":\"https:\/\/anphatvn.com.vn\/wp-content\/uploads\/2025\/12\/an-phat-logo.png\",\"width\":74,\"height\":68,\"caption\":\"An Ph\u00e1t\"},\"image\":{\"@id\":\"https:\/\/anphatvn.com.vn\/#\/schema\/logo\/image\/\"}}]}<\/script>\n<!-- \/ Yoast SEO Premium plugin. -->","yoast_head_json":{"title":"S\u00fang Si\u1ebft Bulong 3\/4 Inch Kuken KW-20P - An Ph\u00e1t","robots":{"index":"index","follow":"follow","max-snippet":"max-snippet:-1","max-image-preview":"max-image-preview:large","max-video-preview":"max-video-preview:-1"},"canonical":"https:\/\/anphatvn.com.vn\/en\/product\/sung-siet-bulong-3-4-inch-kuken-kw-20p\/","og_locale":"en_US","og_type":"article","og_title":"S\u00fang Si\u1ebft Bulong 3\/4 Inch Kuken KW-20P","og_description":"KUKEN KW-20P l\u00e0 d\u00f2ng s\u00fang v\u1eb7n bu l\u00f4ng kh\u00ed n\u00e9n \u0111\u01b0\u1ee3c s\u1eed d\u1ee5ng ph\u1ed5 bi\u1ebfn trong c\u00e1c gara s\u1eeda ch\u1eefa \u00f4 t\u00f4, xe m\u00e1y. Thi\u1ebft b\u1ecb gi\u00fap thao t\u00e1c th\u00e1o l\u1eafp \u1ed1c nhanh ch\u00f3ng, d\u1ec5 d\u00e0ng h\u01a1n, gi\u1ea3m s\u1ee9c lao \u0111\u1ed9ng v\u00e0 n\u00e2ng cao hi\u1ec7u su\u1ea5t l\u00e0m vi\u1ec7c. \u01afu \u0111i\u1ec3m n\u1ed5i b\u1eadt c\u1ee7a KUKEN KW-20P: [&hellip;]","og_url":"https:\/\/anphatvn.com.vn\/en\/product\/sung-siet-bulong-3-4-inch-kuken-kw-20p\/","og_site_name":"An Ph\u00e1t","article_modified_time":"2026-04-09T02:28:28+00:00","og_image":[{"width":971,"height":971,"url":"https:\/\/anphatvn.com.vn\/wp-content\/uploads\/2026\/02\/sung-van-oc-kuken-kw-20p-1.jpg","type":"image\/jpeg"}],"twitter_card":"summary_large_image","twitter_misc":{"Est. reading time":"2 minutes"},"schema":{"@context":"https:\/\/schema.org","@graph":[{"@type":"WebPage","@id":"https:\/\/anphatvn.com.vn\/san-pham\/sung-siet-bulong-3-4-inch-kuken-kw-20p\/","url":"https:\/\/anphatvn.com.vn\/san-pham\/sung-siet-bulong-3-4-inch-kuken-kw-20p\/","name":"S\u00fang Si\u1ebft Bulong 3\/4 Inch Kuken KW-20P - An Ph\u00e1t","isPartOf":{"@id":"https:\/\/anphatvn.com.vn\/#website"},"primaryImageOfPage":{"@id":"https:\/\/anphatvn.com.vn\/san-pham\/sung-siet-bulong-3-4-inch-kuken-kw-20p\/#primaryimage"},"image":{"@id":"https:\/\/anphatvn.com.vn\/san-pham\/sung-siet-bulong-3-4-inch-kuken-kw-20p\/#primaryimage"},"thumbnailUrl":"https:\/\/anphatvn.com.vn\/wp-content\/uploads\/2026\/02\/sung-van-oc-kuken-kw-20p-1.jpg","datePublished":"2026-02-10T04:16:39+00:00","dateModified":"2026-04-09T02:28:28+00:00","breadcrumb":{"@id":"https:\/\/anphatvn.com.vn\/san-pham\/sung-siet-bulong-3-4-inch-kuken-kw-20p\/#breadcrumb"},"inLanguage":"en-US","potentialAction":[{"@type":"ReadAction","target":["https:\/\/anphatvn.com.vn\/san-pham\/sung-siet-bulong-3-4-inch-kuken-kw-20p\/"]}]},{"@type":"ImageObject","inLanguage":"en-US","@id":"https:\/\/anphatvn.com.vn\/san-pham\/sung-siet-bulong-3-4-inch-kuken-kw-20p\/#primaryimage","url":"https:\/\/anphatvn.com.vn\/wp-content\/uploads\/2026\/02\/sung-van-oc-kuken-kw-20p-1.jpg","contentUrl":"https:\/\/anphatvn.com.vn\/wp-content\/uploads\/2026\/02\/sung-van-oc-kuken-kw-20p-1.jpg","width":971,"height":971},{"@type":"BreadcrumbList","@id":"https:\/\/anphatvn.com.vn\/san-pham\/sung-siet-bulong-3-4-inch-kuken-kw-20p\/#breadcrumb","itemListElement":[{"@type":"ListItem","position":1,"name":"Trang ch\u1ee7","item":"https:\/\/anphatvn.com.vn\/"},{"@type":"ListItem","position":2,"name":"S\u1ea3n ph\u1ea9m","item":"https:\/\/anphatvn.com.vn\/san-pham\/"},{"@type":"ListItem","position":3,"name":"S\u00fang Si\u1ebft Bulong 3\/4 Inch Kuken KW-20P"}]},{"@type":"WebSite","@id":"https:\/\/anphatvn.com.vn\/#website","url":"https:\/\/anphatvn.com.vn\/","name":"An Ph\u00e1t","description":"","publisher":{"@id":"https:\/\/anphatvn.com.vn\/#organization"},"potentialAction":[{"@type":"SearchAction","target":{"@type":"EntryPoint","urlTemplate":"https:\/\/anphatvn.com.vn\/?s={search_term_string}"},"query-input":{"@type":"PropertyValueSpecification","valueRequired":true,"valueName":"search_term_string"}}],"inLanguage":"en-US"},{"@type":"Organization","@id":"https:\/\/anphatvn.com.vn\/#organization","name":"An Ph\u00e1t","url":"https:\/\/anphatvn.com.vn\/","logo":{"@type":"ImageObject","inLanguage":"en-US","@id":"https:\/\/anphatvn.com.vn\/#\/schema\/logo\/image\/","url":"https:\/\/anphatvn.com.vn\/wp-content\/uploads\/2025\/12\/an-phat-logo.png","contentUrl":"https:\/\/anphatvn.com.vn\/wp-content\/uploads\/2025\/12\/an-phat-logo.png","width":74,"height":68,"caption":"An Ph\u00e1t"},"image":{"@id":"https:\/\/anphatvn.com.vn\/#\/schema\/logo\/image\/"}}]}},"_links":{"self":[{"href":"https:\/\/anphatvn.com.vn\/en\/wp-json\/wp\/v2\/product\/3274","targetHints":{"allow":["GET"]}}],"collection":[{"href":"https:\/\/anphatvn.com.vn\/en\/wp-json\/wp\/v2\/product"}],"about":[{"href":"https:\/\/anphatvn.com.vn\/en\/wp-json\/wp\/v2\/types\/product"}],"replies":[{"embeddable":true,"href":"https:\/\/anphatvn.com.vn\/en\/wp-json\/wp\/v2\/comments?post=3274"}],"wp:featuredmedia":[{"embeddable":true,"href":"https:\/\/anphatvn.com.vn\/en\/wp-json\/wp\/v2\/media\/3416"}],"wp:attachment":[{"href":"https:\/\/anphatvn.com.vn\/en\/wp-json\/wp\/v2\/media?parent=3274"}],"wp:term":[{"taxonomy":"product_brand","embeddable":true,"href":"https:\/\/anphatvn.com.vn\/en\/wp-json\/wp\/v2\/product_brand?post=3274"},{"taxonomy":"product_cat","embeddable":true,"href":"https:\/\/anphatvn.com.vn\/en\/wp-json\/wp\/v2\/product_cat?post=3274"},{"taxonomy":"product_tag","embeddable":true,"href":"https:\/\/anphatvn.com.vn\/en\/wp-json\/wp\/v2\/product_tag?post=3274"}],"curies":[{"name":"wp","href":"https:\/\/api.w.org\/{rel}","templated":true}]}}