{"id":3273,"date":"2026-02-10T11:16:39","date_gmt":"2026-02-10T04:16:39","guid":{"rendered":"https:\/\/anphatco.123websitedev.com\/san-pham\/sung-siet-bulong-1-inch-kuken-kw-40p\/"},"modified":"2026-04-09T09:10:30","modified_gmt":"2026-04-09T02:10:30","slug":"sung-siet-bulong-1-inch-kuken-kw-40p","status":"publish","type":"product","link":"https:\/\/anphatvn.com.vn\/en\/product\/sung-siet-bulong-1-inch-kuken-kw-40p\/","title":{"rendered":"S\u00fang Si\u1ebft Bulong 1 Inch Kuken KW-40P"},"content":{"rendered":"<p>KUKEN KW-40P l\u00e0 d\u00f2ng s\u00fang v\u1eb7n bu l\u00f4ng kh\u00ed n\u00e9n \u0111\u01b0\u1ee3c thi\u1ebft k\u1ebf nh\u1ecf g\u1ecdn nh\u01b0ng s\u1edf h\u1eefu l\u1ef1c si\u1ebft m\u1ea1nh m\u1ebd, ph\u00f9 h\u1ee3p cho c\u00e1c garage \u00f4 t\u00f4 v\u00e0 x\u01b0\u1edfng d\u1ecbch v\u1ee5 c\u1ea7n thao t\u00e1c linh ho\u1ea1t trong kh\u00f4ng gian h\u1eb9p. S\u1ea3n ph\u1ea9m \u0111\u1ebfn t\u1eeb th\u01b0\u01a1ng hi\u1ec7u Kuken Nh\u1eadt B\u1ea3n, n\u1ed5i b\u1eadt v\u1edbi \u0111\u1ed9 b\u1ec1n cao v\u00e0 kh\u1ea3 n\u0103ng v\u1eadn h\u00e0nh \u1ed5n \u0111\u1ecbnh.<\/p>\n<h2>\u01afu \u0111i\u1ec3m n\u1ed5i b\u1eadt c\u1ee7a KUKEN KW-40P:<\/h2>\n<ul>\n<li>Thi\u1ebft k\u1ebf nh\u1ecf g\u1ecdn, linh ho\u1ea1t: D\u1ec5 d\u00e0ng thao t\u00e1c \u1edf c\u00e1c v\u1ecb tr\u00ed ch\u1eadt h\u1eb9p, kh\u00f3 ti\u1ebfp c\u1eadn.<\/li>\n<li>L\u1ef1c v\u1eb7n m\u1ea1nh l\u00ean \u0111\u1ebfn 1800 Nm: Gi\u00fap si\u1ebft m\u1edf bu l\u00f4ng nhanh ch\u00f3ng, ti\u1ebft ki\u1ec7m th\u1eddi gian l\u00e0m vi\u1ec7c.<\/li>\n<li>V\u1eadn h\u00e0nh \u00eam \u00e1i, h\u1ea1n ch\u1ebf rung gi\u1eadt: T\u0103ng \u0111\u1ed9 ch\u00ednh x\u00e1c v\u00e0 gi\u1ea3m m\u1ec7t m\u1ecfi cho ng\u01b0\u1eddi s\u1eed d\u1ee5ng.<\/li>\n<li>Th\u01b0\u01a1ng hi\u1ec7u Kuken Nh\u1eadt B\u1ea3n, \u0111\u1ed9 b\u1ec1n cao: Ch\u1ea5t l\u01b0\u1ee3ng v\u01b0\u1ee3t tr\u1ed9i, tu\u1ed5i th\u1ecd cao h\u01a1n so v\u1edbi c\u00e1c d\u00f2ng c\u00f9ng ph\u00e2n kh\u00fac.<\/li>\n<\/ul>\n<h2>Th\u00f4ng s\u1ed1 k\u1ef9 thu\u1eadt:<\/h2>\n<ul>\n<li>C\u1ee1 \u0111\u1ea7u vu\u00f4ng: 1 inch<\/li>\n<li>Kh\u1ea3 n\u0103ng v\u1eb7n bu l\u00f4ng: 40 mm<\/li>\n<li>T\u1ed1c \u0111\u1ed9 kh\u00f4ng t\u1ea3i: 2500 v\u00f2ng\/ph\u00fat<\/li>\n<li>S\u1ed1 l\u1ea7n va \u0111\u1eadp: 550 l\u1ea7n\/ph\u00fat<\/li>\n<li>\u00c1p su\u1ea5t l\u00e0m vi\u1ec7c: 10 kg\/cm\u00b2<\/li>\n<li>L\u01b0u l\u01b0\u1ee3ng kh\u00ed ti\u00eau th\u1ee5: 0.72 m\u00b3\/ph\u00fat<\/li>\n<li>C\u1ee1 d\u00e2y kh\u00ed n\u00e9n: 12.7 mm<\/li>\n<li>Tr\u1ecdng l\u01b0\u1ee3ng: 12.7 kg<\/li>\n<\/ul>\n<h2>\u1ee8ng d\u1ee5ng:<\/h2>\n<p>S\u1ea3n ph\u1ea9m ph\u00f9 h\u1ee3p cho:<\/p>\n<ul>\n<li>Garage s\u1eeda ch\u1eefa \u00f4 t\u00f4<\/li>\n<li>X\u01b0\u1edfng d\u1ecbch v\u1ee5 l\u1ed1p<\/li>\n<li>Trung t\u00e2m b\u1ea3o d\u01b0\u1ee1ng xe t\u1ea3i, xe c\u00f4ng tr\u00ecnh<\/li>\n<\/ul>","protected":false},"excerpt":{"rendered":"<p>KUKEN KW-40P l\u00e0 d\u00f2ng s\u00fang v\u1eb7n bu l\u00f4ng kh\u00ed n\u00e9n \u0111\u01b0\u1ee3c thi\u1ebft k\u1ebf nh\u1ecf g\u1ecdn nh\u01b0ng s\u1edf h\u1eefu l\u1ef1c si\u1ebft m\u1ea1nh m\u1ebd, ph\u00f9 h\u1ee3p cho c\u00e1c garage \u00f4 t\u00f4 v\u00e0 x\u01b0\u1edfng d\u1ecbch v\u1ee5 c\u1ea7n thao t\u00e1c linh ho\u1ea1t trong kh\u00f4ng gian h\u1eb9p. S\u1ea3n ph\u1ea9m \u0111\u1ebfn t\u1eeb th\u01b0\u01a1ng hi\u1ec7u Kuken Nh\u1eadt B\u1ea3n, n\u1ed5i b\u1eadt v\u1edbi \u0111\u1ed9 [&hellip;]<\/p>","protected":false},"featured_media":3406,"comment_status":"closed","ping_status":"closed","template":"","meta":[],"product_brand":[129],"product_cat":[96],"product_tag":[],"class_list":{"0":"post-3273","1":"product","2":"type-product","3":"status-publish","4":"has-post-thumbnail","6":"product_brand-kuken","7":"product_cat-vat-tu-tieu-hao","9":"first","10":"instock","11":"purchasable","12":"product-type-simple"},"acf":[],"ct_brands":[{"id":129,"name":"Kuken","slug":"kuken"}],"yoast_head":"<!-- This site is optimized with the Yoast SEO Premium plugin v25.6 (Yoast SEO v25.6) - https:\/\/yoast.com\/wordpress\/plugins\/seo\/ -->\n<title>S\u00fang Si\u1ebft Bulong 1 Inch Kuken KW-40P - An Ph\u00e1t<\/title>\n<meta name=\"robots\" content=\"index, follow, max-snippet:-1, max-image-preview:large, max-video-preview:-1\" \/>\n<link rel=\"canonical\" href=\"https:\/\/anphatvn.com.vn\/en\/product\/sung-siet-bulong-1-inch-kuken-kw-40p\/\" \/>\n<meta property=\"og:locale\" content=\"en_US\" \/>\n<meta property=\"og:type\" content=\"article\" \/>\n<meta property=\"og:title\" content=\"S\u00fang Si\u1ebft Bulong 1 Inch Kuken KW-40P\" \/>\n<meta property=\"og:description\" content=\"KUKEN KW-40P l\u00e0 d\u00f2ng s\u00fang v\u1eb7n bu l\u00f4ng kh\u00ed n\u00e9n \u0111\u01b0\u1ee3c thi\u1ebft k\u1ebf nh\u1ecf g\u1ecdn nh\u01b0ng s\u1edf h\u1eefu l\u1ef1c si\u1ebft m\u1ea1nh m\u1ebd, ph\u00f9 h\u1ee3p cho c\u00e1c garage \u00f4 t\u00f4 v\u00e0 x\u01b0\u1edfng d\u1ecbch v\u1ee5 c\u1ea7n thao t\u00e1c linh ho\u1ea1t trong kh\u00f4ng gian h\u1eb9p. S\u1ea3n ph\u1ea9m \u0111\u1ebfn t\u1eeb th\u01b0\u01a1ng hi\u1ec7u Kuken Nh\u1eadt B\u1ea3n, n\u1ed5i b\u1eadt v\u1edbi \u0111\u1ed9 [&hellip;]\" \/>\n<meta property=\"og:url\" content=\"https:\/\/anphatvn.com.vn\/en\/product\/sung-siet-bulong-1-inch-kuken-kw-40p\/\" \/>\n<meta property=\"og:site_name\" content=\"An Ph\u00e1t\" \/>\n<meta property=\"article:modified_time\" content=\"2026-04-09T02:10:30+00:00\" \/>\n<meta property=\"og:image\" content=\"https:\/\/anphatvn.com.vn\/wp-content\/uploads\/2026\/02\/sung-van-bu-long-kuken-kw-40p-1.jpg\" \/>\n\t<meta property=\"og:image:width\" content=\"824\" \/>\n\t<meta property=\"og:image:height\" content=\"824\" \/>\n\t<meta property=\"og:image:type\" content=\"image\/jpeg\" \/>\n<meta name=\"twitter:card\" content=\"summary_large_image\" \/>\n<meta name=\"twitter:label1\" content=\"Est. reading time\" \/>\n\t<meta name=\"twitter:data1\" content=\"2 minutes\" \/>\n<script type=\"application\/ld+json\" class=\"yoast-schema-graph\">{\"@context\":\"https:\/\/schema.org\",\"@graph\":[{\"@type\":\"WebPage\",\"@id\":\"https:\/\/anphatvn.com.vn\/san-pham\/sung-siet-bulong-1-inch-kuken-kw-40p\/\",\"url\":\"https:\/\/anphatvn.com.vn\/san-pham\/sung-siet-bulong-1-inch-kuken-kw-40p\/\",\"name\":\"S\u00fang Si\u1ebft Bulong 1 Inch Kuken KW-40P - An Ph\u00e1t\",\"isPartOf\":{\"@id\":\"https:\/\/anphatvn.com.vn\/#website\"},\"primaryImageOfPage\":{\"@id\":\"https:\/\/anphatvn.com.vn\/san-pham\/sung-siet-bulong-1-inch-kuken-kw-40p\/#primaryimage\"},\"image\":{\"@id\":\"https:\/\/anphatvn.com.vn\/san-pham\/sung-siet-bulong-1-inch-kuken-kw-40p\/#primaryimage\"},\"thumbnailUrl\":\"https:\/\/anphatvn.com.vn\/wp-content\/uploads\/2026\/02\/sung-van-bu-long-kuken-kw-40p-1.jpg\",\"datePublished\":\"2026-02-10T04:16:39+00:00\",\"dateModified\":\"2026-04-09T02:10:30+00:00\",\"breadcrumb\":{\"@id\":\"https:\/\/anphatvn.com.vn\/san-pham\/sung-siet-bulong-1-inch-kuken-kw-40p\/#breadcrumb\"},\"inLanguage\":\"en-US\",\"potentialAction\":[{\"@type\":\"ReadAction\",\"target\":[\"https:\/\/anphatvn.com.vn\/san-pham\/sung-siet-bulong-1-inch-kuken-kw-40p\/\"]}]},{\"@type\":\"ImageObject\",\"inLanguage\":\"en-US\",\"@id\":\"https:\/\/anphatvn.com.vn\/san-pham\/sung-siet-bulong-1-inch-kuken-kw-40p\/#primaryimage\",\"url\":\"https:\/\/anphatvn.com.vn\/wp-content\/uploads\/2026\/02\/sung-van-bu-long-kuken-kw-40p-1.jpg\",\"contentUrl\":\"https:\/\/anphatvn.com.vn\/wp-content\/uploads\/2026\/02\/sung-van-bu-long-kuken-kw-40p-1.jpg\",\"width\":824,\"height\":824},{\"@type\":\"BreadcrumbList\",\"@id\":\"https:\/\/anphatvn.com.vn\/san-pham\/sung-siet-bulong-1-inch-kuken-kw-40p\/#breadcrumb\",\"itemListElement\":[{\"@type\":\"ListItem\",\"position\":1,\"name\":\"Trang ch\u1ee7\",\"item\":\"https:\/\/anphatvn.com.vn\/\"},{\"@type\":\"ListItem\",\"position\":2,\"name\":\"S\u1ea3n ph\u1ea9m\",\"item\":\"https:\/\/anphatvn.com.vn\/san-pham\/\"},{\"@type\":\"ListItem\",\"position\":3,\"name\":\"S\u00fang Si\u1ebft Bulong 1 Inch Kuken KW-40P\"}]},{\"@type\":\"WebSite\",\"@id\":\"https:\/\/anphatvn.com.vn\/#website\",\"url\":\"https:\/\/anphatvn.com.vn\/\",\"name\":\"An Ph\u00e1t\",\"description\":\"\",\"publisher\":{\"@id\":\"https:\/\/anphatvn.com.vn\/#organization\"},\"potentialAction\":[{\"@type\":\"SearchAction\",\"target\":{\"@type\":\"EntryPoint\",\"urlTemplate\":\"https:\/\/anphatvn.com.vn\/?s={search_term_string}\"},\"query-input\":{\"@type\":\"PropertyValueSpecification\",\"valueRequired\":true,\"valueName\":\"search_term_string\"}}],\"inLanguage\":\"en-US\"},{\"@type\":\"Organization\",\"@id\":\"https:\/\/anphatvn.com.vn\/#organization\",\"name\":\"An Ph\u00e1t\",\"url\":\"https:\/\/anphatvn.com.vn\/\",\"logo\":{\"@type\":\"ImageObject\",\"inLanguage\":\"en-US\",\"@id\":\"https:\/\/anphatvn.com.vn\/#\/schema\/logo\/image\/\",\"url\":\"https:\/\/anphatvn.com.vn\/wp-content\/uploads\/2025\/12\/an-phat-logo.png\",\"contentUrl\":\"https:\/\/anphatvn.com.vn\/wp-content\/uploads\/2025\/12\/an-phat-logo.png\",\"width\":74,\"height\":68,\"caption\":\"An Ph\u00e1t\"},\"image\":{\"@id\":\"https:\/\/anphatvn.com.vn\/#\/schema\/logo\/image\/\"}}]}<\/script>\n<!-- \/ Yoast SEO Premium plugin. -->","yoast_head_json":{"title":"S\u00fang Si\u1ebft Bulong 1 Inch Kuken KW-40P - An Ph\u00e1t","robots":{"index":"index","follow":"follow","max-snippet":"max-snippet:-1","max-image-preview":"max-image-preview:large","max-video-preview":"max-video-preview:-1"},"canonical":"https:\/\/anphatvn.com.vn\/en\/product\/sung-siet-bulong-1-inch-kuken-kw-40p\/","og_locale":"en_US","og_type":"article","og_title":"S\u00fang Si\u1ebft Bulong 1 Inch Kuken KW-40P","og_description":"KUKEN KW-40P l\u00e0 d\u00f2ng s\u00fang v\u1eb7n bu l\u00f4ng kh\u00ed n\u00e9n \u0111\u01b0\u1ee3c thi\u1ebft k\u1ebf nh\u1ecf g\u1ecdn nh\u01b0ng s\u1edf h\u1eefu l\u1ef1c si\u1ebft m\u1ea1nh m\u1ebd, ph\u00f9 h\u1ee3p cho c\u00e1c garage \u00f4 t\u00f4 v\u00e0 x\u01b0\u1edfng d\u1ecbch v\u1ee5 c\u1ea7n thao t\u00e1c linh ho\u1ea1t trong kh\u00f4ng gian h\u1eb9p. S\u1ea3n ph\u1ea9m \u0111\u1ebfn t\u1eeb th\u01b0\u01a1ng hi\u1ec7u Kuken Nh\u1eadt B\u1ea3n, n\u1ed5i b\u1eadt v\u1edbi \u0111\u1ed9 [&hellip;]","og_url":"https:\/\/anphatvn.com.vn\/en\/product\/sung-siet-bulong-1-inch-kuken-kw-40p\/","og_site_name":"An Ph\u00e1t","article_modified_time":"2026-04-09T02:10:30+00:00","og_image":[{"width":824,"height":824,"url":"https:\/\/anphatvn.com.vn\/wp-content\/uploads\/2026\/02\/sung-van-bu-long-kuken-kw-40p-1.jpg","type":"image\/jpeg"}],"twitter_card":"summary_large_image","twitter_misc":{"Est. reading time":"2 minutes"},"schema":{"@context":"https:\/\/schema.org","@graph":[{"@type":"WebPage","@id":"https:\/\/anphatvn.com.vn\/san-pham\/sung-siet-bulong-1-inch-kuken-kw-40p\/","url":"https:\/\/anphatvn.com.vn\/san-pham\/sung-siet-bulong-1-inch-kuken-kw-40p\/","name":"S\u00fang Si\u1ebft Bulong 1 Inch Kuken KW-40P - An Ph\u00e1t","isPartOf":{"@id":"https:\/\/anphatvn.com.vn\/#website"},"primaryImageOfPage":{"@id":"https:\/\/anphatvn.com.vn\/san-pham\/sung-siet-bulong-1-inch-kuken-kw-40p\/#primaryimage"},"image":{"@id":"https:\/\/anphatvn.com.vn\/san-pham\/sung-siet-bulong-1-inch-kuken-kw-40p\/#primaryimage"},"thumbnailUrl":"https:\/\/anphatvn.com.vn\/wp-content\/uploads\/2026\/02\/sung-van-bu-long-kuken-kw-40p-1.jpg","datePublished":"2026-02-10T04:16:39+00:00","dateModified":"2026-04-09T02:10:30+00:00","breadcrumb":{"@id":"https:\/\/anphatvn.com.vn\/san-pham\/sung-siet-bulong-1-inch-kuken-kw-40p\/#breadcrumb"},"inLanguage":"en-US","potentialAction":[{"@type":"ReadAction","target":["https:\/\/anphatvn.com.vn\/san-pham\/sung-siet-bulong-1-inch-kuken-kw-40p\/"]}]},{"@type":"ImageObject","inLanguage":"en-US","@id":"https:\/\/anphatvn.com.vn\/san-pham\/sung-siet-bulong-1-inch-kuken-kw-40p\/#primaryimage","url":"https:\/\/anphatvn.com.vn\/wp-content\/uploads\/2026\/02\/sung-van-bu-long-kuken-kw-40p-1.jpg","contentUrl":"https:\/\/anphatvn.com.vn\/wp-content\/uploads\/2026\/02\/sung-van-bu-long-kuken-kw-40p-1.jpg","width":824,"height":824},{"@type":"BreadcrumbList","@id":"https:\/\/anphatvn.com.vn\/san-pham\/sung-siet-bulong-1-inch-kuken-kw-40p\/#breadcrumb","itemListElement":[{"@type":"ListItem","position":1,"name":"Trang ch\u1ee7","item":"https:\/\/anphatvn.com.vn\/"},{"@type":"ListItem","position":2,"name":"S\u1ea3n ph\u1ea9m","item":"https:\/\/anphatvn.com.vn\/san-pham\/"},{"@type":"ListItem","position":3,"name":"S\u00fang Si\u1ebft Bulong 1 Inch Kuken KW-40P"}]},{"@type":"WebSite","@id":"https:\/\/anphatvn.com.vn\/#website","url":"https:\/\/anphatvn.com.vn\/","name":"An Ph\u00e1t","description":"","publisher":{"@id":"https:\/\/anphatvn.com.vn\/#organization"},"potentialAction":[{"@type":"SearchAction","target":{"@type":"EntryPoint","urlTemplate":"https:\/\/anphatvn.com.vn\/?s={search_term_string}"},"query-input":{"@type":"PropertyValueSpecification","valueRequired":true,"valueName":"search_term_string"}}],"inLanguage":"en-US"},{"@type":"Organization","@id":"https:\/\/anphatvn.com.vn\/#organization","name":"An Ph\u00e1t","url":"https:\/\/anphatvn.com.vn\/","logo":{"@type":"ImageObject","inLanguage":"en-US","@id":"https:\/\/anphatvn.com.vn\/#\/schema\/logo\/image\/","url":"https:\/\/anphatvn.com.vn\/wp-content\/uploads\/2025\/12\/an-phat-logo.png","contentUrl":"https:\/\/anphatvn.com.vn\/wp-content\/uploads\/2025\/12\/an-phat-logo.png","width":74,"height":68,"caption":"An Ph\u00e1t"},"image":{"@id":"https:\/\/anphatvn.com.vn\/#\/schema\/logo\/image\/"}}]}},"_links":{"self":[{"href":"https:\/\/anphatvn.com.vn\/en\/wp-json\/wp\/v2\/product\/3273","targetHints":{"allow":["GET"]}}],"collection":[{"href":"https:\/\/anphatvn.com.vn\/en\/wp-json\/wp\/v2\/product"}],"about":[{"href":"https:\/\/anphatvn.com.vn\/en\/wp-json\/wp\/v2\/types\/product"}],"replies":[{"embeddable":true,"href":"https:\/\/anphatvn.com.vn\/en\/wp-json\/wp\/v2\/comments?post=3273"}],"wp:featuredmedia":[{"embeddable":true,"href":"https:\/\/anphatvn.com.vn\/en\/wp-json\/wp\/v2\/media\/3406"}],"wp:attachment":[{"href":"https:\/\/anphatvn.com.vn\/en\/wp-json\/wp\/v2\/media?parent=3273"}],"wp:term":[{"taxonomy":"product_brand","embeddable":true,"href":"https:\/\/anphatvn.com.vn\/en\/wp-json\/wp\/v2\/product_brand?post=3273"},{"taxonomy":"product_cat","embeddable":true,"href":"https:\/\/anphatvn.com.vn\/en\/wp-json\/wp\/v2\/product_cat?post=3273"},{"taxonomy":"product_tag","embeddable":true,"href":"https:\/\/anphatvn.com.vn\/en\/wp-json\/wp\/v2\/product_tag?post=3273"}],"curies":[{"name":"wp","href":"https:\/\/api.w.org\/{rel}","templated":true}]}}