{"id":3267,"date":"2026-02-10T11:16:39","date_gmt":"2026-02-10T04:16:39","guid":{"rendered":"https:\/\/anphatco.123websitedev.com\/san-pham\/may-can-bang-lop-co-laser-daliqibao-h-718wb-220v-50hz-1ph-wheel-balancer-with-laser\/"},"modified":"2026-04-13T14:39:50","modified_gmt":"2026-04-13T07:39:50","slug":"may-can-bang-lop-co-laser-dali-h-718wb-220v-50hz-1ph","status":"publish","type":"product","link":"https:\/\/anphatvn.com.vn\/en\/product\/may-can-bang-lop-co-laser-dali-h-718wb-220v-50hz-1ph\/","title":{"rendered":"M\u00e1y c\u00e2n b\u1eb1ng l\u1ed1p c\u00f3 laser DALI H-718WB (220V\/50Hz\/1Ph)"},"content":{"rendered":"<h2>\u0110\u1eb7c \u0111i\u1ec3m c\u1ee7a m\u00e1y c\u00e2n b\u1eb1ng H-718WB<\/h2>\n<p>Dali H-718WB\u00a0l\u00e0 lo\u1ea1i\u00a0m\u00e1y c\u00e2n m\u00e2m, c\u00f3 th\u1ec3 c\u00e2n \u0111\u01b0\u1ee3c \u0111\u01b0\u1eddng k\u00ednh lazang t\u1eeb 10-30 inch. M\u00e1y c\u00f3 thi\u1ebft k\u1ebf sang tr\u1ecdng, ti\u1ec7n l\u1ee3i trong qu\u00e1 tr\u00ecnh v\u1eadn h\u00e0nh.<\/p>\n<ul>\n<li>M\u00e0n h\u00ecnh hi\u1ec3n th\u1ecb \u0111\u00e8n LED gi\u00fap thu\u1eadn ti\u1ec7n thao t\u00e1c.<\/li>\n<li>H\u1ec7 th\u1ed1ng ch\u00e2n phanh k\u1ebft h\u1ee3p \u0111\u00e8n LED b\u00e1o s\u00e1ng.<\/li>\n<li>\u0110\u1ecbnh v\u1ecb \u0111i\u1ec3m \u0111\u00f3ng ch\u00ec b\u1eb1ng Laze ch\u00ednh x\u00e1c cao<\/li>\n<li>C\u00f3 th\u01b0\u1edbc \u0111o b\u1ec1 r\u1ed9ng c\u1ee7a l\u1ed1p gi\u00fap ng\u01b0\u1eddi th\u1ee3 d\u1ec5 d\u00e0ng ti\u1ebfn h\u00e0nh thao t\u00e1c c\u00e2n b\u1eb1ng l\u1ed1p xe.<\/li>\n<li>M\u00e1y t\u1ef1 \u0111\u1ed9ng ho\u00e0n to\u00e0n \u0111o v\u00e0 c\u1eadp nh\u1eadt 3 th\u00f4ng s\u1ed1.<\/li>\n<li>Ph\u1ea7n m\u1ec1m v\u00e0 b\u1ed9 vi m\u1ea1ch \u0111\u01b0\u1ee3c \u0111\u0103ng k\u00fd s\u1edf h\u1eefu tr\u00ed tu\u1ec7 \u0111\u1ed9c quy\u1ec1n.<\/li>\n<\/ul>","protected":false},"excerpt":{"rendered":"<p>\u0110\u1eb7c \u0111i\u1ec3m c\u1ee7a m\u00e1y c\u00e2n b\u1eb1ng H-718WB Dali H-718WB\u00a0l\u00e0 lo\u1ea1i\u00a0m\u00e1y c\u00e2n m\u00e2m, c\u00f3 th\u1ec3 c\u00e2n \u0111\u01b0\u1ee3c \u0111\u01b0\u1eddng k\u00ednh lazang t\u1eeb 10-30 inch. M\u00e1y c\u00f3 thi\u1ebft k\u1ebf sang tr\u1ecdng, ti\u1ec7n l\u1ee3i trong qu\u00e1 tr\u00ecnh v\u1eadn h\u00e0nh. M\u00e0n h\u00ecnh hi\u1ec3n th\u1ecb \u0111\u00e8n LED gi\u00fap thu\u1eadn ti\u1ec7n thao t\u00e1c. H\u1ec7 th\u1ed1ng ch\u00e2n phanh k\u1ebft h\u1ee3p \u0111\u00e8n LED b\u00e1o [&hellip;]<\/p>","protected":false},"featured_media":3172,"comment_status":"closed","ping_status":"closed","template":"","meta":[],"product_brand":[136],"product_cat":[68,90],"product_tag":[],"class_list":{"0":"post-3267","1":"product","2":"type-product","3":"status-publish","4":"has-post-thumbnail","6":"product_brand-daliqibao","7":"product_cat-may-can-bang-lop","8":"product_cat-may-moc-thiet-bi","10":"first","11":"instock","12":"product-type-simple"},"acf":[],"ct_brands":[{"id":136,"name":"Daliqibao","slug":"daliqibao"}],"yoast_head":"<!-- This site is optimized with the Yoast SEO Premium plugin v25.6 (Yoast SEO v25.6) - https:\/\/yoast.com\/wordpress\/plugins\/seo\/ -->\n<title>M\u00e1y c\u00e2n b\u1eb1ng l\u1ed1p c\u00f3 laser DALI H-718WB (220V\/50Hz\/1Ph) - An Ph\u00e1t<\/title>\n<meta name=\"robots\" content=\"index, follow, max-snippet:-1, max-image-preview:large, max-video-preview:-1\" \/>\n<link rel=\"canonical\" href=\"https:\/\/anphatvn.com.vn\/en\/product\/may-can-bang-lop-co-laser-dali-h-718wb-220v-50hz-1ph\/\" \/>\n<meta property=\"og:locale\" content=\"en_US\" \/>\n<meta property=\"og:type\" content=\"article\" \/>\n<meta property=\"og:title\" content=\"M\u00e1y c\u00e2n b\u1eb1ng l\u1ed1p c\u00f3 laser DALI H-718WB (220V\/50Hz\/1Ph)\" \/>\n<meta property=\"og:description\" content=\"\u0110\u1eb7c \u0111i\u1ec3m c\u1ee7a m\u00e1y c\u00e2n b\u1eb1ng H-718WB Dali H-718WB\u00a0l\u00e0 lo\u1ea1i\u00a0m\u00e1y c\u00e2n m\u00e2m, c\u00f3 th\u1ec3 c\u00e2n \u0111\u01b0\u1ee3c \u0111\u01b0\u1eddng k\u00ednh lazang t\u1eeb 10-30 inch. M\u00e1y c\u00f3 thi\u1ebft k\u1ebf sang tr\u1ecdng, ti\u1ec7n l\u1ee3i trong qu\u00e1 tr\u00ecnh v\u1eadn h\u00e0nh. M\u00e0n h\u00ecnh hi\u1ec3n th\u1ecb \u0111\u00e8n LED gi\u00fap thu\u1eadn ti\u1ec7n thao t\u00e1c. H\u1ec7 th\u1ed1ng ch\u00e2n phanh k\u1ebft h\u1ee3p \u0111\u00e8n LED b\u00e1o [&hellip;]\" \/>\n<meta property=\"og:url\" content=\"https:\/\/anphatvn.com.vn\/en\/product\/may-can-bang-lop-co-laser-dali-h-718wb-220v-50hz-1ph\/\" \/>\n<meta property=\"og:site_name\" content=\"An Ph\u00e1t\" \/>\n<meta property=\"article:modified_time\" content=\"2026-04-13T07:39:50+00:00\" \/>\n<meta property=\"og:image\" content=\"https:\/\/anphatvn.com.vn\/wp-content\/uploads\/2026\/02\/SP38297.jpg\" \/>\n\t<meta property=\"og:image:width\" content=\"1200\" \/>\n\t<meta property=\"og:image:height\" content=\"1200\" \/>\n\t<meta property=\"og:image:type\" content=\"image\/jpeg\" \/>\n<meta name=\"twitter:card\" content=\"summary_large_image\" \/>\n<meta name=\"twitter:label1\" content=\"Est. reading time\" \/>\n\t<meta name=\"twitter:data1\" content=\"1 minute\" \/>\n<script type=\"application\/ld+json\" class=\"yoast-schema-graph\">{\"@context\":\"https:\/\/schema.org\",\"@graph\":[{\"@type\":\"WebPage\",\"@id\":\"https:\/\/anphatvn.com.vn\/san-pham\/may-can-bang-lop-co-laser-dali-h-718wb-220v-50hz-1ph\/\",\"url\":\"https:\/\/anphatvn.com.vn\/san-pham\/may-can-bang-lop-co-laser-dali-h-718wb-220v-50hz-1ph\/\",\"name\":\"M\u00e1y c\u00e2n b\u1eb1ng l\u1ed1p c\u00f3 laser DALI H-718WB (220V\/50Hz\/1Ph) - An Ph\u00e1t\",\"isPartOf\":{\"@id\":\"https:\/\/anphatvn.com.vn\/#website\"},\"primaryImageOfPage\":{\"@id\":\"https:\/\/anphatvn.com.vn\/san-pham\/may-can-bang-lop-co-laser-dali-h-718wb-220v-50hz-1ph\/#primaryimage\"},\"image\":{\"@id\":\"https:\/\/anphatvn.com.vn\/san-pham\/may-can-bang-lop-co-laser-dali-h-718wb-220v-50hz-1ph\/#primaryimage\"},\"thumbnailUrl\":\"https:\/\/anphatvn.com.vn\/wp-content\/uploads\/2026\/02\/SP38297.jpg\",\"datePublished\":\"2026-02-10T04:16:39+00:00\",\"dateModified\":\"2026-04-13T07:39:50+00:00\",\"breadcrumb\":{\"@id\":\"https:\/\/anphatvn.com.vn\/san-pham\/may-can-bang-lop-co-laser-dali-h-718wb-220v-50hz-1ph\/#breadcrumb\"},\"inLanguage\":\"en-US\",\"potentialAction\":[{\"@type\":\"ReadAction\",\"target\":[\"https:\/\/anphatvn.com.vn\/san-pham\/may-can-bang-lop-co-laser-dali-h-718wb-220v-50hz-1ph\/\"]}]},{\"@type\":\"ImageObject\",\"inLanguage\":\"en-US\",\"@id\":\"https:\/\/anphatvn.com.vn\/san-pham\/may-can-bang-lop-co-laser-dali-h-718wb-220v-50hz-1ph\/#primaryimage\",\"url\":\"https:\/\/anphatvn.com.vn\/wp-content\/uploads\/2026\/02\/SP38297.jpg\",\"contentUrl\":\"https:\/\/anphatvn.com.vn\/wp-content\/uploads\/2026\/02\/SP38297.jpg\",\"width\":1200,\"height\":1200},{\"@type\":\"BreadcrumbList\",\"@id\":\"https:\/\/anphatvn.com.vn\/san-pham\/may-can-bang-lop-co-laser-dali-h-718wb-220v-50hz-1ph\/#breadcrumb\",\"itemListElement\":[{\"@type\":\"ListItem\",\"position\":1,\"name\":\"Trang ch\u1ee7\",\"item\":\"https:\/\/anphatvn.com.vn\/\"},{\"@type\":\"ListItem\",\"position\":2,\"name\":\"S\u1ea3n ph\u1ea9m\",\"item\":\"https:\/\/anphatvn.com.vn\/san-pham\/\"},{\"@type\":\"ListItem\",\"position\":3,\"name\":\"M\u00e1y c\u00e2n b\u1eb1ng l\u1ed1p c\u00f3 laser DALI H-718WB (220V\/50Hz\/1Ph)\"}]},{\"@type\":\"WebSite\",\"@id\":\"https:\/\/anphatvn.com.vn\/#website\",\"url\":\"https:\/\/anphatvn.com.vn\/\",\"name\":\"An Ph\u00e1t\",\"description\":\"\",\"publisher\":{\"@id\":\"https:\/\/anphatvn.com.vn\/#organization\"},\"potentialAction\":[{\"@type\":\"SearchAction\",\"target\":{\"@type\":\"EntryPoint\",\"urlTemplate\":\"https:\/\/anphatvn.com.vn\/?s={search_term_string}\"},\"query-input\":{\"@type\":\"PropertyValueSpecification\",\"valueRequired\":true,\"valueName\":\"search_term_string\"}}],\"inLanguage\":\"en-US\"},{\"@type\":\"Organization\",\"@id\":\"https:\/\/anphatvn.com.vn\/#organization\",\"name\":\"An Ph\u00e1t\",\"url\":\"https:\/\/anphatvn.com.vn\/\",\"logo\":{\"@type\":\"ImageObject\",\"inLanguage\":\"en-US\",\"@id\":\"https:\/\/anphatvn.com.vn\/#\/schema\/logo\/image\/\",\"url\":\"https:\/\/anphatvn.com.vn\/wp-content\/uploads\/2025\/12\/an-phat-logo.png\",\"contentUrl\":\"https:\/\/anphatvn.com.vn\/wp-content\/uploads\/2025\/12\/an-phat-logo.png\",\"width\":74,\"height\":68,\"caption\":\"An Ph\u00e1t\"},\"image\":{\"@id\":\"https:\/\/anphatvn.com.vn\/#\/schema\/logo\/image\/\"}}]}<\/script>\n<!-- \/ Yoast SEO Premium plugin. -->","yoast_head_json":{"title":"M\u00e1y c\u00e2n b\u1eb1ng l\u1ed1p c\u00f3 laser DALI H-718WB (220V\/50Hz\/1Ph) - An Ph\u00e1t","robots":{"index":"index","follow":"follow","max-snippet":"max-snippet:-1","max-image-preview":"max-image-preview:large","max-video-preview":"max-video-preview:-1"},"canonical":"https:\/\/anphatvn.com.vn\/en\/product\/may-can-bang-lop-co-laser-dali-h-718wb-220v-50hz-1ph\/","og_locale":"en_US","og_type":"article","og_title":"M\u00e1y c\u00e2n b\u1eb1ng l\u1ed1p c\u00f3 laser DALI H-718WB (220V\/50Hz\/1Ph)","og_description":"\u0110\u1eb7c \u0111i\u1ec3m c\u1ee7a m\u00e1y c\u00e2n b\u1eb1ng H-718WB Dali H-718WB\u00a0l\u00e0 lo\u1ea1i\u00a0m\u00e1y c\u00e2n m\u00e2m, c\u00f3 th\u1ec3 c\u00e2n \u0111\u01b0\u1ee3c \u0111\u01b0\u1eddng k\u00ednh lazang t\u1eeb 10-30 inch. M\u00e1y c\u00f3 thi\u1ebft k\u1ebf sang tr\u1ecdng, ti\u1ec7n l\u1ee3i trong qu\u00e1 tr\u00ecnh v\u1eadn h\u00e0nh. M\u00e0n h\u00ecnh hi\u1ec3n th\u1ecb \u0111\u00e8n LED gi\u00fap thu\u1eadn ti\u1ec7n thao t\u00e1c. H\u1ec7 th\u1ed1ng ch\u00e2n phanh k\u1ebft h\u1ee3p \u0111\u00e8n LED b\u00e1o [&hellip;]","og_url":"https:\/\/anphatvn.com.vn\/en\/product\/may-can-bang-lop-co-laser-dali-h-718wb-220v-50hz-1ph\/","og_site_name":"An Ph\u00e1t","article_modified_time":"2026-04-13T07:39:50+00:00","og_image":[{"width":1200,"height":1200,"url":"https:\/\/anphatvn.com.vn\/wp-content\/uploads\/2026\/02\/SP38297.jpg","type":"image\/jpeg"}],"twitter_card":"summary_large_image","twitter_misc":{"Est. reading time":"1 minute"},"schema":{"@context":"https:\/\/schema.org","@graph":[{"@type":"WebPage","@id":"https:\/\/anphatvn.com.vn\/san-pham\/may-can-bang-lop-co-laser-dali-h-718wb-220v-50hz-1ph\/","url":"https:\/\/anphatvn.com.vn\/san-pham\/may-can-bang-lop-co-laser-dali-h-718wb-220v-50hz-1ph\/","name":"M\u00e1y c\u00e2n b\u1eb1ng l\u1ed1p c\u00f3 laser DALI H-718WB (220V\/50Hz\/1Ph) - An Ph\u00e1t","isPartOf":{"@id":"https:\/\/anphatvn.com.vn\/#website"},"primaryImageOfPage":{"@id":"https:\/\/anphatvn.com.vn\/san-pham\/may-can-bang-lop-co-laser-dali-h-718wb-220v-50hz-1ph\/#primaryimage"},"image":{"@id":"https:\/\/anphatvn.com.vn\/san-pham\/may-can-bang-lop-co-laser-dali-h-718wb-220v-50hz-1ph\/#primaryimage"},"thumbnailUrl":"https:\/\/anphatvn.com.vn\/wp-content\/uploads\/2026\/02\/SP38297.jpg","datePublished":"2026-02-10T04:16:39+00:00","dateModified":"2026-04-13T07:39:50+00:00","breadcrumb":{"@id":"https:\/\/anphatvn.com.vn\/san-pham\/may-can-bang-lop-co-laser-dali-h-718wb-220v-50hz-1ph\/#breadcrumb"},"inLanguage":"en-US","potentialAction":[{"@type":"ReadAction","target":["https:\/\/anphatvn.com.vn\/san-pham\/may-can-bang-lop-co-laser-dali-h-718wb-220v-50hz-1ph\/"]}]},{"@type":"ImageObject","inLanguage":"en-US","@id":"https:\/\/anphatvn.com.vn\/san-pham\/may-can-bang-lop-co-laser-dali-h-718wb-220v-50hz-1ph\/#primaryimage","url":"https:\/\/anphatvn.com.vn\/wp-content\/uploads\/2026\/02\/SP38297.jpg","contentUrl":"https:\/\/anphatvn.com.vn\/wp-content\/uploads\/2026\/02\/SP38297.jpg","width":1200,"height":1200},{"@type":"BreadcrumbList","@id":"https:\/\/anphatvn.com.vn\/san-pham\/may-can-bang-lop-co-laser-dali-h-718wb-220v-50hz-1ph\/#breadcrumb","itemListElement":[{"@type":"ListItem","position":1,"name":"Trang ch\u1ee7","item":"https:\/\/anphatvn.com.vn\/"},{"@type":"ListItem","position":2,"name":"S\u1ea3n ph\u1ea9m","item":"https:\/\/anphatvn.com.vn\/san-pham\/"},{"@type":"ListItem","position":3,"name":"M\u00e1y c\u00e2n b\u1eb1ng l\u1ed1p c\u00f3 laser DALI H-718WB (220V\/50Hz\/1Ph)"}]},{"@type":"WebSite","@id":"https:\/\/anphatvn.com.vn\/#website","url":"https:\/\/anphatvn.com.vn\/","name":"An Ph\u00e1t","description":"","publisher":{"@id":"https:\/\/anphatvn.com.vn\/#organization"},"potentialAction":[{"@type":"SearchAction","target":{"@type":"EntryPoint","urlTemplate":"https:\/\/anphatvn.com.vn\/?s={search_term_string}"},"query-input":{"@type":"PropertyValueSpecification","valueRequired":true,"valueName":"search_term_string"}}],"inLanguage":"en-US"},{"@type":"Organization","@id":"https:\/\/anphatvn.com.vn\/#organization","name":"An Ph\u00e1t","url":"https:\/\/anphatvn.com.vn\/","logo":{"@type":"ImageObject","inLanguage":"en-US","@id":"https:\/\/anphatvn.com.vn\/#\/schema\/logo\/image\/","url":"https:\/\/anphatvn.com.vn\/wp-content\/uploads\/2025\/12\/an-phat-logo.png","contentUrl":"https:\/\/anphatvn.com.vn\/wp-content\/uploads\/2025\/12\/an-phat-logo.png","width":74,"height":68,"caption":"An Ph\u00e1t"},"image":{"@id":"https:\/\/anphatvn.com.vn\/#\/schema\/logo\/image\/"}}]}},"_links":{"self":[{"href":"https:\/\/anphatvn.com.vn\/en\/wp-json\/wp\/v2\/product\/3267","targetHints":{"allow":["GET"]}}],"collection":[{"href":"https:\/\/anphatvn.com.vn\/en\/wp-json\/wp\/v2\/product"}],"about":[{"href":"https:\/\/anphatvn.com.vn\/en\/wp-json\/wp\/v2\/types\/product"}],"replies":[{"embeddable":true,"href":"https:\/\/anphatvn.com.vn\/en\/wp-json\/wp\/v2\/comments?post=3267"}],"wp:featuredmedia":[{"embeddable":true,"href":"https:\/\/anphatvn.com.vn\/en\/wp-json\/wp\/v2\/media\/3172"}],"wp:attachment":[{"href":"https:\/\/anphatvn.com.vn\/en\/wp-json\/wp\/v2\/media?parent=3267"}],"wp:term":[{"taxonomy":"product_brand","embeddable":true,"href":"https:\/\/anphatvn.com.vn\/en\/wp-json\/wp\/v2\/product_brand?post=3267"},{"taxonomy":"product_cat","embeddable":true,"href":"https:\/\/anphatvn.com.vn\/en\/wp-json\/wp\/v2\/product_cat?post=3267"},{"taxonomy":"product_tag","embeddable":true,"href":"https:\/\/anphatvn.com.vn\/en\/wp-json\/wp\/v2\/product_tag?post=3267"}],"curies":[{"name":"wp","href":"https:\/\/api.w.org\/{rel}","templated":true}]}}