{"id":3265,"date":"2026-02-10T11:16:39","date_gmt":"2026-02-10T04:16:39","guid":{"rendered":"https:\/\/anphatco.123websitedev.com\/san-pham\/may-ra-vao-lop-daliqibao-g-620r-5-220v-50hz-1ph-5pedals-khong-tay-ti-de-tyre-changer\/"},"modified":"2026-02-12T16:45:59","modified_gmt":"2026-02-12T09:45:59","slug":"may-ra-vao-lop-daliqibao-g-620r-5-220v-50hz-1ph-5pedals-khong-tay-ti-de-tyre-changer","status":"publish","type":"product","link":"https:\/\/anphatvn.com.vn\/en\/product\/may-ra-vao-lop-daliqibao-g-620r-5-220v-50hz-1ph-5pedals-khong-tay-ti-de-tyre-changer\/","title":{"rendered":"DALIQIBAO G-620R-5 Tire Changer (220V\/ 50Hz\/ 1Ph\/ 5 pedals, no pressure arm) (TIRE CHANGER)"},"content":{"rendered":"","protected":false},"excerpt":{"rendered":"","protected":false},"featured_media":3161,"comment_status":"closed","ping_status":"open","template":"","meta":[],"product_brand":[136],"product_cat":[69,90],"product_tag":[],"class_list":{"0":"post-3265","1":"product","2":"type-product","3":"status-publish","4":"has-post-thumbnail","6":"product_brand-daliqibao","7":"product_cat-may-ra-vao-lop","8":"product_cat-may-moc-thiet-bi","10":"first","11":"instock","12":"product-type-simple"},"acf":[],"ct_brands":[{"id":136,"name":"Daliqibao","slug":"daliqibao"}],"yoast_head":"<!-- This site is optimized with the Yoast SEO Premium plugin v25.6 (Yoast SEO v25.6) - https:\/\/yoast.com\/wordpress\/plugins\/seo\/ -->\n<title>M\u00e1y ra v\u00e0o l\u1ed1p &quot;DALIQIBAO&quot; G-620R-5 (220V\/ 50Hz\/ 1Ph\/ 5pedals, kh\u00f4ng tay t\u00ec \u0111\u00e8) (TYRE CHANGER) - An Ph\u00e1t<\/title>\n<meta name=\"robots\" content=\"index, follow, max-snippet:-1, max-image-preview:large, max-video-preview:-1\" \/>\n<link rel=\"canonical\" href=\"https:\/\/anphatvn.com.vn\/en\/product\/may-ra-vao-lop-daliqibao-g-620r-5-220v-50hz-1ph-5pedals-khong-tay-ti-de-tyre-changer\/\" \/>\n<meta property=\"og:locale\" content=\"en_US\" \/>\n<meta property=\"og:type\" content=\"article\" \/>\n<meta property=\"og:title\" content=\"M\u00e1y ra v\u00e0o l\u1ed1p &quot;DALIQIBAO&quot; G-620R-5 (220V\/ 50Hz\/ 1Ph\/ 5pedals, kh\u00f4ng tay t\u00ec \u0111\u00e8) (TYRE CHANGER)\" \/>\n<meta property=\"og:url\" content=\"https:\/\/anphatvn.com.vn\/en\/product\/may-ra-vao-lop-daliqibao-g-620r-5-220v-50hz-1ph-5pedals-khong-tay-ti-de-tyre-changer\/\" \/>\n<meta property=\"og:site_name\" content=\"An Ph\u00e1t\" \/>\n<meta property=\"article:modified_time\" content=\"2026-02-12T09:45:59+00:00\" \/>\n<meta property=\"og:image\" content=\"https:\/\/anphatvn.com.vn\/wp-content\/uploads\/2026\/02\/SP32299.jpg\" \/>\n\t<meta property=\"og:image:width\" content=\"1200\" \/>\n\t<meta property=\"og:image:height\" content=\"1200\" \/>\n\t<meta property=\"og:image:type\" content=\"image\/jpeg\" \/>\n<meta name=\"twitter:card\" content=\"summary_large_image\" \/>\n<script type=\"application\/ld+json\" class=\"yoast-schema-graph\">{\"@context\":\"https:\/\/schema.org\",\"@graph\":[{\"@type\":\"WebPage\",\"@id\":\"https:\/\/anphatvn.com.vn\/san-pham\/may-ra-vao-lop-daliqibao-g-620r-5-220v-50hz-1ph-5pedals-khong-tay-ti-de-tyre-changer\/\",\"url\":\"https:\/\/anphatvn.com.vn\/san-pham\/may-ra-vao-lop-daliqibao-g-620r-5-220v-50hz-1ph-5pedals-khong-tay-ti-de-tyre-changer\/\",\"name\":\"M\u00e1y ra v\u00e0o l\u1ed1p \\\"DALIQIBAO\\\" G-620R-5 (220V\/ 50Hz\/ 1Ph\/ 5pedals, kh\u00f4ng tay t\u00ec \u0111\u00e8) (TYRE CHANGER) - An Ph\u00e1t\",\"isPartOf\":{\"@id\":\"https:\/\/anphatvn.com.vn\/#website\"},\"primaryImageOfPage\":{\"@id\":\"https:\/\/anphatvn.com.vn\/san-pham\/may-ra-vao-lop-daliqibao-g-620r-5-220v-50hz-1ph-5pedals-khong-tay-ti-de-tyre-changer\/#primaryimage\"},\"image\":{\"@id\":\"https:\/\/anphatvn.com.vn\/san-pham\/may-ra-vao-lop-daliqibao-g-620r-5-220v-50hz-1ph-5pedals-khong-tay-ti-de-tyre-changer\/#primaryimage\"},\"thumbnailUrl\":\"https:\/\/anphatvn.com.vn\/wp-content\/uploads\/2026\/02\/SP32299.jpg\",\"datePublished\":\"2026-02-10T04:16:39+00:00\",\"dateModified\":\"2026-02-12T09:45:59+00:00\",\"breadcrumb\":{\"@id\":\"https:\/\/anphatvn.com.vn\/san-pham\/may-ra-vao-lop-daliqibao-g-620r-5-220v-50hz-1ph-5pedals-khong-tay-ti-de-tyre-changer\/#breadcrumb\"},\"inLanguage\":\"en-US\",\"potentialAction\":[{\"@type\":\"ReadAction\",\"target\":[\"https:\/\/anphatvn.com.vn\/san-pham\/may-ra-vao-lop-daliqibao-g-620r-5-220v-50hz-1ph-5pedals-khong-tay-ti-de-tyre-changer\/\"]}]},{\"@type\":\"ImageObject\",\"inLanguage\":\"en-US\",\"@id\":\"https:\/\/anphatvn.com.vn\/san-pham\/may-ra-vao-lop-daliqibao-g-620r-5-220v-50hz-1ph-5pedals-khong-tay-ti-de-tyre-changer\/#primaryimage\",\"url\":\"https:\/\/anphatvn.com.vn\/wp-content\/uploads\/2026\/02\/SP32299.jpg\",\"contentUrl\":\"https:\/\/anphatvn.com.vn\/wp-content\/uploads\/2026\/02\/SP32299.jpg\",\"width\":1200,\"height\":1200},{\"@type\":\"BreadcrumbList\",\"@id\":\"https:\/\/anphatvn.com.vn\/san-pham\/may-ra-vao-lop-daliqibao-g-620r-5-220v-50hz-1ph-5pedals-khong-tay-ti-de-tyre-changer\/#breadcrumb\",\"itemListElement\":[{\"@type\":\"ListItem\",\"position\":1,\"name\":\"Trang ch\u1ee7\",\"item\":\"https:\/\/anphatvn.com.vn\/\"},{\"@type\":\"ListItem\",\"position\":2,\"name\":\"S\u1ea3n ph\u1ea9m\",\"item\":\"https:\/\/anphatvn.com.vn\/san-pham\/\"},{\"@type\":\"ListItem\",\"position\":3,\"name\":\"M\u00e1y ra v\u00e0o l\u1ed1p &#8220;DALIQIBAO&#8221; G-620R-5 (220V\/ 50Hz\/ 1Ph\/ 5pedals, kh\u00f4ng tay t\u00ec \u0111\u00e8) (TYRE CHANGER)\"}]},{\"@type\":\"WebSite\",\"@id\":\"https:\/\/anphatvn.com.vn\/#website\",\"url\":\"https:\/\/anphatvn.com.vn\/\",\"name\":\"An Ph\u00e1t\",\"description\":\"\",\"publisher\":{\"@id\":\"https:\/\/anphatvn.com.vn\/#organization\"},\"potentialAction\":[{\"@type\":\"SearchAction\",\"target\":{\"@type\":\"EntryPoint\",\"urlTemplate\":\"https:\/\/anphatvn.com.vn\/?s={search_term_string}\"},\"query-input\":{\"@type\":\"PropertyValueSpecification\",\"valueRequired\":true,\"valueName\":\"search_term_string\"}}],\"inLanguage\":\"en-US\"},{\"@type\":\"Organization\",\"@id\":\"https:\/\/anphatvn.com.vn\/#organization\",\"name\":\"An Ph\u00e1t\",\"url\":\"https:\/\/anphatvn.com.vn\/\",\"logo\":{\"@type\":\"ImageObject\",\"inLanguage\":\"en-US\",\"@id\":\"https:\/\/anphatvn.com.vn\/#\/schema\/logo\/image\/\",\"url\":\"https:\/\/anphatvn.com.vn\/wp-content\/uploads\/2025\/12\/an-phat-logo.png\",\"contentUrl\":\"https:\/\/anphatvn.com.vn\/wp-content\/uploads\/2025\/12\/an-phat-logo.png\",\"width\":74,\"height\":68,\"caption\":\"An Ph\u00e1t\"},\"image\":{\"@id\":\"https:\/\/anphatvn.com.vn\/#\/schema\/logo\/image\/\"}}]}<\/script>\n<!-- \/ Yoast SEO Premium plugin. -->","yoast_head_json":{"title":"M\u00e1y ra v\u00e0o l\u1ed1p \"DALIQIBAO\" G-620R-5 (220V\/ 50Hz\/ 1Ph\/ 5pedals, kh\u00f4ng tay t\u00ec \u0111\u00e8) (TYRE CHANGER) - An Ph\u00e1t","robots":{"index":"index","follow":"follow","max-snippet":"max-snippet:-1","max-image-preview":"max-image-preview:large","max-video-preview":"max-video-preview:-1"},"canonical":"https:\/\/anphatvn.com.vn\/en\/product\/may-ra-vao-lop-daliqibao-g-620r-5-220v-50hz-1ph-5pedals-khong-tay-ti-de-tyre-changer\/","og_locale":"en_US","og_type":"article","og_title":"M\u00e1y ra v\u00e0o l\u1ed1p \"DALIQIBAO\" G-620R-5 (220V\/ 50Hz\/ 1Ph\/ 5pedals, kh\u00f4ng tay t\u00ec \u0111\u00e8) (TYRE CHANGER)","og_url":"https:\/\/anphatvn.com.vn\/en\/product\/may-ra-vao-lop-daliqibao-g-620r-5-220v-50hz-1ph-5pedals-khong-tay-ti-de-tyre-changer\/","og_site_name":"An Ph\u00e1t","article_modified_time":"2026-02-12T09:45:59+00:00","og_image":[{"width":1200,"height":1200,"url":"https:\/\/anphatvn.com.vn\/wp-content\/uploads\/2026\/02\/SP32299.jpg","type":"image\/jpeg"}],"twitter_card":"summary_large_image","schema":{"@context":"https:\/\/schema.org","@graph":[{"@type":"WebPage","@id":"https:\/\/anphatvn.com.vn\/san-pham\/may-ra-vao-lop-daliqibao-g-620r-5-220v-50hz-1ph-5pedals-khong-tay-ti-de-tyre-changer\/","url":"https:\/\/anphatvn.com.vn\/san-pham\/may-ra-vao-lop-daliqibao-g-620r-5-220v-50hz-1ph-5pedals-khong-tay-ti-de-tyre-changer\/","name":"M\u00e1y ra v\u00e0o l\u1ed1p \"DALIQIBAO\" G-620R-5 (220V\/ 50Hz\/ 1Ph\/ 5pedals, kh\u00f4ng tay t\u00ec \u0111\u00e8) (TYRE CHANGER) - An Ph\u00e1t","isPartOf":{"@id":"https:\/\/anphatvn.com.vn\/#website"},"primaryImageOfPage":{"@id":"https:\/\/anphatvn.com.vn\/san-pham\/may-ra-vao-lop-daliqibao-g-620r-5-220v-50hz-1ph-5pedals-khong-tay-ti-de-tyre-changer\/#primaryimage"},"image":{"@id":"https:\/\/anphatvn.com.vn\/san-pham\/may-ra-vao-lop-daliqibao-g-620r-5-220v-50hz-1ph-5pedals-khong-tay-ti-de-tyre-changer\/#primaryimage"},"thumbnailUrl":"https:\/\/anphatvn.com.vn\/wp-content\/uploads\/2026\/02\/SP32299.jpg","datePublished":"2026-02-10T04:16:39+00:00","dateModified":"2026-02-12T09:45:59+00:00","breadcrumb":{"@id":"https:\/\/anphatvn.com.vn\/san-pham\/may-ra-vao-lop-daliqibao-g-620r-5-220v-50hz-1ph-5pedals-khong-tay-ti-de-tyre-changer\/#breadcrumb"},"inLanguage":"en-US","potentialAction":[{"@type":"ReadAction","target":["https:\/\/anphatvn.com.vn\/san-pham\/may-ra-vao-lop-daliqibao-g-620r-5-220v-50hz-1ph-5pedals-khong-tay-ti-de-tyre-changer\/"]}]},{"@type":"ImageObject","inLanguage":"en-US","@id":"https:\/\/anphatvn.com.vn\/san-pham\/may-ra-vao-lop-daliqibao-g-620r-5-220v-50hz-1ph-5pedals-khong-tay-ti-de-tyre-changer\/#primaryimage","url":"https:\/\/anphatvn.com.vn\/wp-content\/uploads\/2026\/02\/SP32299.jpg","contentUrl":"https:\/\/anphatvn.com.vn\/wp-content\/uploads\/2026\/02\/SP32299.jpg","width":1200,"height":1200},{"@type":"BreadcrumbList","@id":"https:\/\/anphatvn.com.vn\/san-pham\/may-ra-vao-lop-daliqibao-g-620r-5-220v-50hz-1ph-5pedals-khong-tay-ti-de-tyre-changer\/#breadcrumb","itemListElement":[{"@type":"ListItem","position":1,"name":"Trang ch\u1ee7","item":"https:\/\/anphatvn.com.vn\/"},{"@type":"ListItem","position":2,"name":"S\u1ea3n ph\u1ea9m","item":"https:\/\/anphatvn.com.vn\/san-pham\/"},{"@type":"ListItem","position":3,"name":"M\u00e1y ra v\u00e0o l\u1ed1p &#8220;DALIQIBAO&#8221; G-620R-5 (220V\/ 50Hz\/ 1Ph\/ 5pedals, kh\u00f4ng tay t\u00ec \u0111\u00e8) (TYRE CHANGER)"}]},{"@type":"WebSite","@id":"https:\/\/anphatvn.com.vn\/#website","url":"https:\/\/anphatvn.com.vn\/","name":"An Ph\u00e1t","description":"","publisher":{"@id":"https:\/\/anphatvn.com.vn\/#organization"},"potentialAction":[{"@type":"SearchAction","target":{"@type":"EntryPoint","urlTemplate":"https:\/\/anphatvn.com.vn\/?s={search_term_string}"},"query-input":{"@type":"PropertyValueSpecification","valueRequired":true,"valueName":"search_term_string"}}],"inLanguage":"en-US"},{"@type":"Organization","@id":"https:\/\/anphatvn.com.vn\/#organization","name":"An Ph\u00e1t","url":"https:\/\/anphatvn.com.vn\/","logo":{"@type":"ImageObject","inLanguage":"en-US","@id":"https:\/\/anphatvn.com.vn\/#\/schema\/logo\/image\/","url":"https:\/\/anphatvn.com.vn\/wp-content\/uploads\/2025\/12\/an-phat-logo.png","contentUrl":"https:\/\/anphatvn.com.vn\/wp-content\/uploads\/2025\/12\/an-phat-logo.png","width":74,"height":68,"caption":"An Ph\u00e1t"},"image":{"@id":"https:\/\/anphatvn.com.vn\/#\/schema\/logo\/image\/"}}]}},"_links":{"self":[{"href":"https:\/\/anphatvn.com.vn\/en\/wp-json\/wp\/v2\/product\/3265","targetHints":{"allow":["GET"]}}],"collection":[{"href":"https:\/\/anphatvn.com.vn\/en\/wp-json\/wp\/v2\/product"}],"about":[{"href":"https:\/\/anphatvn.com.vn\/en\/wp-json\/wp\/v2\/types\/product"}],"replies":[{"embeddable":true,"href":"https:\/\/anphatvn.com.vn\/en\/wp-json\/wp\/v2\/comments?post=3265"}],"wp:featuredmedia":[{"embeddable":true,"href":"https:\/\/anphatvn.com.vn\/en\/wp-json\/wp\/v2\/media\/3161"}],"wp:attachment":[{"href":"https:\/\/anphatvn.com.vn\/en\/wp-json\/wp\/v2\/media?parent=3265"}],"wp:term":[{"taxonomy":"product_brand","embeddable":true,"href":"https:\/\/anphatvn.com.vn\/en\/wp-json\/wp\/v2\/product_brand?post=3265"},{"taxonomy":"product_cat","embeddable":true,"href":"https:\/\/anphatvn.com.vn\/en\/wp-json\/wp\/v2\/product_cat?post=3265"},{"taxonomy":"product_tag","embeddable":true,"href":"https:\/\/anphatvn.com.vn\/en\/wp-json\/wp\/v2\/product_tag?post=3265"}],"curies":[{"name":"wp","href":"https:\/\/api.w.org\/{rel}","templated":true}]}}